{"id":152,"date":"2020-06-13T20:06:01","date_gmt":"2020-06-13T18:06:01","guid":{"rendered":"http:\/\/angelfacio.com\/?page_id=152"},"modified":"2020-11-20T18:17:07","modified_gmt":"2020-11-20T17:17:07","slug":"teatro-independiente","status":"publish","type":"page","link":"https:\/\/angelfacio.com\/index.php\/teatro-independiente\/","title":{"rendered":"Teatro Independiente"},"content":{"rendered":"\t\t<div data-elementor-type=\"wp-page\" data-elementor-id=\"152\" class=\"elementor elementor-152\">\n\t\t\t\t\t\t<section class=\"elementor-section elementor-top-section elementor-element elementor-element-13dd2ef2 elementor-section-boxed elementor-section-height-default elementor-section-height-default\" data-id=\"13dd2ef2\" data-element_type=\"section\" data-e-type=\"section\">\n\t\t\t\t\t\t<div class=\"elementor-container elementor-column-gap-default\">\n\t\t\t\t\t<div class=\"elementor-column elementor-col-100 elementor-top-column elementor-element elementor-element-a46c728\" data-id=\"a46c728\" data-element_type=\"column\" data-e-type=\"column\">\n\t\t\t<div class=\"elementor-widget-wrap elementor-element-populated\">\n\t\t\t\t\t\t<div class=\"elementor-element elementor-element-33f02b97 elementor-widget elementor-widget-heading\" data-id=\"33f02b97\" data-element_type=\"widget\" data-e-type=\"widget\" data-widget_type=\"heading.default\">\n\t\t\t\t<div class=\"elementor-widget-container\">\n\t\t\t\t\t<h2 class=\"elementor-heading-title elementor-size-default\">Teatro Independiente<\/h2>\t\t\t\t<\/div>\n\t\t\t\t<\/div>\n\t\t\t\t\t<\/div>\n\t\t<\/div>\n\t\t\t\t\t<\/div>\n\t\t<\/section>\n\t\t\t\t<section class=\"elementor-section elementor-top-section elementor-element elementor-element-4d03b5c1 elementor-section-height-min-height elementor-section-boxed elementor-section-height-default elementor-section-items-middle\" data-id=\"4d03b5c1\" data-element_type=\"section\" data-e-type=\"section\">\n\t\t\t\t\t\t<div class=\"elementor-container elementor-column-gap-default\">\n\t\t\t\t\t<div class=\"elementor-column elementor-col-100 elementor-top-column elementor-element elementor-element-51fac6d2\" data-id=\"51fac6d2\" data-element_type=\"column\" data-e-type=\"column\">\n\t\t\t<div class=\"elementor-widget-wrap elementor-element-populated\">\n\t\t\t\t\t\t<div class=\"elementor-element elementor-element-4d3f6a95 elementor-widget elementor-widget-text-editor\" data-id=\"4d3f6a95\" data-element_type=\"widget\" data-e-type=\"widget\" data-widget_type=\"text-editor.default\">\n\t\t\t\t<div class=\"elementor-widget-container\">\n\t\t\t\t\t\t\t\t\t<p>\u00abDefendemos nuestra opci\u00f3n por una experiencia colectiva del Teatro\u00bb. \u00abUn nuevo tipo de teatro, en un nuevo tipo de sala, con un nuevo p\u00fablico. Trabajando con nuevos actores y con nuevos medios\u00bb. <span style=\"color: #808080;\">(Entrevista. <em>La Gaceta del Norte<\/em>, s\u00e1bado 31 de enero de 1979).<\/span><\/p><p>Los Cuadernos de Direcci\u00f3n y otros documentos de los montajes puedes consultarlos en\u00a0<span style=\"color: #fc3030;\"><a style=\"color: #fc3030;\" href=\"http:\/\/archivos-fundacionlosgoliardos.com\/\" target=\"_blank\" rel=\"noopener\"><span style=\"font-weight: bold;\"><span style=\"color: #ff0000;\">Archivos<\/span> <span style=\"color: #ff0000;\">Fundaci\u00f3n<\/span> <span style=\"color: #ff0000;\">Los<\/span> <span style=\"color: #ff0000;\">Goliardos<\/span>.<\/span><\/a><\/span><\/p>\t\t\t\t\t\t\t\t<\/div>\n\t\t\t\t<\/div>\n\t\t\t\t<section class=\"elementor-section elementor-inner-section elementor-element elementor-element-56b3bdf elementor-section-boxed elementor-section-height-default elementor-section-height-default\" data-id=\"56b3bdf\" data-element_type=\"section\" data-e-type=\"section\">\n\t\t\t\t\t\t<div class=\"elementor-container elementor-column-gap-default\">\n\t\t\t\t\t<div class=\"elementor-column elementor-col-50 elementor-inner-column elementor-element elementor-element-ac6c095\" data-id=\"ac6c095\" data-element_type=\"column\" data-e-type=\"column\">\n\t\t\t<div class=\"elementor-widget-wrap elementor-element-populated\">\n\t\t\t\t\t\t<div class=\"elementor-element elementor-element-1dd0ea2 elementor-widget elementor-widget-text-editor\" data-id=\"1dd0ea2\" data-element_type=\"widget\" data-e-type=\"widget\" data-widget_type=\"text-editor.default\">\n\t\t\t\t<div class=\"elementor-widget-container\">\n\t\t\t\t\t\t\t\t\t<ul><li><em><strong>El otro, <\/strong><\/em>de Unamuno. 1964.<\/li><li><strong><em>La puerta en las narices<\/em><\/strong>, de Borchert. (Prohibida por la censura) 1965.<\/li><li><em><strong>Farsa del triunfo del Sacramento<\/strong><\/em>, an\u00f3nimo espa\u00f1ol siglo XVI. 1965.<\/li><li><strong><em>Emmanuel<\/em><\/strong>, <strong>espect\u00e1culo cr\u00edtico para una Navidad<\/strong>. 1965.<\/li><li><em><strong>Architruque<\/strong><\/em>, de Robert Pinget. 1965<\/li><li><em><strong>La hip\u00f3tesis<\/strong><\/em>, de Robert Pinget. 1965. <a href=\"https:\/\/angelfacio.com\/index.php\/2020\/08\/27\/cd-la-hipotesis\/\">\u00a0<\/a><\/li><li><em><strong>Antes del desayuno<\/strong><\/em>, de O&#8217;Neill, 1965<\/li><li><em><strong>Ceremonia por un negro asesinado<\/strong><\/em>, de Arrabal. 1966.<\/li><li><em><strong>Beckett 66<\/strong><\/em>, tres piezas cortas de Samuel Beckett . 1966. <a href=\"https:\/\/angelfacio.com\/index.php\/2020\/08\/26\/cd_beckett_66-2\/\">\u00a0<\/a><\/li><li><em><strong>Strip-tease, <\/strong><\/em>de Mrozek. 1966. <a href=\"https:\/\/angelfacio.com\/index.php\/2020\/08\/27\/strip-tease\/\">\u00a0<\/a><\/li><li><em><strong>La noche de los asesinos<\/strong><\/em>, de Triana. 1967.<\/li><li><em><strong>Dario y Valle: Cara y Cruz del Modernismo <\/strong><\/em>(Conferencia ilustrada). 1967<\/li><li><em><strong>Historias de Juan de Buenalma<\/strong><\/em>, de Lope de Rueda. 1968-69. <a href=\"https:\/\/angelfacio.com\/index.php\/2020\/08\/27\/historias_de_juan_de_buenalma\/\">\u00a0<\/a><\/li><li><em><strong>La boda de los peque\u00f1os burgueses<\/strong><\/em>, de Brecht. 1970-74. \u00a0<\/li><li><em><strong>San Donju\u00e1n, <\/strong><\/em>collage de cl\u00e1sicos espa\u00f1oles sobre el mito de Don Juan,\u00a0 <br \/>de A. Facio. (Prohibida por la censura) 1975\u00a0 <a href=\"https:\/\/angelfacio.com\/index.php\/2020\/08\/25\/san-donjuan\">\u00a0\u00a0<\/a><\/li><\/ul>\t\t\t\t\t\t\t\t<\/div>\n\t\t\t\t<\/div>\n\t\t\t\t\t<\/div>\n\t\t<\/div>\n\t\t\t\t<div class=\"elementor-column elementor-col-50 elementor-inner-column elementor-element elementor-element-d8d9cc4\" data-id=\"d8d9cc4\" data-element_type=\"column\" data-e-type=\"column\">\n\t\t\t<div class=\"elementor-widget-wrap elementor-element-populated\">\n\t\t\t\t\t\t<div class=\"elementor-element elementor-element-b18a788 elementor-arrows-position-inside elementor-pagination-position-outside elementor-widget elementor-widget-image-carousel\" data-id=\"b18a788\" data-element_type=\"widget\" data-e-type=\"widget\" data-settings=\"{&quot;slides_to_show&quot;:&quot;1&quot;,&quot;effect&quot;:&quot;fade&quot;,&quot;navigation&quot;:&quot;both&quot;,&quot;autoplay&quot;:&quot;yes&quot;,&quot;pause_on_hover&quot;:&quot;yes&quot;,&quot;pause_on_interaction&quot;:&quot;yes&quot;,&quot;autoplay_speed&quot;:5000,&quot;infinite&quot;:&quot;yes&quot;,&quot;speed&quot;:500}\" data-widget_type=\"image-carousel.default\">\n\t\t\t\t<div class=\"elementor-widget-container\">\n\t\t\t\t\t\t\t<div class=\"elementor-image-carousel-wrapper swiper\" role=\"region\" aria-roledescription=\"carousel\" aria-label=\"Carrusel de im\u00e1genes\" dir=\"ltr\">\n\t\t\t<div class=\"elementor-image-carousel swiper-wrapper\" aria-live=\"off\">\n\t\t\t\t\t\t\t\t<div class=\"swiper-slide\" role=\"group\" aria-roledescription=\"slide\" aria-label=\"1 de 7\"><a data-elementor-open-lightbox=\"yes\" data-elementor-lightbox-slideshow=\"b18a788\" data-elementor-lightbox-title=\"Revista Gente Joven - art\u00edculo de Jos\u00e9 Mar\u00eda de Juana - Fotos Jorge Rueda\" data-e-action-hash=\"#elementor-action%3Aaction%3Dlightbox%26settings%3DeyJpZCI6MjY4NiwidXJsIjoiaHR0cHM6XC9cL2FuZ2VsZmFjaW8uY29tXC93cC1jb250ZW50XC91cGxvYWRzXC8yMDIwXC8wOVwvTG9zLUdvbGlhcmRvcy11bmEtcmV2b2x1Y2lvbi1lbi1lbC10ZWF0cm8tUFJFTlNBLTAwMi0xLmpwZyIsInNsaWRlc2hvdyI6ImIxOGE3ODgifQ%3D%3D\" href=\"https:\/\/angelfacio.com\/wp-content\/uploads\/2020\/09\/Los-Goliardos-una-revolucion-en-el-teatro-PRENSA-002-1.jpg\"><figure class=\"swiper-slide-inner\"><img decoding=\"async\" class=\"swiper-slide-image lazyload\" data-src=\"https:\/\/angelfacio.com\/wp-content\/uploads\/elementor\/thumbs\/Los-Goliardos-una-revolucion-en-el-teatro-PRENSA-002-1-qukv6si2ei58pzz39sql5tuwp0bnqox9lf5ajjn92c.jpg\" alt=\"Revista Gente Joven Art\u00edculo de Jos\u00e9 Mar\u00eda de Juana - Fotos Jorge Rueda\" src=\"data:image\/svg+xml;base64,PHN2ZyB3aWR0aD0iMSIgaGVpZ2h0PSIxIiB4bWxucz0iaHR0cDovL3d3dy53My5vcmcvMjAwMC9zdmciPjwvc3ZnPg==\" style=\"--smush-placeholder-width: 450px; --smush-placeholder-aspect-ratio: 450\/618;\" \/><figcaption class=\"elementor-image-carousel-caption\">Revista Gente Joven <br \/>Art\u00edculo de Jos\u00e9 Mar\u00eda de Juana - Fotos Jorge Rueda<\/figcaption><\/figure><\/a><\/div><div class=\"swiper-slide\" role=\"group\" aria-roledescription=\"slide\" aria-label=\"2 de 7\"><a data-elementor-open-lightbox=\"yes\" data-elementor-lightbox-slideshow=\"b18a788\" data-elementor-lightbox-title=\"Manifiesto de Los Goliardos\" data-e-action-hash=\"#elementor-action%3Aaction%3Dlightbox%26settings%3DeyJpZCI6NDM3MiwidXJsIjoiaHR0cHM6XC9cL2FuZ2VsZmFjaW8uY29tXC93cC1jb250ZW50XC91cGxvYWRzXC8yMDIwXC8xMFwvbWFuaWZpZXN0by1nb2xpYXJkby5qcGciLCJzbGlkZXNob3ciOiJiMThhNzg4In0%3D\" href=\"https:\/\/angelfacio.com\/wp-content\/uploads\/2020\/10\/manifiesto-goliardo.jpg\"><figure class=\"swiper-slide-inner\"><img decoding=\"async\" class=\"swiper-slide-image lazyload\" data-src=\"https:\/\/angelfacio.com\/wp-content\/uploads\/elementor\/thumbs\/manifiesto-goliardo-qukv6lx72nw8gq8nc7w76diojb838t758ikw6lx0jw.jpg\" alt=\"Manifiesto de Los Goliardos\" src=\"data:image\/svg+xml;base64,PHN2ZyB3aWR0aD0iMSIgaGVpZ2h0PSIxIiB4bWxucz0iaHR0cDovL3d3dy53My5vcmcvMjAwMC9zdmciPjwvc3ZnPg==\" style=\"--smush-placeholder-width: 450px; --smush-placeholder-aspect-ratio: 450\/654;\" \/><figcaption class=\"elementor-image-carousel-caption\">Manifiesto de Los Goliardos<\/figcaption><\/figure><\/a><\/div><div class=\"swiper-slide\" role=\"group\" aria-roledescription=\"slide\" aria-label=\"3 de 7\"><a data-elementor-open-lightbox=\"yes\" data-elementor-lightbox-slideshow=\"b18a788\" data-elementor-lightbox-title=\"Auto del Triunfo del Sacramento - Invitaci\u00f3n del C\u00edrculo Cultural Miguel de Unamuno\" data-e-action-hash=\"#elementor-action%3Aaction%3Dlightbox%26settings%3DeyJpZCI6Mjc5OSwidXJsIjoiaHR0cHM6XC9cL2FuZ2VsZmFjaW8uY29tXC93cC1jb250ZW50XC91cGxvYWRzXC8yMDIwXC8wOVwvU0tNQlRfQzY1MkQxNDA1MDcyMDU4MF8wMDAxLmpwZyIsInNsaWRlc2hvdyI6ImIxOGE3ODgifQ%3D%3D\" href=\"https:\/\/angelfacio.com\/wp-content\/uploads\/2020\/09\/SKMBT_C652D14050720580_0001.jpg\"><figure class=\"swiper-slide-inner\"><img decoding=\"async\" class=\"swiper-slide-image lazyload\" data-src=\"https:\/\/angelfacio.com\/wp-content\/uploads\/elementor\/thumbs\/SKMBT_C652D14050720580_0001-qukv6oqpn603fk4jvr42vut2bgu6vwic8wjcmfsuli.jpg\" alt=\"Auto del Triunfo del Sacramento Invitaci\u00f3n del C\u00edrculo Cultural Miguel de Unamuno\" src=\"data:image\/svg+xml;base64,PHN2ZyB3aWR0aD0iMSIgaGVpZ2h0PSIxIiB4bWxucz0iaHR0cDovL3d3dy53My5vcmcvMjAwMC9zdmciPjwvc3ZnPg==\" style=\"--smush-placeholder-width: 450px; --smush-placeholder-aspect-ratio: 450\/727;\" \/><figcaption class=\"elementor-image-carousel-caption\">Auto del Triunfo del Sacramento<br \/> Invitaci\u00f3n del C\u00edrculo Cultural Miguel de Unamuno<\/figcaption><\/figure><\/a><\/div><div class=\"swiper-slide\" role=\"group\" aria-roledescription=\"slide\" aria-label=\"4 de 7\"><a data-elementor-open-lightbox=\"yes\" data-elementor-lightbox-slideshow=\"b18a788\" data-elementor-lightbox-title=\"D\u00edgame - Art\u00edculo de F. Galindo -  29\/03\/1966\" data-e-action-hash=\"#elementor-action%3Aaction%3Dlightbox%26settings%3DeyJpZCI6NDM3OCwidXJsIjoiaHR0cHM6XC9cL2FuZ2VsZmFjaW8uY29tXC93cC1jb250ZW50XC91cGxvYWRzXC8yMDIwXC8xMFwvU0tNQlRfQzY1MkQxNDA1MDcyMDU0MF8wMDIwLTEuanBnIiwic2xpZGVzaG93IjoiYjE4YTc4OCJ9\" href=\"https:\/\/angelfacio.com\/wp-content\/uploads\/2020\/10\/SKMBT_C652D14050720540_0020-1.jpg\"><figure class=\"swiper-slide-inner\"><img decoding=\"async\" class=\"swiper-slide-image lazyload\" data-src=\"https:\/\/angelfacio.com\/wp-content\/uploads\/elementor\/thumbs\/SKMBT_C652D14050720540_0020-1-qukv6nsvgbyt3y5x18pgbd1lq2yto7elwrvv55u8z8.jpg\" alt=\"D\u00edgame - 29\/03\/1966 Art\u00edculo de F. Galindo\" src=\"data:image\/svg+xml;base64,PHN2ZyB3aWR0aD0iMSIgaGVpZ2h0PSIxIiB4bWxucz0iaHR0cDovL3d3dy53My5vcmcvMjAwMC9zdmciPjwvc3ZnPg==\" style=\"--smush-placeholder-width: 450px; --smush-placeholder-aspect-ratio: 450\/754;\" \/><figcaption class=\"elementor-image-carousel-caption\">D\u00edgame - 29\/03\/1966<br \/> Art\u00edculo de F. Galindo<\/figcaption><\/figure><\/a><\/div><div class=\"swiper-slide\" role=\"group\" aria-roledescription=\"slide\" aria-label=\"5 de 7\"><a data-elementor-open-lightbox=\"yes\" data-elementor-lightbox-slideshow=\"b18a788\" data-elementor-lightbox-title=\"Ceremonia por un negro asesinado - Festival Internacional de Teatro Universitario de Nancy - Presse-Ocean. 1966\" data-e-action-hash=\"#elementor-action%3Aaction%3Dlightbox%26settings%3DeyJpZCI6Mjc5NywidXJsIjoiaHR0cHM6XC9cL2FuZ2VsZmFjaW8uY29tXC93cC1jb250ZW50XC91cGxvYWRzXC8yMDIwXC8wOVwvMDAxcHJlc3NlLW9jZWFuZS1OT0lSMTk2Ni5qcGciLCJzbGlkZXNob3ciOiJiMThhNzg4In0%3D\" href=\"https:\/\/angelfacio.com\/wp-content\/uploads\/2020\/09\/001presse-oceane-NOIR1966.jpg\"><figure class=\"swiper-slide-inner\"><img decoding=\"async\" class=\"swiper-slide-image lazyload\" data-src=\"https:\/\/angelfacio.com\/wp-content\/uploads\/elementor\/thumbs\/001presse-oceane-NOIR1966-qukv6qme0u2o2s1tkrxc0ubzi8kxbapsx5ubkzq1k2.jpg\" alt=\"Ceremonia por un negro asesinadoFestival Internacional de Teatro Universitario de Nancy Presse-Ocean. 1966\" src=\"data:image\/svg+xml;base64,PHN2ZyB3aWR0aD0iMSIgaGVpZ2h0PSIxIiB4bWxucz0iaHR0cDovL3d3dy53My5vcmcvMjAwMC9zdmciPjwvc3ZnPg==\" style=\"--smush-placeholder-width: 450px; --smush-placeholder-aspect-ratio: 450\/637;\" \/><figcaption class=\"elementor-image-carousel-caption\">Ceremonia por un negro asesinado<br \/>Festival Internacional de Teatro Universitario de Nancy <br \/>Presse-Ocean. 1966<\/figcaption><\/figure><\/a><\/div><div class=\"swiper-slide\" role=\"group\" aria-roledescription=\"slide\" aria-label=\"6 de 7\"><a data-elementor-open-lightbox=\"yes\" data-elementor-lightbox-slideshow=\"b18a788\" data-elementor-lightbox-title=\"Revista SP - Edici\u00f3n Europea, Madrid 28\/12\/1969\" data-e-action-hash=\"#elementor-action%3Aaction%3Dlightbox%26settings%3DeyJpZCI6NDM5NywidXJsIjoiaHR0cHM6XC9cL2FuZ2VsZmFjaW8uY29tXC93cC1jb250ZW50XC91cGxvYWRzXC8yMDIwXC8xMFwvTG9zLUdvbGlhcmRvcy11bmEtcmV2b2x1Y2lvbi1lbi1lbC10ZWF0cm8tUFJFTlNBLTAwMS0xLnBuZyIsInNsaWRlc2hvdyI6ImIxOGE3ODgifQ%3D%3D\" href=\"https:\/\/angelfacio.com\/wp-content\/uploads\/2020\/10\/Los-Goliardos-una-revolucion-en-el-teatro-PRENSA-001-1.png\"><figure class=\"swiper-slide-inner\"><img decoding=\"async\" class=\"swiper-slide-image lazyload\" data-src=\"https:\/\/angelfacio.com\/wp-content\/uploads\/elementor\/thumbs\/Los-Goliardos-una-revolucion-en-el-teatro-PRENSA-001-1-qukv6k1ioztntibdn72y1dzrcjhctezok99x81zsg8.png\" alt=\"Revista SP - Edici\u00f3n Europea, Madrid 28\/12\/1969\" src=\"data:image\/svg+xml;base64,PHN2ZyB3aWR0aD0iMSIgaGVpZ2h0PSIxIiB4bWxucz0iaHR0cDovL3d3dy53My5vcmcvMjAwMC9zdmciPjwvc3ZnPg==\" style=\"--smush-placeholder-width: 450px; --smush-placeholder-aspect-ratio: 450\/596;\" \/><figcaption class=\"elementor-image-carousel-caption\">Revista SP - Edici\u00f3n Europea, Madrid 28\/12\/1969<\/figcaption><\/figure><\/a><\/div><div class=\"swiper-slide\" role=\"group\" aria-roledescription=\"slide\" aria-label=\"7 de 7\"><a data-elementor-open-lightbox=\"yes\" data-elementor-lightbox-slideshow=\"b18a788\" data-e-action-hash=\"#elementor-action%3Aaction%3Dlightbox%26settings%3DeyJpZCI6NDQwMywidXJsIjoiaHR0cHM6XC9cL2FuZ2VsZmFjaW8uY29tXC93cC1jb250ZW50XC91cGxvYWRzXC8yMDIwXC8xMFwvTGEtQm9kYS1kZS1sb3MtcGVxdWVub3MtYnVyZ3Vlc2VzX1RlYXRyby1SZWluYS1WaWN0b3JpYS0xLTEuanBnIiwic2xpZGVzaG93IjoiYjE4YTc4OCJ9\" href=\"https:\/\/angelfacio.com\/wp-content\/uploads\/2020\/10\/La-Boda-de-los-pequenos-burgueses_Teatro-Reina-Victoria-1-1.jpg\"><figure class=\"swiper-slide-inner\"><img decoding=\"async\" class=\"swiper-slide-image lazyload\" data-src=\"https:\/\/angelfacio.com\/wp-content\/uploads\/elementor\/thumbs\/La-Boda-de-los-pequenos-burgueses_Teatro-Reina-Victoria-1-1-qukv6nsvgbyt3y5x18pgbd1lq2yto7elwrvv55u9o8.jpg\" alt=\"\" src=\"data:image\/svg+xml;base64,PHN2ZyB3aWR0aD0iMSIgaGVpZ2h0PSIxIiB4bWxucz0iaHR0cDovL3d3dy53My5vcmcvMjAwMC9zdmciPjwvc3ZnPg==\" style=\"--smush-placeholder-width: 450px; --smush-placeholder-aspect-ratio: 450\/844;\" \/><\/figure><\/a><\/div>\t\t\t<\/div>\n\t\t\t\t\t\t\t\t\t\t\t\t<div class=\"elementor-swiper-button elementor-swiper-button-prev\" role=\"button\" tabindex=\"0\">\n\t\t\t\t\t\t<i aria-hidden=\"true\" class=\"eicon-chevron-left\"><\/i>\t\t\t\t\t<\/div>\n\t\t\t\t\t<div class=\"elementor-swiper-button elementor-swiper-button-next\" role=\"button\" tabindex=\"0\">\n\t\t\t\t\t\t<i aria-hidden=\"true\" class=\"eicon-chevron-right\"><\/i>\t\t\t\t\t<\/div>\n\t\t\t\t\n\t\t\t\t\t\t\t\t\t<div class=\"swiper-pagination\"><\/div>\n\t\t\t\t\t\t\t\t\t<\/div>\n\t\t\t\t\t\t<\/div>\n\t\t\t\t<\/div>\n\t\t\t\t\t<\/div>\n\t\t<\/div>\n\t\t\t\t\t<\/div>\n\t\t<\/section>\n\t\t\t\t\t<\/div>\n\t\t<\/div>\n\t\t\t\t\t<\/div>\n\t\t<\/section>\n\t\t\t\t<\/div>\n\t\t","protected":false},"excerpt":{"rendered":"<p>Teatro Independiente \u00abDefendemos nuestra opci\u00f3n por una experiencia colectiva del Teatro\u00bb. \u00abUn nuevo tipo de teatro, en un nuevo tipo de sala, con un nuevo p\u00fablico. Trabajando con nuevos actores y con nuevos medios\u00bb. (Entrevista. La Gaceta del Norte, s\u00e1bado 31 de enero de 1979). Los Cuadernos de Direcci\u00f3n y otros documentos de los montajes [&hellip;]<\/p>\n","protected":false},"author":1,"featured_media":0,"parent":0,"menu_order":0,"comment_status":"closed","ping_status":"closed","template":"elementor_canvas","meta":{"footnotes":""},"class_list":["post-152","page","type-page","status-publish","hentry"],"yoast_head":"<!-- This site is optimized with the Yoast SEO plugin v25.6 - https:\/\/yoast.com\/wordpress\/plugins\/seo\/ -->\n<title>Teatro Independiente - \u00c1ngel Facio<\/title>\n<meta name=\"robots\" content=\"index, follow, max-snippet:-1, max-image-preview:large, max-video-preview:-1\" \/>\n<link rel=\"canonical\" href=\"https:\/\/angelfacio.com\/index.php\/teatro-independiente\/\" \/>\n<meta property=\"og:locale\" content=\"es_ES\" \/>\n<meta property=\"og:type\" content=\"article\" \/>\n<meta property=\"og:title\" content=\"Teatro Independiente - \u00c1ngel Facio\" \/>\n<meta property=\"og:description\" content=\"Teatro Independiente \u00abDefendemos nuestra opci\u00f3n por una experiencia colectiva del Teatro\u00bb. \u00abUn nuevo tipo de teatro, en un nuevo tipo de sala, con un nuevo p\u00fablico. Trabajando con nuevos actores y con nuevos medios\u00bb. (Entrevista. La Gaceta del Norte, s\u00e1bado 31 de enero de 1979). Los Cuadernos de Direcci\u00f3n y otros documentos de los montajes [&hellip;]\" \/>\n<meta property=\"og:url\" content=\"https:\/\/angelfacio.com\/index.php\/teatro-independiente\/\" \/>\n<meta property=\"og:site_name\" content=\"\u00c1ngel Facio\" \/>\n<meta property=\"article:modified_time\" content=\"2020-11-20T17:17:07+00:00\" \/>\n<meta property=\"og:image\" content=\"https:\/\/angelfacio.com\/wp-content\/uploads\/elementor\/thumbs\/Los-Goliardos-una-revolucion-en-el-teatro-PRENSA-002-1-ov8n1ckez042f1tqrbg0zdxay9ygyiii4u1vkjaoby.jpg\" \/>\n<meta name=\"twitter:card\" content=\"summary_large_image\" \/>\n<meta name=\"twitter:label1\" content=\"Tiempo de lectura\" \/>\n\t<meta name=\"twitter:data1\" content=\"1 minuto\" \/>\n<script type=\"application\/ld+json\" class=\"yoast-schema-graph\">{\"@context\":\"https:\/\/schema.org\",\"@graph\":[{\"@type\":\"WebPage\",\"@id\":\"https:\/\/angelfacio.com\/index.php\/teatro-independiente\/\",\"url\":\"https:\/\/angelfacio.com\/index.php\/teatro-independiente\/\",\"name\":\"Teatro Independiente - \u00c1ngel Facio\",\"isPartOf\":{\"@id\":\"https:\/\/angelfacio.com\/#website\"},\"primaryImageOfPage\":{\"@id\":\"https:\/\/angelfacio.com\/index.php\/teatro-independiente\/#primaryimage\"},\"image\":{\"@id\":\"https:\/\/angelfacio.com\/index.php\/teatro-independiente\/#primaryimage\"},\"thumbnailUrl\":\"https:\/\/angelfacio.com\/wp-content\/uploads\/elementor\/thumbs\/Los-Goliardos-una-revolucion-en-el-teatro-PRENSA-002-1-ov8n1ckez042f1tqrbg0zdxay9ygyiii4u1vkjaoby.jpg\",\"datePublished\":\"2020-06-13T18:06:01+00:00\",\"dateModified\":\"2020-11-20T17:17:07+00:00\",\"breadcrumb\":{\"@id\":\"https:\/\/angelfacio.com\/index.php\/teatro-independiente\/#breadcrumb\"},\"inLanguage\":\"es\",\"potentialAction\":[{\"@type\":\"ReadAction\",\"target\":[\"https:\/\/angelfacio.com\/index.php\/teatro-independiente\/\"]}]},{\"@type\":\"ImageObject\",\"inLanguage\":\"es\",\"@id\":\"https:\/\/angelfacio.com\/index.php\/teatro-independiente\/#primaryimage\",\"url\":\"https:\/\/angelfacio.com\/wp-content\/uploads\/elementor\/thumbs\/Los-Goliardos-una-revolucion-en-el-teatro-PRENSA-002-1-ov8n1ckez042f1tqrbg0zdxay9ygyiii4u1vkjaoby.jpg\",\"contentUrl\":\"https:\/\/angelfacio.com\/wp-content\/uploads\/elementor\/thumbs\/Los-Goliardos-una-revolucion-en-el-teatro-PRENSA-002-1-ov8n1ckez042f1tqrbg0zdxay9ygyiii4u1vkjaoby.jpg\"},{\"@type\":\"BreadcrumbList\",\"@id\":\"https:\/\/angelfacio.com\/index.php\/teatro-independiente\/#breadcrumb\",\"itemListElement\":[{\"@type\":\"ListItem\",\"position\":1,\"name\":\"Portada\",\"item\":\"https:\/\/angelfacio.com\/\"},{\"@type\":\"ListItem\",\"position\":2,\"name\":\"Teatro Independiente\"}]},{\"@type\":\"WebSite\",\"@id\":\"https:\/\/angelfacio.com\/#website\",\"url\":\"https:\/\/angelfacio.com\/\",\"name\":\"\u00c1ngel Facio\",\"description\":\"Dramaturgo y Director Esc\u00e9nico\",\"potentialAction\":[{\"@type\":\"SearchAction\",\"target\":{\"@type\":\"EntryPoint\",\"urlTemplate\":\"https:\/\/angelfacio.com\/?s={search_term_string}\"},\"query-input\":{\"@type\":\"PropertyValueSpecification\",\"valueRequired\":true,\"valueName\":\"search_term_string\"}}],\"inLanguage\":\"es\"}]}<\/script>\n<!-- \/ Yoast SEO plugin. -->","yoast_head_json":{"title":"Teatro Independiente - \u00c1ngel Facio","robots":{"index":"index","follow":"follow","max-snippet":"max-snippet:-1","max-image-preview":"max-image-preview:large","max-video-preview":"max-video-preview:-1"},"canonical":"https:\/\/angelfacio.com\/index.php\/teatro-independiente\/","og_locale":"es_ES","og_type":"article","og_title":"Teatro Independiente - \u00c1ngel Facio","og_description":"Teatro Independiente \u00abDefendemos nuestra opci\u00f3n por una experiencia colectiva del Teatro\u00bb. \u00abUn nuevo tipo de teatro, en un nuevo tipo de sala, con un nuevo p\u00fablico. Trabajando con nuevos actores y con nuevos medios\u00bb. (Entrevista. La Gaceta del Norte, s\u00e1bado 31 de enero de 1979). Los Cuadernos de Direcci\u00f3n y otros documentos de los montajes [&hellip;]","og_url":"https:\/\/angelfacio.com\/index.php\/teatro-independiente\/","og_site_name":"\u00c1ngel Facio","article_modified_time":"2020-11-20T17:17:07+00:00","og_image":[{"url":"https:\/\/angelfacio.com\/wp-content\/uploads\/elementor\/thumbs\/Los-Goliardos-una-revolucion-en-el-teatro-PRENSA-002-1-ov8n1ckez042f1tqrbg0zdxay9ygyiii4u1vkjaoby.jpg","type":"","width":"","height":""}],"twitter_card":"summary_large_image","twitter_misc":{"Tiempo de lectura":"1 minuto"},"schema":{"@context":"https:\/\/schema.org","@graph":[{"@type":"WebPage","@id":"https:\/\/angelfacio.com\/index.php\/teatro-independiente\/","url":"https:\/\/angelfacio.com\/index.php\/teatro-independiente\/","name":"Teatro Independiente - \u00c1ngel Facio","isPartOf":{"@id":"https:\/\/angelfacio.com\/#website"},"primaryImageOfPage":{"@id":"https:\/\/angelfacio.com\/index.php\/teatro-independiente\/#primaryimage"},"image":{"@id":"https:\/\/angelfacio.com\/index.php\/teatro-independiente\/#primaryimage"},"thumbnailUrl":"https:\/\/angelfacio.com\/wp-content\/uploads\/elementor\/thumbs\/Los-Goliardos-una-revolucion-en-el-teatro-PRENSA-002-1-ov8n1ckez042f1tqrbg0zdxay9ygyiii4u1vkjaoby.jpg","datePublished":"2020-06-13T18:06:01+00:00","dateModified":"2020-11-20T17:17:07+00:00","breadcrumb":{"@id":"https:\/\/angelfacio.com\/index.php\/teatro-independiente\/#breadcrumb"},"inLanguage":"es","potentialAction":[{"@type":"ReadAction","target":["https:\/\/angelfacio.com\/index.php\/teatro-independiente\/"]}]},{"@type":"ImageObject","inLanguage":"es","@id":"https:\/\/angelfacio.com\/index.php\/teatro-independiente\/#primaryimage","url":"https:\/\/angelfacio.com\/wp-content\/uploads\/elementor\/thumbs\/Los-Goliardos-una-revolucion-en-el-teatro-PRENSA-002-1-ov8n1ckez042f1tqrbg0zdxay9ygyiii4u1vkjaoby.jpg","contentUrl":"https:\/\/angelfacio.com\/wp-content\/uploads\/elementor\/thumbs\/Los-Goliardos-una-revolucion-en-el-teatro-PRENSA-002-1-ov8n1ckez042f1tqrbg0zdxay9ygyiii4u1vkjaoby.jpg"},{"@type":"BreadcrumbList","@id":"https:\/\/angelfacio.com\/index.php\/teatro-independiente\/#breadcrumb","itemListElement":[{"@type":"ListItem","position":1,"name":"Portada","item":"https:\/\/angelfacio.com\/"},{"@type":"ListItem","position":2,"name":"Teatro Independiente"}]},{"@type":"WebSite","@id":"https:\/\/angelfacio.com\/#website","url":"https:\/\/angelfacio.com\/","name":"\u00c1ngel Facio","description":"Dramaturgo y Director Esc\u00e9nico","potentialAction":[{"@type":"SearchAction","target":{"@type":"EntryPoint","urlTemplate":"https:\/\/angelfacio.com\/?s={search_term_string}"},"query-input":{"@type":"PropertyValueSpecification","valueRequired":true,"valueName":"search_term_string"}}],"inLanguage":"es"}]}},"_links":{"self":[{"href":"https:\/\/angelfacio.com\/index.php\/wp-json\/wp\/v2\/pages\/152"}],"collection":[{"href":"https:\/\/angelfacio.com\/index.php\/wp-json\/wp\/v2\/pages"}],"about":[{"href":"https:\/\/angelfacio.com\/index.php\/wp-json\/wp\/v2\/types\/page"}],"author":[{"embeddable":true,"href":"https:\/\/angelfacio.com\/index.php\/wp-json\/wp\/v2\/users\/1"}],"replies":[{"embeddable":true,"href":"https:\/\/angelfacio.com\/index.php\/wp-json\/wp\/v2\/comments?post=152"}],"version-history":[{"count":153,"href":"https:\/\/angelfacio.com\/index.php\/wp-json\/wp\/v2\/pages\/152\/revisions"}],"predecessor-version":[{"id":7289,"href":"https:\/\/angelfacio.com\/index.php\/wp-json\/wp\/v2\/pages\/152\/revisions\/7289"}],"wp:attachment":[{"href":"https:\/\/angelfacio.com\/index.php\/wp-json\/wp\/v2\/media?parent=152"}],"curies":[{"name":"wp","href":"https:\/\/api.w.org\/{rel}","templated":true}]}}