{"id":180,"date":"2020-06-13T20:21:45","date_gmt":"2020-06-13T18:21:45","guid":{"rendered":"http:\/\/angelfacio.com\/?page_id=180"},"modified":"2020-11-14T19:17:49","modified_gmt":"2020-11-14T18:17:49","slug":"cdn","status":"publish","type":"page","link":"https:\/\/angelfacio.com\/index.php\/cdn\/","title":{"rendered":"CDN"},"content":{"rendered":"\t\t<div data-elementor-type=\"wp-page\" data-elementor-id=\"180\" class=\"elementor elementor-180\">\n\t\t\t\t\t\t<section class=\"elementor-section elementor-top-section elementor-element elementor-element-3b56919c elementor-section-boxed elementor-section-height-default elementor-section-height-default\" data-id=\"3b56919c\" data-element_type=\"section\" data-e-type=\"section\">\n\t\t\t\t\t\t<div class=\"elementor-container elementor-column-gap-default\">\n\t\t\t\t\t<div class=\"elementor-column elementor-col-100 elementor-top-column elementor-element elementor-element-1a415d10\" data-id=\"1a415d10\" data-element_type=\"column\" data-e-type=\"column\">\n\t\t\t<div class=\"elementor-widget-wrap elementor-element-populated\">\n\t\t\t\t\t\t<div class=\"elementor-element elementor-element-3f3fab22 elementor-widget elementor-widget-heading\" data-id=\"3f3fab22\" data-element_type=\"widget\" data-e-type=\"widget\" data-widget_type=\"heading.default\">\n\t\t\t\t<div class=\"elementor-widget-container\">\n\t\t\t\t\t<h2 class=\"elementor-heading-title elementor-size-default\">CDN<\/h2>\t\t\t\t<\/div>\n\t\t\t\t<\/div>\n\t\t\t\t<div class=\"elementor-element elementor-element-5a1b0d3 elementor-widget elementor-widget-spacer\" data-id=\"5a1b0d3\" data-element_type=\"widget\" data-e-type=\"widget\" data-widget_type=\"spacer.default\">\n\t\t\t\t<div class=\"elementor-widget-container\">\n\t\t\t\t\t\t\t<div class=\"elementor-spacer\">\n\t\t\t<div class=\"elementor-spacer-inner\"><\/div>\n\t\t<\/div>\n\t\t\t\t\t\t<\/div>\n\t\t\t\t<\/div>\n\t\t\t\t\t<\/div>\n\t\t<\/div>\n\t\t\t\t\t<\/div>\n\t\t<\/section>\n\t\t\t\t<section class=\"elementor-section elementor-top-section elementor-element elementor-element-1025913 elementor-section-boxed elementor-section-height-default elementor-section-height-default\" data-id=\"1025913\" data-element_type=\"section\" data-e-type=\"section\">\n\t\t\t\t\t\t<div class=\"elementor-container elementor-column-gap-default\">\n\t\t\t\t\t<div class=\"elementor-column elementor-col-50 elementor-top-column elementor-element elementor-element-6dc7169\" data-id=\"6dc7169\" data-element_type=\"column\" data-e-type=\"column\">\n\t\t\t<div class=\"elementor-widget-wrap elementor-element-populated\">\n\t\t\t\t\t\t<div class=\"elementor-element elementor-element-5541c0d elementor-widget elementor-widget-text-editor\" data-id=\"5541c0d\" data-element_type=\"widget\" data-e-type=\"widget\" data-widget_type=\"text-editor.default\">\n\t\t\t\t<div class=\"elementor-widget-container\">\n\t\t\t\t\t\t\t\t\t<p>En 1980 \u00c1ngel\u00a0 Facio\u00a0 dirige en el Centro Dram\u00e1tico Nacional,\u00a0<em>Las Bragas,<\/em> de Karl Sternheim y propone como programa de mano la revista <em>Azul Prusia.<\/em> Copia la est\u00e9tica de las revistas de 1911 y compila art\u00edculos de prensa, publicidad e im\u00e1genes de la Europa preb\u00e9lica, adem\u00e1s de textos sobre su montaje. La edici\u00f3n corri\u00f3 a cargo del CDN. Se puede consultar el original en <strong><span style=\"color: #ff0000;\"><a href=\"http:\/\/archivos-fundacionlosgoliardos.com\/\"><span style=\"color: #ff0000;\">Archivos<\/span> <span style=\"color: #ff0000;\">Fundaci\u00f3n<\/span> <span style=\"color: #ff0000;\">Los<\/span> <span style=\"color: #ff0000;\">Goliardos<\/span><\/a><span style=\"color: #333333;\">.<\/span><\/span><\/strong><\/p>\t\t\t\t\t\t\t\t<\/div>\n\t\t\t\t<\/div>\n\t\t\t\t\t<\/div>\n\t\t<\/div>\n\t\t\t\t<div class=\"elementor-column elementor-col-50 elementor-top-column elementor-element elementor-element-880486e\" data-id=\"880486e\" data-element_type=\"column\" data-e-type=\"column\">\n\t\t\t<div class=\"elementor-widget-wrap elementor-element-populated\">\n\t\t\t\t\t\t<div class=\"elementor-element elementor-element-a7a3f57 elementor-arrows-position-inside elementor-pagination-position-outside elementor-widget elementor-widget-image-carousel\" data-id=\"a7a3f57\" data-element_type=\"widget\" data-e-type=\"widget\" data-settings=\"{&quot;slides_to_show&quot;:&quot;1&quot;,&quot;navigation&quot;:&quot;both&quot;,&quot;autoplay&quot;:&quot;yes&quot;,&quot;pause_on_hover&quot;:&quot;yes&quot;,&quot;pause_on_interaction&quot;:&quot;yes&quot;,&quot;autoplay_speed&quot;:5000,&quot;infinite&quot;:&quot;yes&quot;,&quot;effect&quot;:&quot;slide&quot;,&quot;speed&quot;:500}\" data-widget_type=\"image-carousel.default\">\n\t\t\t\t<div class=\"elementor-widget-container\">\n\t\t\t\t\t\t\t<div class=\"elementor-image-carousel-wrapper swiper\" role=\"region\" aria-roledescription=\"carousel\" aria-label=\"Carrusel de im\u00e1genes\" dir=\"ltr\">\n\t\t\t<div class=\"elementor-image-carousel swiper-wrapper\" aria-live=\"off\">\n\t\t\t\t\t\t\t\t<div class=\"swiper-slide\" role=\"group\" aria-roledescription=\"slide\" aria-label=\"1 de 2\"><a data-elementor-open-lightbox=\"yes\" data-elementor-lightbox-slideshow=\"a7a3f57\" data-elementor-lightbox-title=\"Azul Prusia - Programa de Mano\" data-e-action-hash=\"#elementor-action%3Aaction%3Dlightbox%26settings%3DeyJpZCI6NTI1OCwidXJsIjoiaHR0cHM6XC9cL2FuZ2VsZmFjaW8uY29tXC93cC1jb250ZW50XC91cGxvYWRzXC8yMDIwXC8xMVwvUmV2aXN0YS1BWlVMLVBSVVNJQS1wb3J0YWRhLmpwZyIsInNsaWRlc2hvdyI6ImE3YTNmNTcifQ%3D%3D\" href=\"https:\/\/angelfacio.com\/wp-content\/uploads\/2020\/11\/Revista-AZUL-PRUSIA-portada.jpg\"><figure class=\"swiper-slide-inner\"><img decoding=\"async\" class=\"swiper-slide-image lazyload\" data-src=\"https:\/\/angelfacio.com\/wp-content\/uploads\/elementor\/thumbs\/Revista-AZUL-PRUSIA-portada-qukv7f21h6kpwd2tfk11k61fczvr3mrjzc4cljrvnk.jpg\" alt=\"Azul Prusia - Programa de Mano\" src=\"data:image\/svg+xml;base64,PHN2ZyB3aWR0aD0iMSIgaGVpZ2h0PSIxIiB4bWxucz0iaHR0cDovL3d3dy53My5vcmcvMjAwMC9zdmciPjwvc3ZnPg==\" style=\"--smush-placeholder-width: 247px; --smush-placeholder-aspect-ratio: 247\/350;\" \/><\/figure><\/a><\/div><div class=\"swiper-slide\" role=\"group\" aria-roledescription=\"slide\" aria-label=\"2 de 2\"><a data-elementor-open-lightbox=\"yes\" data-elementor-lightbox-slideshow=\"a7a3f57\" data-elementor-lightbox-title=\"Azul Prusia - Programa de Mano\" data-e-action-hash=\"#elementor-action%3Aaction%3Dlightbox%26settings%3DeyJpZCI6NTI2MSwidXJsIjoiaHR0cHM6XC9cL2FuZ2VsZmFjaW8uY29tXC93cC1jb250ZW50XC91cGxvYWRzXC8yMDIwXC8xMVwvUmV2aXN0YS1BWlVMLVBSVVNJQS1jb250cmFwb3J0YWRhLTEuanBnIiwic2xpZGVzaG93IjoiYTdhM2Y1NyJ9\" href=\"https:\/\/angelfacio.com\/wp-content\/uploads\/2020\/11\/Revista-AZUL-PRUSIA-contraportada-1.jpg\"><figure class=\"swiper-slide-inner\"><img decoding=\"async\" class=\"swiper-slide-image lazyload\" data-src=\"https:\/\/angelfacio.com\/wp-content\/uploads\/elementor\/thumbs\/Revista-AZUL-PRUSIA-contraportada-1-qukv7f21h6kpwd2tfk11k61fczvr3mrjzc4cljrvnk.jpg\" alt=\"Azul Prusia - Programa de Mano\" src=\"data:image\/svg+xml;base64,PHN2ZyB3aWR0aD0iMSIgaGVpZ2h0PSIxIiB4bWxucz0iaHR0cDovL3d3dy53My5vcmcvMjAwMC9zdmciPjwvc3ZnPg==\" style=\"--smush-placeholder-width: 246px; --smush-placeholder-aspect-ratio: 246\/350;\" \/><\/figure><\/a><\/div>\t\t\t<\/div>\n\t\t\t\t\t\t\t\t\t\t\t\t<div class=\"elementor-swiper-button elementor-swiper-button-prev\" role=\"button\" tabindex=\"0\">\n\t\t\t\t\t\t<i aria-hidden=\"true\" class=\"eicon-chevron-left\"><\/i>\t\t\t\t\t<\/div>\n\t\t\t\t\t<div class=\"elementor-swiper-button elementor-swiper-button-next\" role=\"button\" tabindex=\"0\">\n\t\t\t\t\t\t<i aria-hidden=\"true\" class=\"eicon-chevron-right\"><\/i>\t\t\t\t\t<\/div>\n\t\t\t\t\n\t\t\t\t\t\t\t\t\t<div class=\"swiper-pagination\"><\/div>\n\t\t\t\t\t\t\t\t\t<\/div>\n\t\t\t\t\t\t<\/div>\n\t\t\t\t<\/div>\n\t\t\t\t\t<\/div>\n\t\t<\/div>\n\t\t\t\t\t<\/div>\n\t\t<\/section>\n\t\t\t\t<section class=\"elementor-section elementor-top-section elementor-element elementor-element-c24c4d4 elementor-section-boxed elementor-section-height-default elementor-section-height-default\" data-id=\"c24c4d4\" data-element_type=\"section\" data-e-type=\"section\">\n\t\t\t\t\t\t<div class=\"elementor-container elementor-column-gap-default\">\n\t\t\t\t\t<div class=\"elementor-column elementor-col-50 elementor-top-column elementor-element elementor-element-8cfad36\" data-id=\"8cfad36\" data-element_type=\"column\" data-e-type=\"column\">\n\t\t\t<div class=\"elementor-widget-wrap elementor-element-populated\">\n\t\t\t\t\t\t<div class=\"elementor-element elementor-element-42e5f21 elementor-widget elementor-widget-text-editor\" data-id=\"42e5f21\" data-element_type=\"widget\" data-e-type=\"widget\" data-widget_type=\"text-editor.default\">\n\t\t\t\t<div class=\"elementor-widget-container\">\n\t\t\t\t\t\t\t\t\t<p>En 1983 \u00c1ngel Facio dirige un <em>vodevil<\/em> en el Centro Dram\u00e1tico Nacional, con versi\u00f3n original creada a partir de diversos textos de Calder\u00f3n. El programa de mano fue editado por el CDN y contiene el texto y las notas de montaje de \u00c1ngel Facio. El original se puede consultar en <strong><span style=\"color: #ff0000;\"><a href=\"http:\/\/archivos-fundacionlosgoliardos.com\/\"><span style=\"color: #ff0000;\">Archivos Fundaci\u00f3n Los Goliardos<\/span><\/a><span style=\"color: #333333;\">.<\/span><\/span><\/strong><\/p>\t\t\t\t\t\t\t\t<\/div>\n\t\t\t\t<\/div>\n\t\t\t\t\t<\/div>\n\t\t<\/div>\n\t\t\t\t<div class=\"elementor-column elementor-col-50 elementor-top-column elementor-element elementor-element-e15c885\" data-id=\"e15c885\" data-element_type=\"column\" data-e-type=\"column\">\n\t\t\t<div class=\"elementor-widget-wrap elementor-element-populated\">\n\t\t\t\t\t\t<div class=\"elementor-element elementor-element-11f2d76 elementor-arrows-position-inside elementor-pagination-position-outside elementor-widget elementor-widget-image-carousel\" data-id=\"11f2d76\" data-element_type=\"widget\" data-e-type=\"widget\" data-settings=\"{&quot;slides_to_show&quot;:&quot;1&quot;,&quot;navigation&quot;:&quot;both&quot;,&quot;autoplay&quot;:&quot;yes&quot;,&quot;pause_on_hover&quot;:&quot;yes&quot;,&quot;pause_on_interaction&quot;:&quot;yes&quot;,&quot;autoplay_speed&quot;:5000,&quot;infinite&quot;:&quot;yes&quot;,&quot;effect&quot;:&quot;slide&quot;,&quot;speed&quot;:500}\" data-widget_type=\"image-carousel.default\">\n\t\t\t\t<div class=\"elementor-widget-container\">\n\t\t\t\t\t\t\t<div class=\"elementor-image-carousel-wrapper swiper\" role=\"region\" aria-roledescription=\"carousel\" aria-label=\"Carrusel de im\u00e1genes\" dir=\"ltr\">\n\t\t\t<div class=\"elementor-image-carousel swiper-wrapper\" aria-live=\"off\">\n\t\t\t\t\t\t\t\t<div class=\"swiper-slide\" role=\"group\" aria-roledescription=\"slide\" aria-label=\"1 de 1\"><a data-elementor-open-lightbox=\"yes\" data-elementor-lightbox-slideshow=\"11f2d76\" data-elementor-lightbox-title=\"No hay burlas con Calder\u00f3n - Sala Olimpia\" data-e-action-hash=\"#elementor-action%3Aaction%3Dlightbox%26settings%3DeyJpZCI6NTI2NSwidXJsIjoiaHR0cHM6XC9cL2FuZ2VsZmFjaW8uY29tXC93cC1jb250ZW50XC91cGxvYWRzXC8yMDIwXC8xMVwvTm8taGF5LWJ1cmxhcy1jb24tQ2FsZGVyb24tU2FsYS1PbGltcGlhLmpwZyIsInNsaWRlc2hvdyI6IjExZjJkNzYifQ%3D%3D\" href=\"https:\/\/angelfacio.com\/wp-content\/uploads\/2020\/11\/No-hay-burlas-con-Calderon-Sala-Olimpia.jpg\"><figure class=\"swiper-slide-inner\"><img decoding=\"async\" class=\"swiper-slide-image lazyload\" data-src=\"https:\/\/angelfacio.com\/wp-content\/uploads\/elementor\/thumbs\/No-hay-burlas-con-Calderon-Sala-Olimpia-qukv7f21h6kpwd2tfk11k61fczvr3mrjzc4cljrvnk.jpg\" alt=\"Dise\u00f1o cartel Vicente A. Serrano\" src=\"data:image\/svg+xml;base64,PHN2ZyB3aWR0aD0iMSIgaGVpZ2h0PSIxIiB4bWxucz0iaHR0cDovL3d3dy53My5vcmcvMjAwMC9zdmciPjwvc3ZnPg==\" style=\"--smush-placeholder-width: 238px; --smush-placeholder-aspect-ratio: 238\/350;\" \/><\/figure><\/a><\/div>\t\t\t<\/div>\n\t\t\t\t\t<\/div>\n\t\t\t\t\t\t<\/div>\n\t\t\t\t<\/div>\n\t\t\t\t\t<\/div>\n\t\t<\/div>\n\t\t\t\t\t<\/div>\n\t\t<\/section>\n\t\t\t\t<section class=\"elementor-section elementor-top-section elementor-element elementor-element-ab3d120 elementor-section-boxed elementor-section-height-default elementor-section-height-default\" data-id=\"ab3d120\" data-element_type=\"section\" data-e-type=\"section\">\n\t\t\t\t\t\t<div class=\"elementor-container elementor-column-gap-default\">\n\t\t\t\t\t<div class=\"elementor-column elementor-col-100 elementor-top-column elementor-element elementor-element-a2cec52\" data-id=\"a2cec52\" data-element_type=\"column\" data-e-type=\"column\">\n\t\t\t<div class=\"elementor-widget-wrap elementor-element-populated\">\n\t\t\t\t\t\t<div class=\"elementor-element elementor-element-6085b0d elementor-widget elementor-widget-spacer\" data-id=\"6085b0d\" data-element_type=\"widget\" data-e-type=\"widget\" data-widget_type=\"spacer.default\">\n\t\t\t\t<div class=\"elementor-widget-container\">\n\t\t\t\t\t\t\t<div class=\"elementor-spacer\">\n\t\t\t<div class=\"elementor-spacer-inner\"><\/div>\n\t\t<\/div>\n\t\t\t\t\t\t<\/div>\n\t\t\t\t<\/div>\n\t\t\t\t\t<\/div>\n\t\t<\/div>\n\t\t\t\t\t<\/div>\n\t\t<\/section>\n\t\t\t\t<\/div>\n\t\t","protected":false},"excerpt":{"rendered":"<p>CDN En 1980 \u00c1ngel\u00a0 Facio\u00a0 dirige en el Centro Dram\u00e1tico Nacional,\u00a0Las Bragas, de Karl Sternheim y propone como programa de mano la revista Azul Prusia. Copia la est\u00e9tica de las revistas de 1911 y compila art\u00edculos de prensa, publicidad e im\u00e1genes de la Europa preb\u00e9lica, adem\u00e1s de textos sobre su montaje. La edici\u00f3n corri\u00f3 a [&hellip;]<\/p>\n","protected":false},"author":1,"featured_media":0,"parent":0,"menu_order":0,"comment_status":"closed","ping_status":"closed","template":"elementor_canvas","meta":{"footnotes":""},"class_list":["post-180","page","type-page","status-publish","hentry"],"yoast_head":"<!-- This site is optimized with the Yoast SEO plugin v25.6 - https:\/\/yoast.com\/wordpress\/plugins\/seo\/ -->\n<title>CDN - \u00c1ngel Facio<\/title>\n<meta name=\"robots\" content=\"index, follow, max-snippet:-1, max-image-preview:large, max-video-preview:-1\" \/>\n<link rel=\"canonical\" href=\"https:\/\/angelfacio.com\/index.php\/cdn\/\" \/>\n<meta property=\"og:locale\" content=\"es_ES\" \/>\n<meta property=\"og:type\" content=\"article\" \/>\n<meta property=\"og:title\" content=\"CDN - \u00c1ngel Facio\" \/>\n<meta property=\"og:description\" content=\"CDN En 1980 \u00c1ngel\u00a0 Facio\u00a0 dirige en el Centro Dram\u00e1tico Nacional,\u00a0Las Bragas, de Karl Sternheim y propone como programa de mano la revista Azul Prusia. Copia la est\u00e9tica de las revistas de 1911 y compila art\u00edculos de prensa, publicidad e im\u00e1genes de la Europa preb\u00e9lica, adem\u00e1s de textos sobre su montaje. La edici\u00f3n corri\u00f3 a [&hellip;]\" \/>\n<meta property=\"og:url\" content=\"https:\/\/angelfacio.com\/index.php\/cdn\/\" \/>\n<meta property=\"og:site_name\" content=\"\u00c1ngel Facio\" \/>\n<meta property=\"article:modified_time\" content=\"2020-11-14T18:17:49+00:00\" \/>\n<meta property=\"og:image\" content=\"https:\/\/angelfacio.com\/wp-content\/uploads\/elementor\/thumbs\/Revista-AZUL-PRUSIA-portada-oy6s9uyfo54oappngbl22ghqt4n150fusreq3m2z28.jpg\" \/>\n<meta name=\"twitter:card\" content=\"summary_large_image\" \/>\n<meta name=\"twitter:label1\" content=\"Tiempo de lectura\" \/>\n\t<meta name=\"twitter:data1\" content=\"1 minuto\" \/>\n<script type=\"application\/ld+json\" class=\"yoast-schema-graph\">{\"@context\":\"https:\/\/schema.org\",\"@graph\":[{\"@type\":\"WebPage\",\"@id\":\"https:\/\/angelfacio.com\/index.php\/cdn\/\",\"url\":\"https:\/\/angelfacio.com\/index.php\/cdn\/\",\"name\":\"CDN - \u00c1ngel Facio\",\"isPartOf\":{\"@id\":\"https:\/\/angelfacio.com\/#website\"},\"primaryImageOfPage\":{\"@id\":\"https:\/\/angelfacio.com\/index.php\/cdn\/#primaryimage\"},\"image\":{\"@id\":\"https:\/\/angelfacio.com\/index.php\/cdn\/#primaryimage\"},\"thumbnailUrl\":\"https:\/\/angelfacio.com\/wp-content\/uploads\/elementor\/thumbs\/Revista-AZUL-PRUSIA-portada-oy6s9uyfo54oappngbl22ghqt4n150fusreq3m2z28.jpg\",\"datePublished\":\"2020-06-13T18:21:45+00:00\",\"dateModified\":\"2020-11-14T18:17:49+00:00\",\"breadcrumb\":{\"@id\":\"https:\/\/angelfacio.com\/index.php\/cdn\/#breadcrumb\"},\"inLanguage\":\"es\",\"potentialAction\":[{\"@type\":\"ReadAction\",\"target\":[\"https:\/\/angelfacio.com\/index.php\/cdn\/\"]}]},{\"@type\":\"ImageObject\",\"inLanguage\":\"es\",\"@id\":\"https:\/\/angelfacio.com\/index.php\/cdn\/#primaryimage\",\"url\":\"https:\/\/angelfacio.com\/wp-content\/uploads\/elementor\/thumbs\/Revista-AZUL-PRUSIA-portada-oy6s9uyfo54oappngbl22ghqt4n150fusreq3m2z28.jpg\",\"contentUrl\":\"https:\/\/angelfacio.com\/wp-content\/uploads\/elementor\/thumbs\/Revista-AZUL-PRUSIA-portada-oy6s9uyfo54oappngbl22ghqt4n150fusreq3m2z28.jpg\"},{\"@type\":\"BreadcrumbList\",\"@id\":\"https:\/\/angelfacio.com\/index.php\/cdn\/#breadcrumb\",\"itemListElement\":[{\"@type\":\"ListItem\",\"position\":1,\"name\":\"Portada\",\"item\":\"https:\/\/angelfacio.com\/\"},{\"@type\":\"ListItem\",\"position\":2,\"name\":\"CDN\"}]},{\"@type\":\"WebSite\",\"@id\":\"https:\/\/angelfacio.com\/#website\",\"url\":\"https:\/\/angelfacio.com\/\",\"name\":\"\u00c1ngel Facio\",\"description\":\"Dramaturgo y Director Esc\u00e9nico\",\"potentialAction\":[{\"@type\":\"SearchAction\",\"target\":{\"@type\":\"EntryPoint\",\"urlTemplate\":\"https:\/\/angelfacio.com\/?s={search_term_string}\"},\"query-input\":{\"@type\":\"PropertyValueSpecification\",\"valueRequired\":true,\"valueName\":\"search_term_string\"}}],\"inLanguage\":\"es\"}]}<\/script>\n<!-- \/ Yoast SEO plugin. -->","yoast_head_json":{"title":"CDN - \u00c1ngel Facio","robots":{"index":"index","follow":"follow","max-snippet":"max-snippet:-1","max-image-preview":"max-image-preview:large","max-video-preview":"max-video-preview:-1"},"canonical":"https:\/\/angelfacio.com\/index.php\/cdn\/","og_locale":"es_ES","og_type":"article","og_title":"CDN - \u00c1ngel Facio","og_description":"CDN En 1980 \u00c1ngel\u00a0 Facio\u00a0 dirige en el Centro Dram\u00e1tico Nacional,\u00a0Las Bragas, de Karl Sternheim y propone como programa de mano la revista Azul Prusia. Copia la est\u00e9tica de las revistas de 1911 y compila art\u00edculos de prensa, publicidad e im\u00e1genes de la Europa preb\u00e9lica, adem\u00e1s de textos sobre su montaje. La edici\u00f3n corri\u00f3 a [&hellip;]","og_url":"https:\/\/angelfacio.com\/index.php\/cdn\/","og_site_name":"\u00c1ngel Facio","article_modified_time":"2020-11-14T18:17:49+00:00","og_image":[{"url":"https:\/\/angelfacio.com\/wp-content\/uploads\/elementor\/thumbs\/Revista-AZUL-PRUSIA-portada-oy6s9uyfo54oappngbl22ghqt4n150fusreq3m2z28.jpg","type":"","width":"","height":""}],"twitter_card":"summary_large_image","twitter_misc":{"Tiempo de lectura":"1 minuto"},"schema":{"@context":"https:\/\/schema.org","@graph":[{"@type":"WebPage","@id":"https:\/\/angelfacio.com\/index.php\/cdn\/","url":"https:\/\/angelfacio.com\/index.php\/cdn\/","name":"CDN - \u00c1ngel Facio","isPartOf":{"@id":"https:\/\/angelfacio.com\/#website"},"primaryImageOfPage":{"@id":"https:\/\/angelfacio.com\/index.php\/cdn\/#primaryimage"},"image":{"@id":"https:\/\/angelfacio.com\/index.php\/cdn\/#primaryimage"},"thumbnailUrl":"https:\/\/angelfacio.com\/wp-content\/uploads\/elementor\/thumbs\/Revista-AZUL-PRUSIA-portada-oy6s9uyfo54oappngbl22ghqt4n150fusreq3m2z28.jpg","datePublished":"2020-06-13T18:21:45+00:00","dateModified":"2020-11-14T18:17:49+00:00","breadcrumb":{"@id":"https:\/\/angelfacio.com\/index.php\/cdn\/#breadcrumb"},"inLanguage":"es","potentialAction":[{"@type":"ReadAction","target":["https:\/\/angelfacio.com\/index.php\/cdn\/"]}]},{"@type":"ImageObject","inLanguage":"es","@id":"https:\/\/angelfacio.com\/index.php\/cdn\/#primaryimage","url":"https:\/\/angelfacio.com\/wp-content\/uploads\/elementor\/thumbs\/Revista-AZUL-PRUSIA-portada-oy6s9uyfo54oappngbl22ghqt4n150fusreq3m2z28.jpg","contentUrl":"https:\/\/angelfacio.com\/wp-content\/uploads\/elementor\/thumbs\/Revista-AZUL-PRUSIA-portada-oy6s9uyfo54oappngbl22ghqt4n150fusreq3m2z28.jpg"},{"@type":"BreadcrumbList","@id":"https:\/\/angelfacio.com\/index.php\/cdn\/#breadcrumb","itemListElement":[{"@type":"ListItem","position":1,"name":"Portada","item":"https:\/\/angelfacio.com\/"},{"@type":"ListItem","position":2,"name":"CDN"}]},{"@type":"WebSite","@id":"https:\/\/angelfacio.com\/#website","url":"https:\/\/angelfacio.com\/","name":"\u00c1ngel Facio","description":"Dramaturgo y Director Esc\u00e9nico","potentialAction":[{"@type":"SearchAction","target":{"@type":"EntryPoint","urlTemplate":"https:\/\/angelfacio.com\/?s={search_term_string}"},"query-input":{"@type":"PropertyValueSpecification","valueRequired":true,"valueName":"search_term_string"}}],"inLanguage":"es"}]}},"_links":{"self":[{"href":"https:\/\/angelfacio.com\/index.php\/wp-json\/wp\/v2\/pages\/180"}],"collection":[{"href":"https:\/\/angelfacio.com\/index.php\/wp-json\/wp\/v2\/pages"}],"about":[{"href":"https:\/\/angelfacio.com\/index.php\/wp-json\/wp\/v2\/types\/page"}],"author":[{"embeddable":true,"href":"https:\/\/angelfacio.com\/index.php\/wp-json\/wp\/v2\/users\/1"}],"replies":[{"embeddable":true,"href":"https:\/\/angelfacio.com\/index.php\/wp-json\/wp\/v2\/comments?post=180"}],"version-history":[{"count":141,"href":"https:\/\/angelfacio.com\/index.php\/wp-json\/wp\/v2\/pages\/180\/revisions"}],"predecessor-version":[{"id":5427,"href":"https:\/\/angelfacio.com\/index.php\/wp-json\/wp\/v2\/pages\/180\/revisions\/5427"}],"wp:attachment":[{"href":"https:\/\/angelfacio.com\/index.php\/wp-json\/wp\/v2\/media?parent=180"}],"curies":[{"name":"wp","href":"https:\/\/api.w.org\/{rel}","templated":true}]}}