{"id":195,"date":"2020-06-13T20:27:19","date_gmt":"2020-06-13T18:27:19","guid":{"rendered":"http:\/\/angelfacio.com\/?page_id=195"},"modified":"2021-01-25T05:01:19","modified_gmt":"2021-01-25T04:01:19","slug":"referencias","status":"publish","type":"page","link":"https:\/\/angelfacio.com\/index.php\/referencias\/","title":{"rendered":"Referencias"},"content":{"rendered":"\t\t<div data-elementor-type=\"wp-page\" data-elementor-id=\"195\" class=\"elementor elementor-195\">\n\t\t\t\t\t\t<section class=\"elementor-section elementor-top-section elementor-element elementor-element-82fb5f5 elementor-section-boxed elementor-section-height-default elementor-section-height-default\" data-id=\"82fb5f5\" data-element_type=\"section\" data-e-type=\"section\">\n\t\t\t\t\t\t<div class=\"elementor-container elementor-column-gap-default\">\n\t\t\t\t\t<div class=\"elementor-column elementor-col-100 elementor-top-column elementor-element elementor-element-1cf23a3\" data-id=\"1cf23a3\" data-element_type=\"column\" data-e-type=\"column\">\n\t\t\t<div class=\"elementor-widget-wrap elementor-element-populated\">\n\t\t\t\t\t\t<div class=\"elementor-element elementor-element-a09d8c7 elementor-widget elementor-widget-heading\" data-id=\"a09d8c7\" data-element_type=\"widget\" data-e-type=\"widget\" data-widget_type=\"heading.default\">\n\t\t\t\t<div class=\"elementor-widget-container\">\n\t\t\t\t\t<h2 class=\"elementor-heading-title elementor-size-default\">Lo que se dice<\/h2>\t\t\t\t<\/div>\n\t\t\t\t<\/div>\n\t\t\t\t\t<\/div>\n\t\t<\/div>\n\t\t\t\t\t<\/div>\n\t\t<\/section>\n\t\t\t\t<section class=\"elementor-section elementor-top-section elementor-element elementor-element-3a3ebcc elementor-section-boxed elementor-section-height-default elementor-section-height-default\" data-id=\"3a3ebcc\" data-element_type=\"section\" data-e-type=\"section\">\n\t\t\t\t\t\t<div class=\"elementor-container elementor-column-gap-default\">\n\t\t\t\t\t<div class=\"elementor-column elementor-col-100 elementor-top-column elementor-element elementor-element-f71e491\" data-id=\"f71e491\" data-element_type=\"column\" data-e-type=\"column\">\n\t\t\t<div class=\"elementor-widget-wrap elementor-element-populated\">\n\t\t\t\t\t\t<div class=\"elementor-element elementor-element-93f386e elementor-widget elementor-widget-heading\" data-id=\"93f386e\" data-element_type=\"widget\" data-e-type=\"widget\" data-widget_type=\"heading.default\">\n\t\t\t\t<div class=\"elementor-widget-container\">\n\t\t\t\t\t<h2 class=\"elementor-heading-title elementor-size-default\">Nacional<\/h2>\t\t\t\t<\/div>\n\t\t\t\t<\/div>\n\t\t\t\t<div class=\"elementor-element elementor-element-53b1bc0 elementor-widget elementor-widget-text-editor\" data-id=\"53b1bc0\" data-element_type=\"widget\" data-e-type=\"widget\" data-widget_type=\"text-editor.default\">\n\t\t\t\t<div class=\"elementor-widget-container\">\n\t\t\t\t\t\t\t\t\t<ul><li style=\"list-style-type: none;\"><ul><li><a href=\"https:\/\/elpais.com\/diario\/1976\/09\/18\/cultura\/211845604_850215.html\" target=\"_blank\" rel=\"noopener\"><span style=\"text-decoration: underline;\"><em><strong>\u00abLa clave del montaje es aplicar Reich al texto de Federico\u00bb<\/strong><\/em><\/span><\/a>, El Pa\u00eds, 1976<\/li><li><em><a href=\"https:\/\/elpais.com\/diario\/1984\/10\/23\/ultima\/467334003_850215.html\" target=\"_blank\" rel=\"noopener\"><span style=\"text-decoration: underline;\"><strong>\u00c1ngel<\/strong><strong> Facio<\/strong><\/span><\/a><\/em>, Anunciata Bremon. El pa\u00eds. 1984<\/li><li><a href=\"https:\/\/www.lainformacion.com\/arte-cultura-y-espectaculos\/la-mitica-compania-de-teatro-independiente-los-goliardos-cumple-50-anos_kPSMoZ8NEAk87jPgcgXCT1\/\" target=\"_blank\" rel=\"noopener\"><em><strong><span style=\"text-decoration: underline;\">La m\u00edtica compa\u00f1\u00eda de teatro independiente \u00abLos goliardos\u00bb cumple 50 a\u00f1os<\/span><\/strong><\/em><\/a>. La Informaci\u00f3n. 2013<\/li><li><span style=\"text-decoration: underline;\"><em><strong><a href=\"https:\/\/www.abc.es\/cultura\/teatros\/abci-papa-noel-mierda-espiritu-navideno-diferente-201512231433_noticia.html\" target=\"_blank\" rel=\"noopener\">\u00abPap\u00e1 Noel es una mierda\u00bb: un esp\u00edritu navide\u00f1o diferente<\/a><\/strong><\/em><\/span>. Julio Bravo. ABC Cultura. 2015<\/li><li><a href=\"https:\/\/www.noticiasvigo.es\/la-clasica-compania-de-teatro-los-goliardos-estrena-en-vigo-el-buscon-en-coproduccion-con-butacazero\/\" target=\"_blank\" rel=\"noopener\"><span style=\"text-decoration: underline;\"><em><strong>La cl\u00e1sica compa\u00f1\u00eda de teatro Los Goliardos estrena en Vigo \u201cEl Busc\u00f3n\u201d en coproducci\u00f3n con ButacaZero<\/strong><\/em><\/span><\/a><span style=\"text-decoration: underline;\"><em><strong>.<\/strong><\/em><\/span> 2015<\/li><li><a href=\"https:\/\/www.revista-critica.es\/2019\/03\/24\/el-teatro-idependiente-en-el-mayo-del-68-espanol\/\" target=\"_blank\" rel=\"noopener\"><span style=\"text-decoration: underline;\"><strong><em>El teatro independiente en el mayo del 68 espa\u00f1ol<\/em><\/strong><\/span><em>. <\/em><\/a>Margarita Pi\u00f1ero. 2019<\/li><\/ul><\/li><\/ul>\t\t\t\t\t\t\t\t<\/div>\n\t\t\t\t<\/div>\n\t\t\t\t<div class=\"elementor-element elementor-element-0dbb94f elementor-widget elementor-widget-spacer\" data-id=\"0dbb94f\" data-element_type=\"widget\" data-e-type=\"widget\" data-widget_type=\"spacer.default\">\n\t\t\t\t<div class=\"elementor-widget-container\">\n\t\t\t\t\t\t\t<div class=\"elementor-spacer\">\n\t\t\t<div class=\"elementor-spacer-inner\"><\/div>\n\t\t<\/div>\n\t\t\t\t\t\t<\/div>\n\t\t\t\t<\/div>\n\t\t\t\t\t<\/div>\n\t\t<\/div>\n\t\t\t\t\t<\/div>\n\t\t<\/section>\n\t\t\t\t<section class=\"elementor-section elementor-top-section elementor-element elementor-element-f72b995 elementor-hidden-desktop elementor-hidden-tablet elementor-section-boxed elementor-section-height-default elementor-section-height-default\" data-id=\"f72b995\" data-element_type=\"section\" data-e-type=\"section\">\n\t\t\t\t\t\t<div class=\"elementor-container elementor-column-gap-default\">\n\t\t\t\t\t<div class=\"elementor-column elementor-col-100 elementor-top-column elementor-element elementor-element-62526d2\" data-id=\"62526d2\" data-element_type=\"column\" data-e-type=\"column\">\n\t\t\t<div class=\"elementor-widget-wrap elementor-element-populated\">\n\t\t\t\t\t\t<div class=\"elementor-element elementor-element-85e1ea2 elementor-widget elementor-widget-heading\" data-id=\"85e1ea2\" data-element_type=\"widget\" data-e-type=\"widget\" data-widget_type=\"heading.default\">\n\t\t\t\t<div class=\"elementor-widget-container\">\n\t\t\t\t\t<h2 class=\"elementor-heading-title elementor-size-default\">Internacional<\/h2>\t\t\t\t<\/div>\n\t\t\t\t<\/div>\n\t\t\t\t<div class=\"elementor-element elementor-element-186537f elementor-widget elementor-widget-text-editor\" data-id=\"186537f\" data-element_type=\"widget\" data-e-type=\"widget\" data-widget_type=\"text-editor.default\">\n\t\t\t\t<div class=\"elementor-widget-container\">\n\t\t\t\t\t\t\t\t\t<ul><li style=\"list-style-type: none;\"><ul><li><em><a href=\"https:\/\/elpais.com\/diario\/1984\/10\/23\/ultima\/467334003_850215.html\" target=\"_blank\" rel=\"noopener\"><span style=\"text-decoration: underline;\"><strong>\u00c1ngel<\/strong><strong> Facio<\/strong><\/span><\/a><\/em>, Anunciata Bremon. El pa\u00eds. 1984<\/li><li><a href=\"https:\/\/www.lainformacion.com\/arte-cultura-y-espectaculos\/la-mitica-compania-de-teatro-independiente-los-goliardos-cumple-50-anos_kPSMoZ8NEAk87jPgcgXCT1\/\" target=\"_blank\" rel=\"noopener\"><em><strong><span style=\"text-decoration: underline;\">La m\u00edtica compa\u00f1\u00eda de teatro independiente \u00abLos goliardos\u00bb cumple 50 a\u00f1os<\/span><\/strong><\/em><\/a>. 2013<span style=\"text-decoration: underline;\"><em><br \/><\/em><\/span><\/li><li><span style=\"text-decoration: underline;\"><em><strong><a href=\"https:\/\/www.abc.es\/cultura\/teatros\/abci-papa-noel-mierda-espiritu-navideno-diferente-201512231433_noticia.html\" target=\"_blank\" rel=\"noopener\">\u00abPap\u00e1 Noel es una mierda\u00bb: un esp\u00edritu navide\u00f1o diferente<\/a><\/strong><\/em><\/span>. ABC Cultura. 2015<\/li><li><a href=\"http:\/\/www.madridteatro.eu\/teatr\/informacion\/informacion090.htm\" target=\"_blank\" rel=\"noopener\"><span style=\"text-decoration: underline;\"><em><strong>Romance de lobos<\/strong><\/em><\/span><em>.<\/em>Valle-Incl\u00e1n.<\/a><\/li><li><a href=\"https:\/\/www.noticiasvigo.es\/la-clasica-compania-de-teatro-los-goliardos-estrena-en-vigo-el-buscon-en-coproduccion-con-butacazero\/\" target=\"_blank\" rel=\"noopener\"><span style=\"text-decoration: underline;\"><em><strong>La cl\u00e1sica compa\u00f1\u00eda de teatro Los Goliardos estrena en Vigo \u201cEl Busc\u00f3n\u201d en coproducci\u00f3n con ButacaZero<\/strong><\/em><\/span><\/a><span style=\"text-decoration: underline;\"><em><strong>.<\/strong><\/em><\/span> 2015<\/li><\/ul><\/li><\/ul>\t\t\t\t\t\t\t\t<\/div>\n\t\t\t\t<\/div>\n\t\t\t\t<div class=\"elementor-element elementor-element-cca524a elementor-widget elementor-widget-spacer\" data-id=\"cca524a\" data-element_type=\"widget\" data-e-type=\"widget\" data-widget_type=\"spacer.default\">\n\t\t\t\t<div class=\"elementor-widget-container\">\n\t\t\t\t\t\t\t<div class=\"elementor-spacer\">\n\t\t\t<div class=\"elementor-spacer-inner\"><\/div>\n\t\t<\/div>\n\t\t\t\t\t\t<\/div>\n\t\t\t\t<\/div>\n\t\t\t\t\t<\/div>\n\t\t<\/div>\n\t\t\t\t\t<\/div>\n\t\t<\/section>\n\t\t\t\t<section class=\"elementor-section elementor-top-section elementor-element elementor-element-71c1cdc elementor-hidden-desktop elementor-hidden-tablet elementor-hidden-phone elementor-section-boxed elementor-section-height-default elementor-section-height-default\" data-id=\"71c1cdc\" data-element_type=\"section\" data-e-type=\"section\">\n\t\t\t\t\t\t<div class=\"elementor-container elementor-column-gap-default\">\n\t\t\t\t\t<div class=\"elementor-column elementor-col-100 elementor-top-column elementor-element elementor-element-aecca1b\" data-id=\"aecca1b\" data-element_type=\"column\" data-e-type=\"column\">\n\t\t\t<div class=\"elementor-widget-wrap elementor-element-populated\">\n\t\t\t\t\t\t<div class=\"elementor-element elementor-element-4ac8532 elementor-widget elementor-widget-text-editor\" data-id=\"4ac8532\" data-element_type=\"widget\" data-e-type=\"widget\" data-widget_type=\"text-editor.default\">\n\t\t\t\t<div class=\"elementor-widget-container\">\n\t\t\t\t\t\t\t\t\t<ul><li><a href=\"https:\/\/elpais.com\/diario\/2008\/07\/26\/madrid\/1217071463_850215.html\" target=\"_blank\" rel=\"noopener\"><span style=\"text-decoration: underline;\"><span lang=\"es-ES\"><i><b>Valle-Incl\u00e1n y \u00c1ngel Facio<\/b><\/i><\/span><\/span><\/a><span lang=\"es-ES\">, Ram\u00f3n Irigoyen, El Pa\u00eds, 2008<\/span><\/li><\/ul>\t\t\t\t\t\t\t\t<\/div>\n\t\t\t\t<\/div>\n\t\t\t\t<div class=\"elementor-element elementor-element-5e40997 elementor-widget elementor-widget-spacer\" data-id=\"5e40997\" data-element_type=\"widget\" data-e-type=\"widget\" data-widget_type=\"spacer.default\">\n\t\t\t\t<div class=\"elementor-widget-container\">\n\t\t\t\t\t\t\t<div class=\"elementor-spacer\">\n\t\t\t<div class=\"elementor-spacer-inner\"><\/div>\n\t\t<\/div>\n\t\t\t\t\t\t<\/div>\n\t\t\t\t<\/div>\n\t\t\t\t\t<\/div>\n\t\t<\/div>\n\t\t\t\t\t<\/div>\n\t\t<\/section>\n\t\t\t\t<\/div>\n\t\t","protected":false},"excerpt":{"rendered":"<p>Lo que se dice Nacional \u00abLa clave del montaje es aplicar Reich al texto de Federico\u00bb, El Pa\u00eds, 1976 \u00c1ngel Facio, Anunciata Bremon. El pa\u00eds. 1984 La m\u00edtica compa\u00f1\u00eda de teatro independiente \u00abLos goliardos\u00bb cumple 50 a\u00f1os. La Informaci\u00f3n. 2013 \u00abPap\u00e1 Noel es una mierda\u00bb: un esp\u00edritu navide\u00f1o diferente. Julio Bravo. ABC Cultura. 2015 La [&hellip;]<\/p>\n","protected":false},"author":1,"featured_media":0,"parent":0,"menu_order":0,"comment_status":"closed","ping_status":"closed","template":"elementor_canvas","meta":{"footnotes":""},"class_list":["post-195","page","type-page","status-publish","hentry"],"yoast_head":"<!-- This site is optimized with the Yoast SEO plugin v25.6 - https:\/\/yoast.com\/wordpress\/plugins\/seo\/ -->\n<title>Referencias - \u00c1ngel Facio<\/title>\n<meta name=\"robots\" content=\"index, follow, max-snippet:-1, max-image-preview:large, max-video-preview:-1\" \/>\n<link rel=\"canonical\" href=\"https:\/\/angelfacio.com\/index.php\/referencias\/\" \/>\n<meta property=\"og:locale\" content=\"es_ES\" \/>\n<meta property=\"og:type\" content=\"article\" \/>\n<meta property=\"og:title\" content=\"Referencias - \u00c1ngel Facio\" \/>\n<meta property=\"og:description\" content=\"Lo que se dice Nacional \u00abLa clave del montaje es aplicar Reich al texto de Federico\u00bb, El Pa\u00eds, 1976 \u00c1ngel Facio, Anunciata Bremon. El pa\u00eds. 1984 La m\u00edtica compa\u00f1\u00eda de teatro independiente \u00abLos goliardos\u00bb cumple 50 a\u00f1os. La Informaci\u00f3n. 2013 \u00abPap\u00e1 Noel es una mierda\u00bb: un esp\u00edritu navide\u00f1o diferente. Julio Bravo. ABC Cultura. 2015 La [&hellip;]\" \/>\n<meta property=\"og:url\" content=\"https:\/\/angelfacio.com\/index.php\/referencias\/\" \/>\n<meta property=\"og:site_name\" content=\"\u00c1ngel Facio\" \/>\n<meta property=\"article:modified_time\" content=\"2021-01-25T04:01:19+00:00\" \/>\n<meta name=\"twitter:card\" content=\"summary_large_image\" \/>\n<meta name=\"twitter:label1\" content=\"Tiempo de lectura\" \/>\n\t<meta name=\"twitter:data1\" content=\"1 minuto\" \/>\n<script type=\"application\/ld+json\" class=\"yoast-schema-graph\">{\"@context\":\"https:\/\/schema.org\",\"@graph\":[{\"@type\":\"WebPage\",\"@id\":\"https:\/\/angelfacio.com\/index.php\/referencias\/\",\"url\":\"https:\/\/angelfacio.com\/index.php\/referencias\/\",\"name\":\"Referencias - \u00c1ngel Facio\",\"isPartOf\":{\"@id\":\"https:\/\/angelfacio.com\/#website\"},\"datePublished\":\"2020-06-13T18:27:19+00:00\",\"dateModified\":\"2021-01-25T04:01:19+00:00\",\"breadcrumb\":{\"@id\":\"https:\/\/angelfacio.com\/index.php\/referencias\/#breadcrumb\"},\"inLanguage\":\"es\",\"potentialAction\":[{\"@type\":\"ReadAction\",\"target\":[\"https:\/\/angelfacio.com\/index.php\/referencias\/\"]}]},{\"@type\":\"BreadcrumbList\",\"@id\":\"https:\/\/angelfacio.com\/index.php\/referencias\/#breadcrumb\",\"itemListElement\":[{\"@type\":\"ListItem\",\"position\":1,\"name\":\"Portada\",\"item\":\"https:\/\/angelfacio.com\/\"},{\"@type\":\"ListItem\",\"position\":2,\"name\":\"Referencias\"}]},{\"@type\":\"WebSite\",\"@id\":\"https:\/\/angelfacio.com\/#website\",\"url\":\"https:\/\/angelfacio.com\/\",\"name\":\"\u00c1ngel Facio\",\"description\":\"Dramaturgo y Director Esc\u00e9nico\",\"potentialAction\":[{\"@type\":\"SearchAction\",\"target\":{\"@type\":\"EntryPoint\",\"urlTemplate\":\"https:\/\/angelfacio.com\/?s={search_term_string}\"},\"query-input\":{\"@type\":\"PropertyValueSpecification\",\"valueRequired\":true,\"valueName\":\"search_term_string\"}}],\"inLanguage\":\"es\"}]}<\/script>\n<!-- \/ Yoast SEO plugin. -->","yoast_head_json":{"title":"Referencias - \u00c1ngel Facio","robots":{"index":"index","follow":"follow","max-snippet":"max-snippet:-1","max-image-preview":"max-image-preview:large","max-video-preview":"max-video-preview:-1"},"canonical":"https:\/\/angelfacio.com\/index.php\/referencias\/","og_locale":"es_ES","og_type":"article","og_title":"Referencias - \u00c1ngel Facio","og_description":"Lo que se dice Nacional \u00abLa clave del montaje es aplicar Reich al texto de Federico\u00bb, El Pa\u00eds, 1976 \u00c1ngel Facio, Anunciata Bremon. El pa\u00eds. 1984 La m\u00edtica compa\u00f1\u00eda de teatro independiente \u00abLos goliardos\u00bb cumple 50 a\u00f1os. La Informaci\u00f3n. 2013 \u00abPap\u00e1 Noel es una mierda\u00bb: un esp\u00edritu navide\u00f1o diferente. Julio Bravo. ABC Cultura. 2015 La [&hellip;]","og_url":"https:\/\/angelfacio.com\/index.php\/referencias\/","og_site_name":"\u00c1ngel Facio","article_modified_time":"2021-01-25T04:01:19+00:00","twitter_card":"summary_large_image","twitter_misc":{"Tiempo de lectura":"1 minuto"},"schema":{"@context":"https:\/\/schema.org","@graph":[{"@type":"WebPage","@id":"https:\/\/angelfacio.com\/index.php\/referencias\/","url":"https:\/\/angelfacio.com\/index.php\/referencias\/","name":"Referencias - \u00c1ngel Facio","isPartOf":{"@id":"https:\/\/angelfacio.com\/#website"},"datePublished":"2020-06-13T18:27:19+00:00","dateModified":"2021-01-25T04:01:19+00:00","breadcrumb":{"@id":"https:\/\/angelfacio.com\/index.php\/referencias\/#breadcrumb"},"inLanguage":"es","potentialAction":[{"@type":"ReadAction","target":["https:\/\/angelfacio.com\/index.php\/referencias\/"]}]},{"@type":"BreadcrumbList","@id":"https:\/\/angelfacio.com\/index.php\/referencias\/#breadcrumb","itemListElement":[{"@type":"ListItem","position":1,"name":"Portada","item":"https:\/\/angelfacio.com\/"},{"@type":"ListItem","position":2,"name":"Referencias"}]},{"@type":"WebSite","@id":"https:\/\/angelfacio.com\/#website","url":"https:\/\/angelfacio.com\/","name":"\u00c1ngel Facio","description":"Dramaturgo y Director Esc\u00e9nico","potentialAction":[{"@type":"SearchAction","target":{"@type":"EntryPoint","urlTemplate":"https:\/\/angelfacio.com\/?s={search_term_string}"},"query-input":{"@type":"PropertyValueSpecification","valueRequired":true,"valueName":"search_term_string"}}],"inLanguage":"es"}]}},"_links":{"self":[{"href":"https:\/\/angelfacio.com\/index.php\/wp-json\/wp\/v2\/pages\/195"}],"collection":[{"href":"https:\/\/angelfacio.com\/index.php\/wp-json\/wp\/v2\/pages"}],"about":[{"href":"https:\/\/angelfacio.com\/index.php\/wp-json\/wp\/v2\/types\/page"}],"author":[{"embeddable":true,"href":"https:\/\/angelfacio.com\/index.php\/wp-json\/wp\/v2\/users\/1"}],"replies":[{"embeddable":true,"href":"https:\/\/angelfacio.com\/index.php\/wp-json\/wp\/v2\/comments?post=195"}],"version-history":[{"count":76,"href":"https:\/\/angelfacio.com\/index.php\/wp-json\/wp\/v2\/pages\/195\/revisions"}],"predecessor-version":[{"id":7344,"href":"https:\/\/angelfacio.com\/index.php\/wp-json\/wp\/v2\/pages\/195\/revisions\/7344"}],"wp:attachment":[{"href":"https:\/\/angelfacio.com\/index.php\/wp-json\/wp\/v2\/media?parent=195"}],"curies":[{"name":"wp","href":"https:\/\/api.w.org\/{rel}","templated":true}]}}