{"id":27,"date":"2020-06-13T17:39:08","date_gmt":"2020-06-13T15:39:08","guid":{"rendered":"http:\/\/angelfacio.com\/?page_id=27"},"modified":"2021-01-23T01:42:59","modified_gmt":"2021-01-23T00:42:59","slug":"teu","status":"publish","type":"page","link":"https:\/\/angelfacio.com\/index.php\/teu\/","title":{"rendered":"TEU"},"content":{"rendered":"\t\t<div data-elementor-type=\"wp-page\" data-elementor-id=\"27\" class=\"elementor elementor-27\">\n\t\t\t\t\t\t<section class=\"elementor-section elementor-top-section elementor-element elementor-element-7a6e2d1b elementor-section-boxed elementor-section-height-default elementor-section-height-default\" data-id=\"7a6e2d1b\" data-element_type=\"section\" data-e-type=\"section\">\n\t\t\t\t\t\t<div class=\"elementor-container elementor-column-gap-default\">\n\t\t\t\t\t<div class=\"elementor-column elementor-col-100 elementor-top-column elementor-element elementor-element-75ee52b0\" data-id=\"75ee52b0\" data-element_type=\"column\" data-e-type=\"column\">\n\t\t\t<div class=\"elementor-widget-wrap elementor-element-populated\">\n\t\t\t\t\t\t<div class=\"elementor-element elementor-element-6e030c9d elementor-widget elementor-widget-heading\" data-id=\"6e030c9d\" data-element_type=\"widget\" data-e-type=\"widget\" data-widget_type=\"heading.default\">\n\t\t\t\t<div class=\"elementor-widget-container\">\n\t\t\t\t\t<h2 class=\"elementor-heading-title elementor-size-default\">TEU<\/h2>\t\t\t\t<\/div>\n\t\t\t\t<\/div>\n\t\t\t\t\t<\/div>\n\t\t<\/div>\n\t\t\t\t\t<\/div>\n\t\t<\/section>\n\t\t\t\t<section class=\"elementor-section elementor-top-section elementor-element elementor-element-50058f9a elementor-section-height-min-height elementor-section-boxed elementor-section-height-default elementor-section-items-middle\" data-id=\"50058f9a\" data-element_type=\"section\" data-e-type=\"section\">\n\t\t\t\t\t\t<div class=\"elementor-container elementor-column-gap-default\">\n\t\t\t\t\t<div class=\"elementor-column elementor-col-100 elementor-top-column elementor-element elementor-element-3839342\" data-id=\"3839342\" data-element_type=\"column\" data-e-type=\"column\">\n\t\t\t<div class=\"elementor-widget-wrap elementor-element-populated\">\n\t\t\t\t\t\t<div class=\"elementor-element elementor-element-6851a7b6 elementor-widget elementor-widget-text-editor\" data-id=\"6851a7b6\" data-element_type=\"widget\" data-e-type=\"widget\" data-widget_type=\"text-editor.default\">\n\t\t\t\t<div class=\"elementor-widget-container\">\n\t\t\t\t\t\t\t\t\t<p>\u00c1ngel Facio inicia su trayectoria de Dramaturgo y Director esc\u00e9nico, acomod\u00e1ndose a las condiciones materiales que impone el Teatro Espa\u00f1ol Universitario \u2013 TEU, de la Facultad de Ciencias Pol\u00edticas de Madrid. Ah\u00ed aprende a ponerse en contacto con los textos dram\u00e1ticos e inicia el que ser\u00e1 su recorrido teatral, en torno a temas como el poder y la corrupci\u00f3n en todas sus manifestaciones.<\/p><p>Los Cuadernos de Direcci\u00f3n y otros documentos de los montajes puedes consultarlos en\u00a0<span style=\"color: #fc3030;\"><a style=\"color: #fc3030;\" href=\"http:\/\/archivos-fundacionlosgoliardos.com\/\" target=\"_blank\" rel=\"noopener\"><b><span style=\"color: #ff0000;\">Archivos<\/span> <span style=\"color: #ff0000;\">Fundaci\u00f3n<\/span> <span style=\"color: #ff0000;\">Los<\/span> <span style=\"color: #ff0000;\">Goliardos<\/span>.<\/b><\/a><\/span><\/p>\t\t\t\t\t\t\t\t<\/div>\n\t\t\t\t<\/div>\n\t\t\t\t\t<\/div>\n\t\t<\/div>\n\t\t\t\t\t<\/div>\n\t\t<\/section>\n\t\t\t\t<section class=\"elementor-section elementor-top-section elementor-element elementor-element-2bfc9474 elementor-section-boxed elementor-section-height-default elementor-section-height-default\" data-id=\"2bfc9474\" data-element_type=\"section\" data-e-type=\"section\">\n\t\t\t\t\t\t<div class=\"elementor-container elementor-column-gap-default\">\n\t\t\t\t\t<div class=\"elementor-column elementor-col-50 elementor-top-column elementor-element elementor-element-2a3aca3\" data-id=\"2a3aca3\" data-element_type=\"column\" data-e-type=\"column\">\n\t\t\t<div class=\"elementor-widget-wrap elementor-element-populated\">\n\t\t\t\t\t\t<div class=\"elementor-element elementor-element-75a6e37c elementor-widget elementor-widget-text-editor\" data-id=\"75a6e37c\" data-element_type=\"widget\" data-e-type=\"widget\" data-widget_type=\"text-editor.default\">\n\t\t\t\t<div class=\"elementor-widget-container\">\n\t\t\t\t\t\t\t\t\t<ul><li><span lang=\"es-ES\"><em><strong>El cad\u00e1ver del Sr. Garc\u00eda<\/strong><\/em>, de Jardiel Poncela. <\/span><span lang=\"fr-FR\">1961<\/span><\/li><li><span lang=\"fr-FR\"><em><strong>Escorial<\/strong><\/em>, de Ghelderode<em>. <\/em>1961<\/span><\/li><li><span lang=\"fr-FR\"><em><strong>Humulus<\/strong><\/em>, de Anouilh. <\/span><span lang=\"es-ES\">1961<\/span><\/li><li><span lang=\"es-ES\"><em><strong>Historia de un soldado<\/strong><\/em>, de Ramuz y Stravinsky. 1962<\/span><\/li><li><span lang=\"es-ES\"><em><strong>Ligaz\u00f3n<\/strong><\/em>, de Valle-Incl\u00e1n. 1962<\/span><\/li><\/ul>\t\t\t\t\t\t\t\t<\/div>\n\t\t\t\t<\/div>\n\t\t\t\t\t<\/div>\n\t\t<\/div>\n\t\t\t\t<div class=\"elementor-column elementor-col-50 elementor-top-column elementor-element elementor-element-728f8db\" data-id=\"728f8db\" data-element_type=\"column\" data-e-type=\"column\">\n\t\t\t<div class=\"elementor-widget-wrap elementor-element-populated\">\n\t\t\t\t\t\t<div class=\"elementor-element elementor-element-f6d5048 elementor-arrows-position-inside elementor-pagination-position-outside elementor-widget elementor-widget-image-carousel\" data-id=\"f6d5048\" data-element_type=\"widget\" data-e-type=\"widget\" data-settings=\"{&quot;slides_to_show&quot;:&quot;1&quot;,&quot;navigation&quot;:&quot;both&quot;,&quot;autoplay&quot;:&quot;yes&quot;,&quot;pause_on_hover&quot;:&quot;yes&quot;,&quot;pause_on_interaction&quot;:&quot;yes&quot;,&quot;autoplay_speed&quot;:5000,&quot;infinite&quot;:&quot;yes&quot;,&quot;effect&quot;:&quot;slide&quot;,&quot;speed&quot;:500}\" data-widget_type=\"image-carousel.default\">\n\t\t\t\t<div class=\"elementor-widget-container\">\n\t\t\t\t\t\t\t<div class=\"elementor-image-carousel-wrapper swiper\" role=\"region\" aria-roledescription=\"carousel\" aria-label=\"Carrusel de im\u00e1genes\" dir=\"ltr\">\n\t\t\t<div class=\"elementor-image-carousel swiper-wrapper\" aria-live=\"off\">\n\t\t\t\t\t\t\t\t<div class=\"swiper-slide\" role=\"group\" aria-roledescription=\"slide\" aria-label=\"1 de 5\"><a data-elementor-open-lightbox=\"yes\" data-elementor-lightbox-slideshow=\"f6d5048\" data-elementor-lightbox-title=\"El Cad\u00e1ver del Se\u00f1or Garc\u00eda - Escenograf\u00eda Luis Francisco L\u00f3pez Elizondo\" data-elementor-lightbox-description=\"El Cad\u00e1ver del Se\u00f1or Garc\u00eda - Escenograf\u00eda Luis Francisco L\u00f3pez Elizondo\" data-e-action-hash=\"#elementor-action%3Aaction%3Dlightbox%26settings%3DeyJpZCI6MjU3NiwidXJsIjoiaHR0cHM6XC9cL2FuZ2VsZmFjaW8uY29tXC93cC1jb250ZW50XC91cGxvYWRzXC8yMDIwXC8wOVwvRUwtQ0FEQVZFUi1ERUwtU0VOT1ItR0FSQ0lBLUVzY2Vub2dyYWZpYS0wMDEtZTE2MDMzMjE3OTgzMTAuanBnIiwic2xpZGVzaG93IjoiZjZkNTA0OCJ9\" href=\"https:\/\/angelfacio.com\/wp-content\/uploads\/2020\/09\/EL-CADAVER-DEL-SENOR-GARCIA-Escenografia-001-e1603321798310.jpg\"><figure class=\"swiper-slide-inner\"><img decoding=\"async\" class=\"swiper-slide-image lazyload\" data-src=\"https:\/\/angelfacio.com\/wp-content\/uploads\/elementor\/thumbs\/EL-CADAVER-DEL-SENOR-GARCIA-Escenografia-001-e1603321798310-qukv6rk2qboju40y8rvdbtywid3kr769k3t7lmqpz4.jpg\" alt=\"El Cad\u00e1ver del Se\u00f1or Garc\u00eda,Escenograf\u00eda Luis Francisco L\u00f3pez Elizondo\" src=\"data:image\/svg+xml;base64,PHN2ZyB3aWR0aD0iMSIgaGVpZ2h0PSIxIiB4bWxucz0iaHR0cDovL3d3dy53My5vcmcvMjAwMC9zdmciPjwvc3ZnPg==\" style=\"--smush-placeholder-width: 528px; --smush-placeholder-aspect-ratio: 528\/350;\" \/><figcaption class=\"elementor-image-carousel-caption\">El Cad\u00e1ver del Se\u00f1or Garc\u00eda - Escenograf\u00eda Luis Francisco L\u00f3pez Elizondo<\/figcaption><\/figure><\/a><\/div><div class=\"swiper-slide\" role=\"group\" aria-roledescription=\"slide\" aria-label=\"2 de 5\"><a data-elementor-open-lightbox=\"yes\" data-elementor-lightbox-slideshow=\"f6d5048\" data-elementor-lightbox-title=\"Escorial - Escenograf\u00eda de Alberto Coraz\u00f3n\" data-e-action-hash=\"#elementor-action%3Aaction%3Dlightbox%26settings%3DeyJpZCI6MzY4OSwidXJsIjoiaHR0cHM6XC9cL2FuZ2VsZmFjaW8uY29tXC93cC1jb250ZW50XC91cGxvYWRzXC8yMDIwXC8xMFwvRGlzZW5vLWRlLWVzY2Vub2dyYWZpYS1wYXJhLUVzY29yaWFsLi1BbGJlcnRvLUNvcmF6b24uanBnIiwic2xpZGVzaG93IjoiZjZkNTA0OCJ9\" href=\"https:\/\/angelfacio.com\/wp-content\/uploads\/2020\/10\/Diseno-de-escenografia-para-Escorial.-Alberto-Corazon.jpg\"><figure class=\"swiper-slide-inner\"><img decoding=\"async\" class=\"swiper-slide-image lazyload\" data-src=\"https:\/\/angelfacio.com\/wp-content\/uploads\/elementor\/thumbs\/Diseno-de-escenografia-para-Escorial.-Alberto-Corazon-qukv6nspyzjejo6euq8v1ux24tm3werc7l79oiwao0.jpg\" alt=\"Escorial Escenograf\u00eda de Alberto Coraz\u00f3n\" src=\"data:image\/svg+xml;base64,PHN2ZyB3aWR0aD0iMSIgaGVpZ2h0PSIxIiB4bWxucz0iaHR0cDovL3d3dy53My5vcmcvMjAwMC9zdmciPjwvc3ZnPg==\" style=\"--smush-placeholder-width: 271px; --smush-placeholder-aspect-ratio: 271\/350;\" \/><figcaption class=\"elementor-image-carousel-caption\">Escorial - Escenograf\u00eda de Alberto Coraz\u00f3n<\/figcaption><\/figure><\/a><\/div><div class=\"swiper-slide\" role=\"group\" aria-roledescription=\"slide\" aria-label=\"3 de 5\"><a data-elementor-open-lightbox=\"yes\" data-elementor-lightbox-slideshow=\"f6d5048\" data-elementor-lightbox-title=\"Humulus - Escenograf\u00eda de Luis Parra\" data-e-action-hash=\"#elementor-action%3Aaction%3Dlightbox%26settings%3DeyJpZCI6MjU4MCwidXJsIjoiaHR0cHM6XC9cL2FuZ2VsZmFjaW8uY29tXC93cC1jb250ZW50XC91cGxvYWRzXC8yMDIwXC8wOVwvSFVNVUxVUy1Fc2Nlbm9ncmFmaWEtMDAxLWUxNjAzMzgwNzY0MTI5LmpwZyIsInNsaWRlc2hvdyI6ImY2ZDUwNDgifQ%3D%3D\" href=\"https:\/\/angelfacio.com\/wp-content\/uploads\/2020\/09\/HUMULUS-Escenografia-001-e1603380764129.jpg\"><figure class=\"swiper-slide-inner\"><img decoding=\"async\" class=\"swiper-slide-image lazyload\" data-src=\"https:\/\/angelfacio.com\/wp-content\/uploads\/elementor\/thumbs\/HUMULUS-Escenografia-001-e1603380764129-qukv6poecnlz6w3ojr246ufzblcubsysvui8n2tibk.jpg\" alt=\"Humulus - Escenograf\u00eda de Luis Parra\" src=\"data:image\/svg+xml;base64,PHN2ZyB3aWR0aD0iMSIgaGVpZ2h0PSIxIiB4bWxucz0iaHR0cDovL3d3dy53My5vcmcvMjAwMC9zdmciPjwvc3ZnPg==\" style=\"--smush-placeholder-width: 477px; --smush-placeholder-aspect-ratio: 477\/350;\" \/><figcaption class=\"elementor-image-carousel-caption\">Humulus - Escenograf\u00eda de Luis Parra<\/figcaption><\/figure><\/a><\/div><div class=\"swiper-slide\" role=\"group\" aria-roledescription=\"slide\" aria-label=\"4 de 5\"><a data-elementor-open-lightbox=\"yes\" data-elementor-lightbox-slideshow=\"f6d5048\" data-elementor-lightbox-title=\"Historia de un Soldado - Figurines de Alberto Coraz\u00f3n\" data-e-action-hash=\"#elementor-action%3Aaction%3Dlightbox%26settings%3DeyJpZCI6MjU3OSwidXJsIjoiaHR0cHM6XC9cL2FuZ2VsZmFjaW8uY29tXC93cC1jb250ZW50XC91cGxvYWRzXC8yMDIwXC8wOVwvSElTVE9SSUEtREUtVU4tU09MREFETy1GaWd1cmluZXMtZGUtQWxiZXJ0by1Db3Jhem9uLTAwMS1lMTYwMzM4MDcyNDE4Ni5qcGciLCJzbGlkZXNob3ciOiJmNmQ1MDQ4In0%3D\" href=\"https:\/\/angelfacio.com\/wp-content\/uploads\/2020\/09\/HISTORIA-DE-UN-SOLDADO-Figurines-de-Alberto-Corazon-001-e1603380724186.jpg\"><figure class=\"swiper-slide-inner\"><img decoding=\"async\" class=\"swiper-slide-image lazyload\" data-src=\"https:\/\/angelfacio.com\/wp-content\/uploads\/elementor\/thumbs\/HISTORIA-DE-UN-SOLDADO-Figurines-de-Alberto-Corazon-001-e1603380724186-qukv6oqk5tkova51p8nhmcoiq7hh43v2jpur5suwhs.jpg\" alt=\"Historia de un Soldado - Figurines de Alberto Coraz\u00f3n\" src=\"data:image\/svg+xml;base64,PHN2ZyB3aWR0aD0iMSIgaGVpZ2h0PSIxIiB4bWxucz0iaHR0cDovL3d3dy53My5vcmcvMjAwMC9zdmciPjwvc3ZnPg==\" style=\"--smush-placeholder-width: 248px; --smush-placeholder-aspect-ratio: 248\/350;\" \/><figcaption class=\"elementor-image-carousel-caption\">Historia de un Soldado - Figurines de Alberto Coraz\u00f3n<\/figcaption><\/figure><\/a><\/div><div class=\"swiper-slide\" role=\"group\" aria-roledescription=\"slide\" aria-label=\"5 de 5\"><a data-elementor-open-lightbox=\"yes\" data-elementor-lightbox-slideshow=\"f6d5048\" data-elementor-lightbox-title=\"Ligaz\u00f3n - Escenograf\u00eda de Alberto Coraz\u00f3n\" data-e-action-hash=\"#elementor-action%3Aaction%3Dlightbox%26settings%3DeyJpZCI6MzY5NSwidXJsIjoiaHR0cHM6XC9cL2FuZ2VsZmFjaW8uY29tXC93cC1jb250ZW50XC91cGxvYWRzXC8yMDIwXC8xMFwvTElHQVpPTi1Fc2Nlbm9ncmFmaWEtZGUtQWxiZXJ0by1Db3Jhem9uLTAwMS5qcGciLCJzbGlkZXNob3ciOiJmNmQ1MDQ4In0%3D\" href=\"https:\/\/angelfacio.com\/wp-content\/uploads\/2020\/10\/LIGAZON-Escenografia-de-Alberto-Corazon-001.jpg\"><figure class=\"swiper-slide-inner\"><img decoding=\"async\" class=\"swiper-slide-image lazyload\" data-src=\"https:\/\/angelfacio.com\/wp-content\/uploads\/elementor\/thumbs\/LIGAZON-Escenografia-de-Alberto-Corazon-001-qukv6muvs5i4827s07u8hd5ljfqqopnlvgjs78xou8.jpg\" alt=\"Ligaz\u00f3nEscenograf\u00eda de Alberto Coraz\u00f3n\" src=\"data:image\/svg+xml;base64,PHN2ZyB3aWR0aD0iMSIgaGVpZ2h0PSIxIiB4bWxucz0iaHR0cDovL3d3dy53My5vcmcvMjAwMC9zdmciPjwvc3ZnPg==\" style=\"--smush-placeholder-width: 481px; --smush-placeholder-aspect-ratio: 481\/350;\" \/><figcaption class=\"elementor-image-carousel-caption\">Ligaz\u00f3n - Escenograf\u00eda de Alberto Coraz\u00f3n<\/figcaption><\/figure><\/a><\/div>\t\t\t<\/div>\n\t\t\t\t\t\t\t\t\t\t\t\t<div class=\"elementor-swiper-button elementor-swiper-button-prev\" role=\"button\" tabindex=\"0\">\n\t\t\t\t\t\t<i aria-hidden=\"true\" class=\"eicon-chevron-left\"><\/i>\t\t\t\t\t<\/div>\n\t\t\t\t\t<div class=\"elementor-swiper-button elementor-swiper-button-next\" role=\"button\" tabindex=\"0\">\n\t\t\t\t\t\t<i aria-hidden=\"true\" class=\"eicon-chevron-right\"><\/i>\t\t\t\t\t<\/div>\n\t\t\t\t\n\t\t\t\t\t\t\t\t\t<div class=\"swiper-pagination\"><\/div>\n\t\t\t\t\t\t\t\t\t<\/div>\n\t\t\t\t\t\t<\/div>\n\t\t\t\t<\/div>\n\t\t\t\t\t<\/div>\n\t\t<\/div>\n\t\t\t\t\t<\/div>\n\t\t<\/section>\n\t\t\t\t<\/div>\n\t\t","protected":false},"excerpt":{"rendered":"<p>TEU \u00c1ngel Facio inicia su trayectoria de Dramaturgo y Director esc\u00e9nico, acomod\u00e1ndose a las condiciones materiales que impone el Teatro Espa\u00f1ol Universitario \u2013 TEU, de la Facultad de Ciencias Pol\u00edticas de Madrid. Ah\u00ed aprende a ponerse en contacto con los textos dram\u00e1ticos e inicia el que ser\u00e1 su recorrido teatral, en torno a temas como [&hellip;]<\/p>\n","protected":false},"author":1,"featured_media":0,"parent":0,"menu_order":0,"comment_status":"closed","ping_status":"closed","template":"elementor_canvas","meta":{"footnotes":""},"class_list":["post-27","page","type-page","status-publish","hentry"],"yoast_head":"<!-- This site is optimized with the Yoast SEO plugin v25.6 - https:\/\/yoast.com\/wordpress\/plugins\/seo\/ -->\n<title>TEU - \u00c1ngel Facio<\/title>\n<meta name=\"robots\" content=\"index, follow, max-snippet:-1, max-image-preview:large, max-video-preview:-1\" \/>\n<link rel=\"canonical\" href=\"https:\/\/angelfacio.com\/index.php\/teu\/\" \/>\n<meta property=\"og:locale\" content=\"es_ES\" \/>\n<meta property=\"og:type\" content=\"article\" \/>\n<meta property=\"og:title\" content=\"TEU - \u00c1ngel Facio\" \/>\n<meta property=\"og:description\" content=\"TEU \u00c1ngel Facio inicia su trayectoria de Dramaturgo y Director esc\u00e9nico, acomod\u00e1ndose a las condiciones materiales que impone el Teatro Espa\u00f1ol Universitario \u2013 TEU, de la Facultad de Ciencias Pol\u00edticas de Madrid. Ah\u00ed aprende a ponerse en contacto con los textos dram\u00e1ticos e inicia el que ser\u00e1 su recorrido teatral, en torno a temas como [&hellip;]\" \/>\n<meta property=\"og:url\" content=\"https:\/\/angelfacio.com\/index.php\/teu\/\" \/>\n<meta property=\"og:site_name\" content=\"\u00c1ngel Facio\" \/>\n<meta property=\"article:modified_time\" content=\"2021-01-23T00:42:59+00:00\" \/>\n<meta property=\"og:image\" content=\"https:\/\/angelfacio.com\/wp-content\/uploads\/elementor\/thumbs\/EL-CADAVER-DEL-SENOR-GARCIA-Escenografia-001-e1603321798310-ox9j9yl8jjkgy33lvm0bajr7cb4igol67nvz72vcow.jpg\" \/>\n<meta name=\"twitter:card\" content=\"summary_large_image\" \/>\n<meta name=\"twitter:label1\" content=\"Tiempo de lectura\" \/>\n\t<meta name=\"twitter:data1\" content=\"3 minutos\" \/>\n<script type=\"application\/ld+json\" class=\"yoast-schema-graph\">{\"@context\":\"https:\/\/schema.org\",\"@graph\":[{\"@type\":\"WebPage\",\"@id\":\"https:\/\/angelfacio.com\/index.php\/teu\/\",\"url\":\"https:\/\/angelfacio.com\/index.php\/teu\/\",\"name\":\"TEU - \u00c1ngel Facio\",\"isPartOf\":{\"@id\":\"https:\/\/angelfacio.com\/#website\"},\"primaryImageOfPage\":{\"@id\":\"https:\/\/angelfacio.com\/index.php\/teu\/#primaryimage\"},\"image\":{\"@id\":\"https:\/\/angelfacio.com\/index.php\/teu\/#primaryimage\"},\"thumbnailUrl\":\"https:\/\/angelfacio.com\/wp-content\/uploads\/elementor\/thumbs\/EL-CADAVER-DEL-SENOR-GARCIA-Escenografia-001-e1603321798310-ox9j9yl8jjkgy33lvm0bajr7cb4igol67nvz72vcow.jpg\",\"datePublished\":\"2020-06-13T15:39:08+00:00\",\"dateModified\":\"2021-01-23T00:42:59+00:00\",\"breadcrumb\":{\"@id\":\"https:\/\/angelfacio.com\/index.php\/teu\/#breadcrumb\"},\"inLanguage\":\"es\",\"potentialAction\":[{\"@type\":\"ReadAction\",\"target\":[\"https:\/\/angelfacio.com\/index.php\/teu\/\"]}]},{\"@type\":\"ImageObject\",\"inLanguage\":\"es\",\"@id\":\"https:\/\/angelfacio.com\/index.php\/teu\/#primaryimage\",\"url\":\"https:\/\/angelfacio.com\/wp-content\/uploads\/elementor\/thumbs\/EL-CADAVER-DEL-SENOR-GARCIA-Escenografia-001-e1603321798310-ox9j9yl8jjkgy33lvm0bajr7cb4igol67nvz72vcow.jpg\",\"contentUrl\":\"https:\/\/angelfacio.com\/wp-content\/uploads\/elementor\/thumbs\/EL-CADAVER-DEL-SENOR-GARCIA-Escenografia-001-e1603321798310-ox9j9yl8jjkgy33lvm0bajr7cb4igol67nvz72vcow.jpg\"},{\"@type\":\"BreadcrumbList\",\"@id\":\"https:\/\/angelfacio.com\/index.php\/teu\/#breadcrumb\",\"itemListElement\":[{\"@type\":\"ListItem\",\"position\":1,\"name\":\"Portada\",\"item\":\"https:\/\/angelfacio.com\/\"},{\"@type\":\"ListItem\",\"position\":2,\"name\":\"TEU\"}]},{\"@type\":\"WebSite\",\"@id\":\"https:\/\/angelfacio.com\/#website\",\"url\":\"https:\/\/angelfacio.com\/\",\"name\":\"\u00c1ngel Facio\",\"description\":\"Dramaturgo y Director Esc\u00e9nico\",\"potentialAction\":[{\"@type\":\"SearchAction\",\"target\":{\"@type\":\"EntryPoint\",\"urlTemplate\":\"https:\/\/angelfacio.com\/?s={search_term_string}\"},\"query-input\":{\"@type\":\"PropertyValueSpecification\",\"valueRequired\":true,\"valueName\":\"search_term_string\"}}],\"inLanguage\":\"es\"}]}<\/script>\n<!-- \/ Yoast SEO plugin. -->","yoast_head_json":{"title":"TEU - \u00c1ngel Facio","robots":{"index":"index","follow":"follow","max-snippet":"max-snippet:-1","max-image-preview":"max-image-preview:large","max-video-preview":"max-video-preview:-1"},"canonical":"https:\/\/angelfacio.com\/index.php\/teu\/","og_locale":"es_ES","og_type":"article","og_title":"TEU - \u00c1ngel Facio","og_description":"TEU \u00c1ngel Facio inicia su trayectoria de Dramaturgo y Director esc\u00e9nico, acomod\u00e1ndose a las condiciones materiales que impone el Teatro Espa\u00f1ol Universitario \u2013 TEU, de la Facultad de Ciencias Pol\u00edticas de Madrid. Ah\u00ed aprende a ponerse en contacto con los textos dram\u00e1ticos e inicia el que ser\u00e1 su recorrido teatral, en torno a temas como [&hellip;]","og_url":"https:\/\/angelfacio.com\/index.php\/teu\/","og_site_name":"\u00c1ngel Facio","article_modified_time":"2021-01-23T00:42:59+00:00","og_image":[{"url":"https:\/\/angelfacio.com\/wp-content\/uploads\/elementor\/thumbs\/EL-CADAVER-DEL-SENOR-GARCIA-Escenografia-001-e1603321798310-ox9j9yl8jjkgy33lvm0bajr7cb4igol67nvz72vcow.jpg","type":"","width":"","height":""}],"twitter_card":"summary_large_image","twitter_misc":{"Tiempo de lectura":"3 minutos"},"schema":{"@context":"https:\/\/schema.org","@graph":[{"@type":"WebPage","@id":"https:\/\/angelfacio.com\/index.php\/teu\/","url":"https:\/\/angelfacio.com\/index.php\/teu\/","name":"TEU - \u00c1ngel Facio","isPartOf":{"@id":"https:\/\/angelfacio.com\/#website"},"primaryImageOfPage":{"@id":"https:\/\/angelfacio.com\/index.php\/teu\/#primaryimage"},"image":{"@id":"https:\/\/angelfacio.com\/index.php\/teu\/#primaryimage"},"thumbnailUrl":"https:\/\/angelfacio.com\/wp-content\/uploads\/elementor\/thumbs\/EL-CADAVER-DEL-SENOR-GARCIA-Escenografia-001-e1603321798310-ox9j9yl8jjkgy33lvm0bajr7cb4igol67nvz72vcow.jpg","datePublished":"2020-06-13T15:39:08+00:00","dateModified":"2021-01-23T00:42:59+00:00","breadcrumb":{"@id":"https:\/\/angelfacio.com\/index.php\/teu\/#breadcrumb"},"inLanguage":"es","potentialAction":[{"@type":"ReadAction","target":["https:\/\/angelfacio.com\/index.php\/teu\/"]}]},{"@type":"ImageObject","inLanguage":"es","@id":"https:\/\/angelfacio.com\/index.php\/teu\/#primaryimage","url":"https:\/\/angelfacio.com\/wp-content\/uploads\/elementor\/thumbs\/EL-CADAVER-DEL-SENOR-GARCIA-Escenografia-001-e1603321798310-ox9j9yl8jjkgy33lvm0bajr7cb4igol67nvz72vcow.jpg","contentUrl":"https:\/\/angelfacio.com\/wp-content\/uploads\/elementor\/thumbs\/EL-CADAVER-DEL-SENOR-GARCIA-Escenografia-001-e1603321798310-ox9j9yl8jjkgy33lvm0bajr7cb4igol67nvz72vcow.jpg"},{"@type":"BreadcrumbList","@id":"https:\/\/angelfacio.com\/index.php\/teu\/#breadcrumb","itemListElement":[{"@type":"ListItem","position":1,"name":"Portada","item":"https:\/\/angelfacio.com\/"},{"@type":"ListItem","position":2,"name":"TEU"}]},{"@type":"WebSite","@id":"https:\/\/angelfacio.com\/#website","url":"https:\/\/angelfacio.com\/","name":"\u00c1ngel Facio","description":"Dramaturgo y Director Esc\u00e9nico","potentialAction":[{"@type":"SearchAction","target":{"@type":"EntryPoint","urlTemplate":"https:\/\/angelfacio.com\/?s={search_term_string}"},"query-input":{"@type":"PropertyValueSpecification","valueRequired":true,"valueName":"search_term_string"}}],"inLanguage":"es"}]}},"_links":{"self":[{"href":"https:\/\/angelfacio.com\/index.php\/wp-json\/wp\/v2\/pages\/27"}],"collection":[{"href":"https:\/\/angelfacio.com\/index.php\/wp-json\/wp\/v2\/pages"}],"about":[{"href":"https:\/\/angelfacio.com\/index.php\/wp-json\/wp\/v2\/types\/page"}],"author":[{"embeddable":true,"href":"https:\/\/angelfacio.com\/index.php\/wp-json\/wp\/v2\/users\/1"}],"replies":[{"embeddable":true,"href":"https:\/\/angelfacio.com\/index.php\/wp-json\/wp\/v2\/comments?post=27"}],"version-history":[{"count":48,"href":"https:\/\/angelfacio.com\/index.php\/wp-json\/wp\/v2\/pages\/27\/revisions"}],"predecessor-version":[{"id":7336,"href":"https:\/\/angelfacio.com\/index.php\/wp-json\/wp\/v2\/pages\/27\/revisions\/7336"}],"wp:attachment":[{"href":"https:\/\/angelfacio.com\/index.php\/wp-json\/wp\/v2\/media?parent=27"}],"curies":[{"name":"wp","href":"https:\/\/api.w.org\/{rel}","templated":true}]}}