{"id":33,"date":"2020-06-13T17:40:41","date_gmt":"2020-06-13T15:40:41","guid":{"rendered":"http:\/\/angelfacio.com\/?page_id=33"},"modified":"2021-01-23T01:42:51","modified_gmt":"2021-01-23T00:42:51","slug":"polonia","status":"publish","type":"page","link":"https:\/\/angelfacio.com\/index.php\/polonia\/","title":{"rendered":"Polonia"},"content":{"rendered":"\t\t<div data-elementor-type=\"wp-page\" data-elementor-id=\"33\" class=\"elementor elementor-33\">\n\t\t\t\t\t\t<section class=\"elementor-section elementor-top-section elementor-element elementor-element-1dfca2a3 elementor-section-boxed elementor-section-height-default elementor-section-height-default\" data-id=\"1dfca2a3\" data-element_type=\"section\" data-e-type=\"section\">\n\t\t\t\t\t\t<div class=\"elementor-container elementor-column-gap-default\">\n\t\t\t\t\t<div class=\"elementor-column elementor-col-100 elementor-top-column elementor-element elementor-element-55f6c619\" data-id=\"55f6c619\" data-element_type=\"column\" data-e-type=\"column\">\n\t\t\t<div class=\"elementor-widget-wrap elementor-element-populated\">\n\t\t\t\t\t\t<div class=\"elementor-element elementor-element-7b437b76 elementor-widget elementor-widget-heading\" data-id=\"7b437b76\" data-element_type=\"widget\" data-e-type=\"widget\" data-widget_type=\"heading.default\">\n\t\t\t\t<div class=\"elementor-widget-container\">\n\t\t\t\t\t<h2 class=\"elementor-heading-title elementor-size-default\">Polonia<\/h2>\t\t\t\t<\/div>\n\t\t\t\t<\/div>\n\t\t\t\t\t<\/div>\n\t\t<\/div>\n\t\t\t\t\t<\/div>\n\t\t<\/section>\n\t\t\t\t<section class=\"elementor-section elementor-top-section elementor-element elementor-element-2f86b2d6 elementor-section-boxed elementor-section-height-default elementor-section-height-default\" data-id=\"2f86b2d6\" data-element_type=\"section\" data-e-type=\"section\">\n\t\t\t\t\t\t<div class=\"elementor-container elementor-column-gap-default\">\n\t\t\t\t\t<div class=\"elementor-column elementor-col-100 elementor-top-column elementor-element elementor-element-13bba21c\" data-id=\"13bba21c\" data-element_type=\"column\" data-e-type=\"column\">\n\t\t\t<div class=\"elementor-widget-wrap elementor-element-populated\">\n\t\t\t\t\t\t<div class=\"elementor-element elementor-element-554d0d03 elementor-widget elementor-widget-text-editor\" data-id=\"554d0d03\" data-element_type=\"widget\" data-e-type=\"widget\" data-widget_type=\"text-editor.default\">\n\t\t\t\t<div class=\"elementor-widget-container\">\n\t\t\t\t\t\t\t\t\t<p>Esta propuesta esc\u00e9nica fue resultado de un encuentro amistoso entre \u00c1ngel Facio y Bogdan Hussakowski, director del <em>Teatr im Stefana Jaracza<\/em>, de Lodz. Devolviendo as\u00ed la gira que Facio le hab\u00eda organizado en Espa\u00f1a al Teatro Universitario de Lodz, con el espect\u00e1culo <em>El libro de Job<\/em>. De paso, \u00c1ngel Facio se cre\u00f3 una colecci\u00f3n de <span style=\"color: #fc3030;\"><a style=\"color: #fc3030;\" href=\"http:\/\/archivos-fundacionlosgoliardos.com\/\" target=\"_blank\" rel=\"noopener\"><strong><span style=\"color: #ff0000;\">Carteles<\/span> <span style=\"color: #ff0000;\">de<\/span> <span style=\"color: #ff0000;\">Teatro<\/span> <span style=\"color: #ff0000;\">Polaco<\/span><\/strong><\/a>.<\/span><\/p><p>Los Cuadernos de Direcci\u00f3n y otros documentos de los montajes puedes consultarlos en\u00a0<span style=\"color: #fc3030;\"><a style=\"color: #fc3030;\" href=\"http:\/\/archivos-fundacionlosgoliardos.com\/\" target=\"_blank\" rel=\"noopener\"><b><span style=\"color: #ff0000;\">Archivos<\/span> <span style=\"color: #ff0000;\">Fundaci\u00f3n<\/span> <span style=\"color: #ff0000;\">Los<\/span> <span style=\"color: #ff0000;\">Goliardos<\/span>.<\/b><\/a><\/span><\/p><p>\u00a0<\/p>\t\t\t\t\t\t\t\t<\/div>\n\t\t\t\t<\/div>\n\t\t\t\t\t<\/div>\n\t\t<\/div>\n\t\t\t\t\t<\/div>\n\t\t<\/section>\n\t\t\t\t<section class=\"elementor-section elementor-top-section elementor-element elementor-element-edb94b4 elementor-section-boxed elementor-section-height-default elementor-section-height-default\" data-id=\"edb94b4\" data-element_type=\"section\" data-e-type=\"section\">\n\t\t\t\t\t\t<div class=\"elementor-container elementor-column-gap-default\">\n\t\t\t\t\t<div class=\"elementor-column elementor-col-50 elementor-top-column elementor-element elementor-element-b6880be\" data-id=\"b6880be\" data-element_type=\"column\" data-e-type=\"column\">\n\t\t\t<div class=\"elementor-widget-wrap elementor-element-populated\">\n\t\t\t\t\t\t<div class=\"elementor-element elementor-element-e87d316 elementor-widget elementor-widget-text-editor\" data-id=\"e87d316\" data-element_type=\"widget\" data-e-type=\"widget\" data-widget_type=\"text-editor.default\">\n\t\t\t\t<div class=\"elementor-widget-container\">\n\t\t\t\t\t\t\t\t\t<ul><li><em><strong>Las Criadas<\/strong><\/em>, de Genet. 1984<\/li><\/ul>\t\t\t\t\t\t\t\t<\/div>\n\t\t\t\t<\/div>\n\t\t\t\t<div class=\"elementor-element elementor-element-69ca435 elementor-widget elementor-widget-text-editor\" data-id=\"69ca435\" data-element_type=\"widget\" data-e-type=\"widget\" data-widget_type=\"text-editor.default\">\n\t\t\t\t<div class=\"elementor-widget-container\">\n\t\t\t\t\t\t\t\t\t<ul><li><em>La Criadas, 1991\u00a0 <a href=\"https:\/\/angelfacio.com\/index.php\/2020\/09\/15\/las_criadas\/\"><span lang=\"es-ES\"><img decoding=\"async\" class=\"alignnone wp-image-1601 lazyload\" data-src=\"https:\/\/angelfacio.com\/wp-content\/uploads\/2020\/08\/pdf_2.jpg\" alt=\"\" width=\"20\" height=\"23\" src=\"data:image\/svg+xml;base64,PHN2ZyB3aWR0aD0iMSIgaGVpZ2h0PSIxIiB4bWxucz0iaHR0cDovL3d3dy53My5vcmcvMjAwMC9zdmciPjwvc3ZnPg==\" style=\"--smush-placeholder-width: 20px; --smush-placeholder-aspect-ratio: 20\/23;\" \/><\/span><\/a><\/em><\/li><li><em><span lang=\"es-ES\">Notas Dramaturgia La Criadas, <\/span>1991\u00a0 <a href=\"https:\/\/angelfacio.com\/index.php\/2020\/09\/15\/las_criadas_notas_dramaturgia\/\"><img decoding=\"async\" class=\"alignnone wp-image-1601 lazyload\" data-src=\"https:\/\/angelfacio.com\/wp-content\/uploads\/2020\/08\/pdf_2.jpg\" alt=\"\" width=\"20\" height=\"23\" src=\"data:image\/svg+xml;base64,PHN2ZyB3aWR0aD0iMSIgaGVpZ2h0PSIxIiB4bWxucz0iaHR0cDovL3d3dy53My5vcmcvMjAwMC9zdmciPjwvc3ZnPg==\" style=\"--smush-placeholder-width: 20px; --smush-placeholder-aspect-ratio: 20\/23;\" \/><\/a><\/em><\/li><\/ul>\t\t\t\t\t\t\t\t<\/div>\n\t\t\t\t<\/div>\n\t\t\t\t\t<\/div>\n\t\t<\/div>\n\t\t\t\t<div class=\"elementor-column elementor-col-50 elementor-top-column elementor-element elementor-element-691da7e\" data-id=\"691da7e\" data-element_type=\"column\" data-e-type=\"column\">\n\t\t\t<div class=\"elementor-widget-wrap elementor-element-populated\">\n\t\t\t\t\t\t<div class=\"elementor-element elementor-element-931df00 elementor-arrows-position-inside elementor-pagination-position-outside elementor-widget elementor-widget-image-carousel\" data-id=\"931df00\" data-element_type=\"widget\" data-e-type=\"widget\" data-settings=\"{&quot;slides_to_show&quot;:&quot;1&quot;,&quot;navigation&quot;:&quot;both&quot;,&quot;autoplay&quot;:&quot;yes&quot;,&quot;pause_on_hover&quot;:&quot;yes&quot;,&quot;pause_on_interaction&quot;:&quot;yes&quot;,&quot;autoplay_speed&quot;:5000,&quot;infinite&quot;:&quot;yes&quot;,&quot;effect&quot;:&quot;slide&quot;,&quot;speed&quot;:500}\" data-widget_type=\"image-carousel.default\">\n\t\t\t\t<div class=\"elementor-widget-container\">\n\t\t\t\t\t\t\t<div class=\"elementor-image-carousel-wrapper swiper\" role=\"region\" aria-roledescription=\"carousel\" aria-label=\"Carrusel de im\u00e1genes\" dir=\"ltr\">\n\t\t\t<div class=\"elementor-image-carousel swiper-wrapper\" aria-live=\"off\">\n\t\t\t\t\t\t\t\t<div class=\"swiper-slide\" role=\"group\" aria-roledescription=\"slide\" aria-label=\"1 de 1\"><a data-elementor-open-lightbox=\"yes\" data-elementor-lightbox-slideshow=\"931df00\" data-elementor-lightbox-title=\"Las Criadas -Teatro Jaracz, Lodz -Dise\u00f1o cartel Swierzy\" data-e-action-hash=\"#elementor-action%3Aaction%3Dlightbox%26settings%3DeyJpZCI6Mjg2MiwidXJsIjoiaHR0cHM6XC9cL2FuZ2VsZmFjaW8uY29tXC93cC1jb250ZW50XC91cGxvYWRzXC8yMDIwXC8wOVwvRGlzZW5vLWNhcnRlbC1Td2llcnp5LUxhcy1jcmlhZGFzLi1UZWF0cm8tSmFyYWN6LUxvZHouanBnIiwic2xpZGVzaG93IjoiOTMxZGYwMCJ9\" href=\"https:\/\/angelfacio.com\/wp-content\/uploads\/2020\/09\/Diseno-cartel-Swierzy-Las-criadas.-Teatro-Jaracz-Lodz.jpg\"><figure class=\"swiper-slide-inner\"><img decoding=\"async\" class=\"swiper-slide-image lazyload\" data-src=\"https:\/\/angelfacio.com\/wp-content\/uploads\/elementor\/thumbs\/Diseno-cartel-Swierzy-Las-criadas.-Teatro-Jaracz-Lodz-qukv6shwx5pu5pzl3a9zwbqd3qyxyw9zw8gp2wpbsw.jpg\" alt=\"Las Criadas-Teatro Jaracz, Lodz -Dise\u00f1o cartel Swierzy\" src=\"data:image\/svg+xml;base64,PHN2ZyB3aWR0aD0iMSIgaGVpZ2h0PSIxIiB4bWxucz0iaHR0cDovL3d3dy53My5vcmcvMjAwMC9zdmciPjwvc3ZnPg==\" style=\"--smush-placeholder-width: 239px; --smush-placeholder-aspect-ratio: 239\/350;\" \/><figcaption class=\"elementor-image-carousel-caption\">Las Criadas -Teatro Jaracz, Lodz<br \/>Dise\u00f1o cartel Swierzy<\/figcaption><\/figure><\/a><\/div>\t\t\t<\/div>\n\t\t\t\t\t<\/div>\n\t\t\t\t\t\t<\/div>\n\t\t\t\t<\/div>\n\t\t\t\t\t<\/div>\n\t\t<\/div>\n\t\t\t\t\t<\/div>\n\t\t<\/section>\n\t\t\t\t<section class=\"elementor-section elementor-top-section elementor-element elementor-element-b4111a5 elementor-section-boxed elementor-section-height-default elementor-section-height-default\" data-id=\"b4111a5\" data-element_type=\"section\" data-e-type=\"section\">\n\t\t\t\t\t\t<div class=\"elementor-container elementor-column-gap-default\">\n\t\t\t\t\t<div class=\"elementor-column elementor-col-100 elementor-top-column elementor-element elementor-element-89a7615\" data-id=\"89a7615\" data-element_type=\"column\" data-e-type=\"column\">\n\t\t\t<div class=\"elementor-widget-wrap elementor-element-populated\">\n\t\t\t\t\t\t<div class=\"elementor-element elementor-element-32729a1 elementor-widget elementor-widget-spacer\" data-id=\"32729a1\" data-element_type=\"widget\" data-e-type=\"widget\" data-widget_type=\"spacer.default\">\n\t\t\t\t<div class=\"elementor-widget-container\">\n\t\t\t\t\t\t\t<div class=\"elementor-spacer\">\n\t\t\t<div class=\"elementor-spacer-inner\"><\/div>\n\t\t<\/div>\n\t\t\t\t\t\t<\/div>\n\t\t\t\t<\/div>\n\t\t\t\t\t<\/div>\n\t\t<\/div>\n\t\t\t\t\t<\/div>\n\t\t<\/section>\n\t\t\t\t<\/div>\n\t\t","protected":false},"excerpt":{"rendered":"<p>Polonia Esta propuesta esc\u00e9nica fue resultado de un encuentro amistoso entre \u00c1ngel Facio y Bogdan Hussakowski, director del Teatr im Stefana Jaracza, de Lodz. Devolviendo as\u00ed la gira que Facio le hab\u00eda organizado en Espa\u00f1a al Teatro Universitario de Lodz, con el espect\u00e1culo El libro de Job. De paso, \u00c1ngel Facio se cre\u00f3 una colecci\u00f3n [&hellip;]<\/p>\n","protected":false},"author":1,"featured_media":0,"parent":0,"menu_order":0,"comment_status":"closed","ping_status":"closed","template":"elementor_canvas","meta":{"footnotes":""},"class_list":["post-33","page","type-page","status-publish","hentry"],"yoast_head":"<!-- This site is optimized with the Yoast SEO plugin v25.6 - https:\/\/yoast.com\/wordpress\/plugins\/seo\/ -->\n<title>Polonia - \u00c1ngel Facio<\/title>\n<meta name=\"robots\" content=\"index, follow, max-snippet:-1, max-image-preview:large, max-video-preview:-1\" \/>\n<link rel=\"canonical\" href=\"https:\/\/angelfacio.com\/index.php\/polonia\/\" \/>\n<meta property=\"og:locale\" content=\"es_ES\" \/>\n<meta property=\"og:type\" content=\"article\" \/>\n<meta property=\"og:title\" content=\"Polonia - \u00c1ngel Facio\" \/>\n<meta property=\"og:description\" content=\"Polonia Esta propuesta esc\u00e9nica fue resultado de un encuentro amistoso entre \u00c1ngel Facio y Bogdan Hussakowski, director del Teatr im Stefana Jaracza, de Lodz. Devolviendo as\u00ed la gira que Facio le hab\u00eda organizado en Espa\u00f1a al Teatro Universitario de Lodz, con el espect\u00e1culo El libro de Job. De paso, \u00c1ngel Facio se cre\u00f3 una colecci\u00f3n [&hellip;]\" \/>\n<meta property=\"og:url\" content=\"https:\/\/angelfacio.com\/index.php\/polonia\/\" \/>\n<meta property=\"og:site_name\" content=\"\u00c1ngel Facio\" \/>\n<meta property=\"article:modified_time\" content=\"2021-01-23T00:42:51+00:00\" \/>\n<meta property=\"og:image\" content=\"https:\/\/angelfacio.com\/wp-content\/uploads\/2020\/08\/pdf_2.jpg\" \/>\n<meta name=\"twitter:card\" content=\"summary_large_image\" \/>\n<meta name=\"twitter:label1\" content=\"Tiempo de lectura\" \/>\n\t<meta name=\"twitter:data1\" content=\"2 minutos\" \/>\n<script type=\"application\/ld+json\" class=\"yoast-schema-graph\">{\"@context\":\"https:\/\/schema.org\",\"@graph\":[{\"@type\":\"WebPage\",\"@id\":\"https:\/\/angelfacio.com\/index.php\/polonia\/\",\"url\":\"https:\/\/angelfacio.com\/index.php\/polonia\/\",\"name\":\"Polonia - \u00c1ngel Facio\",\"isPartOf\":{\"@id\":\"https:\/\/angelfacio.com\/#website\"},\"primaryImageOfPage\":{\"@id\":\"https:\/\/angelfacio.com\/index.php\/polonia\/#primaryimage\"},\"image\":{\"@id\":\"https:\/\/angelfacio.com\/index.php\/polonia\/#primaryimage\"},\"thumbnailUrl\":\"https:\/\/angelfacio.com\/wp-content\/uploads\/2020\/08\/pdf_2.jpg\",\"datePublished\":\"2020-06-13T15:40:41+00:00\",\"dateModified\":\"2021-01-23T00:42:51+00:00\",\"breadcrumb\":{\"@id\":\"https:\/\/angelfacio.com\/index.php\/polonia\/#breadcrumb\"},\"inLanguage\":\"es\",\"potentialAction\":[{\"@type\":\"ReadAction\",\"target\":[\"https:\/\/angelfacio.com\/index.php\/polonia\/\"]}]},{\"@type\":\"ImageObject\",\"inLanguage\":\"es\",\"@id\":\"https:\/\/angelfacio.com\/index.php\/polonia\/#primaryimage\",\"url\":\"https:\/\/angelfacio.com\/wp-content\/uploads\/2020\/08\/pdf_2-e1598396301828.jpg\",\"contentUrl\":\"https:\/\/angelfacio.com\/wp-content\/uploads\/2020\/08\/pdf_2-e1598396301828.jpg\",\"width\":150,\"height\":100},{\"@type\":\"BreadcrumbList\",\"@id\":\"https:\/\/angelfacio.com\/index.php\/polonia\/#breadcrumb\",\"itemListElement\":[{\"@type\":\"ListItem\",\"position\":1,\"name\":\"Portada\",\"item\":\"https:\/\/angelfacio.com\/\"},{\"@type\":\"ListItem\",\"position\":2,\"name\":\"Polonia\"}]},{\"@type\":\"WebSite\",\"@id\":\"https:\/\/angelfacio.com\/#website\",\"url\":\"https:\/\/angelfacio.com\/\",\"name\":\"\u00c1ngel Facio\",\"description\":\"Dramaturgo y Director Esc\u00e9nico\",\"potentialAction\":[{\"@type\":\"SearchAction\",\"target\":{\"@type\":\"EntryPoint\",\"urlTemplate\":\"https:\/\/angelfacio.com\/?s={search_term_string}\"},\"query-input\":{\"@type\":\"PropertyValueSpecification\",\"valueRequired\":true,\"valueName\":\"search_term_string\"}}],\"inLanguage\":\"es\"}]}<\/script>\n<!-- \/ Yoast SEO plugin. -->","yoast_head_json":{"title":"Polonia - \u00c1ngel Facio","robots":{"index":"index","follow":"follow","max-snippet":"max-snippet:-1","max-image-preview":"max-image-preview:large","max-video-preview":"max-video-preview:-1"},"canonical":"https:\/\/angelfacio.com\/index.php\/polonia\/","og_locale":"es_ES","og_type":"article","og_title":"Polonia - \u00c1ngel Facio","og_description":"Polonia Esta propuesta esc\u00e9nica fue resultado de un encuentro amistoso entre \u00c1ngel Facio y Bogdan Hussakowski, director del Teatr im Stefana Jaracza, de Lodz. Devolviendo as\u00ed la gira que Facio le hab\u00eda organizado en Espa\u00f1a al Teatro Universitario de Lodz, con el espect\u00e1culo El libro de Job. De paso, \u00c1ngel Facio se cre\u00f3 una colecci\u00f3n [&hellip;]","og_url":"https:\/\/angelfacio.com\/index.php\/polonia\/","og_site_name":"\u00c1ngel Facio","article_modified_time":"2021-01-23T00:42:51+00:00","og_image":[{"url":"https:\/\/angelfacio.com\/wp-content\/uploads\/2020\/08\/pdf_2.jpg","type":"","width":"","height":""}],"twitter_card":"summary_large_image","twitter_misc":{"Tiempo de lectura":"2 minutos"},"schema":{"@context":"https:\/\/schema.org","@graph":[{"@type":"WebPage","@id":"https:\/\/angelfacio.com\/index.php\/polonia\/","url":"https:\/\/angelfacio.com\/index.php\/polonia\/","name":"Polonia - \u00c1ngel Facio","isPartOf":{"@id":"https:\/\/angelfacio.com\/#website"},"primaryImageOfPage":{"@id":"https:\/\/angelfacio.com\/index.php\/polonia\/#primaryimage"},"image":{"@id":"https:\/\/angelfacio.com\/index.php\/polonia\/#primaryimage"},"thumbnailUrl":"https:\/\/angelfacio.com\/wp-content\/uploads\/2020\/08\/pdf_2.jpg","datePublished":"2020-06-13T15:40:41+00:00","dateModified":"2021-01-23T00:42:51+00:00","breadcrumb":{"@id":"https:\/\/angelfacio.com\/index.php\/polonia\/#breadcrumb"},"inLanguage":"es","potentialAction":[{"@type":"ReadAction","target":["https:\/\/angelfacio.com\/index.php\/polonia\/"]}]},{"@type":"ImageObject","inLanguage":"es","@id":"https:\/\/angelfacio.com\/index.php\/polonia\/#primaryimage","url":"https:\/\/angelfacio.com\/wp-content\/uploads\/2020\/08\/pdf_2-e1598396301828.jpg","contentUrl":"https:\/\/angelfacio.com\/wp-content\/uploads\/2020\/08\/pdf_2-e1598396301828.jpg","width":150,"height":100},{"@type":"BreadcrumbList","@id":"https:\/\/angelfacio.com\/index.php\/polonia\/#breadcrumb","itemListElement":[{"@type":"ListItem","position":1,"name":"Portada","item":"https:\/\/angelfacio.com\/"},{"@type":"ListItem","position":2,"name":"Polonia"}]},{"@type":"WebSite","@id":"https:\/\/angelfacio.com\/#website","url":"https:\/\/angelfacio.com\/","name":"\u00c1ngel Facio","description":"Dramaturgo y Director Esc\u00e9nico","potentialAction":[{"@type":"SearchAction","target":{"@type":"EntryPoint","urlTemplate":"https:\/\/angelfacio.com\/?s={search_term_string}"},"query-input":{"@type":"PropertyValueSpecification","valueRequired":true,"valueName":"search_term_string"}}],"inLanguage":"es"}]}},"_links":{"self":[{"href":"https:\/\/angelfacio.com\/index.php\/wp-json\/wp\/v2\/pages\/33"}],"collection":[{"href":"https:\/\/angelfacio.com\/index.php\/wp-json\/wp\/v2\/pages"}],"about":[{"href":"https:\/\/angelfacio.com\/index.php\/wp-json\/wp\/v2\/types\/page"}],"author":[{"embeddable":true,"href":"https:\/\/angelfacio.com\/index.php\/wp-json\/wp\/v2\/users\/1"}],"replies":[{"embeddable":true,"href":"https:\/\/angelfacio.com\/index.php\/wp-json\/wp\/v2\/comments?post=33"}],"version-history":[{"count":58,"href":"https:\/\/angelfacio.com\/index.php\/wp-json\/wp\/v2\/pages\/33\/revisions"}],"predecessor-version":[{"id":7333,"href":"https:\/\/angelfacio.com\/index.php\/wp-json\/wp\/v2\/pages\/33\/revisions\/7333"}],"wp:attachment":[{"href":"https:\/\/angelfacio.com\/index.php\/wp-json\/wp\/v2\/media?parent=33"}],"curies":[{"name":"wp","href":"https:\/\/api.w.org\/{rel}","templated":true}]}}