{"id":37,"date":"2020-06-13T17:41:52","date_gmt":"2020-06-13T15:41:52","guid":{"rendered":"http:\/\/angelfacio.com\/?page_id=37"},"modified":"2020-12-15T00:30:56","modified_gmt":"2020-12-14T23:30:56","slug":"cursos-talleres","status":"publish","type":"page","link":"https:\/\/angelfacio.com\/index.php\/cursos-talleres\/","title":{"rendered":"Cursos\/Talleres"},"content":{"rendered":"\t\t<div data-elementor-type=\"wp-page\" data-elementor-id=\"37\" class=\"elementor elementor-37\">\n\t\t\t\t\t\t<section class=\"elementor-section elementor-top-section elementor-element elementor-element-6d6d8b33 elementor-section-boxed elementor-section-height-default elementor-section-height-default\" data-id=\"6d6d8b33\" data-element_type=\"section\" data-e-type=\"section\">\n\t\t\t\t\t\t<div class=\"elementor-container elementor-column-gap-default\">\n\t\t\t\t\t<div class=\"elementor-column elementor-col-100 elementor-top-column elementor-element elementor-element-7c6e81b9\" data-id=\"7c6e81b9\" data-element_type=\"column\" data-e-type=\"column\">\n\t\t\t<div class=\"elementor-widget-wrap elementor-element-populated\">\n\t\t\t\t\t\t<div class=\"elementor-element elementor-element-62f7462b elementor-widget elementor-widget-heading\" data-id=\"62f7462b\" data-element_type=\"widget\" data-e-type=\"widget\" data-widget_type=\"heading.default\">\n\t\t\t\t<div class=\"elementor-widget-container\">\n\t\t\t\t\t<h2 class=\"elementor-heading-title elementor-size-default\">Cursos \/ Talleres<\/h2>\t\t\t\t<\/div>\n\t\t\t\t<\/div>\n\t\t\t\t\t<\/div>\n\t\t<\/div>\n\t\t\t\t\t<\/div>\n\t\t<\/section>\n\t\t\t\t<section class=\"elementor-section elementor-top-section elementor-element elementor-element-77850ae elementor-section-boxed elementor-section-height-default elementor-section-height-default\" data-id=\"77850ae\" data-element_type=\"section\" data-e-type=\"section\">\n\t\t\t\t\t\t<div class=\"elementor-container elementor-column-gap-default\">\n\t\t\t\t\t<div class=\"elementor-column elementor-col-100 elementor-top-column elementor-element elementor-element-8f30b43\" data-id=\"8f30b43\" data-element_type=\"column\" data-e-type=\"column\">\n\t\t\t<div class=\"elementor-widget-wrap elementor-element-populated\">\n\t\t\t\t\t\t<div class=\"elementor-element elementor-element-2d8083a elementor-widget elementor-widget-text-editor\" data-id=\"2d8083a\" data-element_type=\"widget\" data-e-type=\"widget\" data-widget_type=\"text-editor.default\">\n\t\t\t\t<div class=\"elementor-widget-container\">\n\t\t\t\t\t\t\t\t\t<p>En <span style=\"color: #ff0000;\"><a style=\"color: #ff0000;\" href=\"http:\/\/archivos-fundacionlosgoliardos.com\/\" target=\"_blank\" rel=\"noopener\"><b><span style=\"color: #ff0000;\">Archivos<\/span> <\/b><\/a><\/span><span style=\"color: #fc3030;\"><a style=\"color: #fc3030;\" href=\"http:\/\/archivos-fundacionlosgoliardos.com\/\" target=\"_blank\" rel=\"noopener\"><b><span style=\"color: #ff0000;\">Fundaci\u00f3n<\/span> <span style=\"color: #ff0000;\">Los Goliardos <\/span><\/b><\/a><\/span>puedes solicitar el contenido de estos cursos y talleres.<\/p>\t\t\t\t\t\t\t\t<\/div>\n\t\t\t\t<\/div>\n\t\t\t\t\t<\/div>\n\t\t<\/div>\n\t\t\t\t\t<\/div>\n\t\t<\/section>\n\t\t\t\t<section class=\"elementor-section elementor-top-section elementor-element elementor-element-6e165702 elementor-section-boxed elementor-section-height-default elementor-section-height-default\" data-id=\"6e165702\" data-element_type=\"section\" data-e-type=\"section\">\n\t\t\t\t\t\t<div class=\"elementor-container elementor-column-gap-default\">\n\t\t\t\t\t<div class=\"elementor-column elementor-col-100 elementor-top-column elementor-element elementor-element-38ab11ea\" data-id=\"38ab11ea\" data-element_type=\"column\" data-e-type=\"column\">\n\t\t\t<div class=\"elementor-widget-wrap elementor-element-populated\">\n\t\t\t\t\t\t<div class=\"elementor-element elementor-element-478221c1 elementor-widget elementor-widget-text-editor\" data-id=\"478221c1\" data-element_type=\"widget\" data-e-type=\"widget\" data-widget_type=\"text-editor.default\">\n\t\t\t\t<div class=\"elementor-widget-container\">\n\t\t\t\t\t\t\t\t\t<div data-id=\"58e51cdc\" data-element_type=\"widget\" data-widget_type=\"heading.default\">\n<ul>\n<li><em><strong><span lang=\"es-ES\">Lope de Rueda y su mundo<\/span><\/strong><\/em><span lang=\"es-ES\">. Los Goliardos. Madrid, 1968.&nbsp;<\/span>(20 sesiones).<\/li>\n<li><em><strong><span lang=\"es-ES\">Iniciaci\u00f3n a la teor\u00eda y t\u00e9cnica teatrales<\/span><\/strong><\/em><span lang=\"es-ES\">. C.M.U. Juan Luis Vives. Madrid, 1970.&nbsp;<\/span>(10 sesiones).<\/li>\n<li><em><strong><span lang=\"es-ES\">La obra de Bertold Brecht<\/span><\/strong><\/em><span lang=\"es-ES\">. Los Goliardos. Madrid, 1970.&nbsp;<\/span>(30 sesiones).<\/li>\n<li><strong><em>Estudio dramat\u00fargico de la \u00ab La boda de los peque\u00f1os burgueses<\/em> \u00bb<\/strong><span lang=\"es-ES\">. Instituto Alem\u00e1n de Madrid, 1971.&nbsp;<\/span>(10 sesiones).<\/li>\n<li><em><strong>La formaci\u00f3n del actor. Teor\u00eda, t\u00e9cnica y pr\u00e1ctica<\/strong><\/em><span lang=\"es-ES\">. Teatro Experimental do Porto, 1971.&nbsp;<\/span>(50 sesiones).<\/li>\n<li><em><strong>El trabajo de actores en \u00ab La casa de Bernarda Alba \u00bb<\/strong><\/em><span lang=\"es-ES\">. Instituto Alem\u00e1n de Madrid, 1973.&nbsp;<\/span>(6 sesiones)<\/li>\n<li><em><strong>El mito de Don Juan y la m\u00edstica espa\u00f1ola<\/strong><\/em><span lang=\"es-ES\">. Los Goliardos. Madrid, 1974.&nbsp;<\/span>(25 sesiones)<\/li>\n<li><em><strong>La direcci\u00f3n esc\u00e9nica en el siglo XX<\/strong><\/em><span lang=\"es-ES\">. C\u00e1tedra de Teatro. Universidad de Granada, 1976.&nbsp;<\/span>(20 sesiones).<\/li>\n<li><em><strong><span lang=\"es-ES\">Teor\u00eda y pr\u00e1ctica esc\u00e9nica en torno a \u00ab La Celestina \u00bb<\/span><\/strong><\/em><span lang=\"es-ES\">. Escuela Superior de Arte Dram\u00e1tico. Madrid, 1977<\/span>. (Curso de 5 meses).<\/li>\n<li><em><strong>Teor\u00eda y t\u00e9cnica de la interpretaci\u00f3n<\/strong><\/em><span lang=\"es-ES\">. El Alacr\u00e1n, Taller de Teatro. Bogot\u00e1, 1977. (30 sesiones).&nbsp;<\/span><\/li>\n<li><em><strong><span lang=\"es-ES\">Estructura dramat\u00fargica y Humanismo en \u00ab&nbsp;La Celestina&nbsp;\u00bb<\/span><\/strong><\/em><span lang=\"es-ES\">. Teatro Col\u00f3n. Bogot\u00e1, 1977.&nbsp;<\/span>(30 sesiones).<br><strong><em>Fundamentos de la direcci\u00f3n esc\u00e9nica<\/em><\/strong><span lang=\"es-ES\" style=\"font-weight: var( --e-global-typography-text-font-weight );\">. I Cursillo provincial de orientaci\u00f3n teatral. Burgos, 1982<\/span>. (10 sesiones).<\/li>\n<li><em><strong>Montar a los cl\u00e1sicos: \u00ab La Celestina \u00bb<\/strong><\/em><span lang=\"es-ES\">. 56 centros de Ense\u00f1anza Media. Espa\u00f1a, 1982-83.&nbsp;<\/span>(Conferencia ilustrada).<\/li>\n<li><em><strong>El entorno biogr\u00e1fico de Valle-Incl\u00e1n<\/strong><\/em><span lang=\"es-ES\">. Teatr im Stefana Jaracza. Lodz, Polonia, 1983.&nbsp;<\/span>(20 sesiones).<\/li>\n<li><em><strong>Blasfemia, propaganda, sumisi\u00f3n: triste tr\u00edptico austr\u00edaco<\/strong><\/em><span lang=\"es-ES\">. Instituto de Teor\u00eda de la Literatura, el Teatro y el Cine.<br>Universidad de Lodz, 1984.&nbsp;<\/span>(15 sesiones sobre el teatro cl\u00e1sico espa\u00f1ol).<\/li>\n<li><em><strong>Hacia una interpretaci\u00f3n del teatro cl\u00e1sico espa\u00f1o<\/strong><\/em>l<span lang=\"es-ES\">. Paraninfo de la Universidad de Madrid, 1985<\/span>. (8 sesiones).<\/li>\n<li><em><strong>Pr\u00e1cticas de interpretaci\u00f3n teatral<\/strong><\/em><span lang=\"es-ES\">. C\u00edrculo de Bellas Artes. Madrid, 1986<\/span>. (50 sesiones).<\/li>\n<li><em><strong>El actor frente a Hamlet. Teor\u00eda y pr\u00e1ctica<\/strong><\/em>.<span lang=\"es-ES\"> Centro de Nuevas Tendencias Esc\u00e9nicas. Madrid, 1987. (Taller de 25 sesiones).&nbsp;<\/span><\/li>\n<li><em><strong>Iniciaci\u00f3n a la direcci\u00f3n esc\u00e9nica<\/strong><\/em><span lang=\"es-ES\">. Instituto de la Juventud. M\u00e9rida, 1987.&nbsp;<\/span>(Taller de 10 sesiones).<\/li>\n<li><em><strong>En torno a Jean Genet. Teor\u00eda y pr\u00e1ctica<\/strong><\/em><span lang=\"es-ES\">. Collegi del Teatro.&nbsp;<\/span><span lang=\"en-GB\">Barcelona, 1987. (20 sesiones)&nbsp;<\/span><\/li>\n<li><strong><em>La Comedia Barroca<\/em><\/strong><span lang=\"en-GB\">. New World School of the Arts.&nbsp;<\/span><span lang=\"es-ES\">Miami, 1987.&nbsp;<\/span>(Taller de 5 sesiones).<\/li>\n<li><em><strong>De Rojas a Shakespeare<\/strong><\/em><span lang=\"es-ES\">. Compa\u00f1\u00eda Prometeo. Miami Dade Community College. Miami, 1987.&nbsp;<\/span>(Taller de 6 sesiones)<\/li>\n<li><em><strong>La creaci\u00f3n colectiva: texto y puesta en escena<\/strong><\/em><span lang=\"es-ES\">. C\u00edrculo de Bellas Artes. Madrid, 1987.&nbsp;<\/span>(20 sesiones).<\/li>\n<li><em><strong>La comedia expresionista. Pr\u00e1cticas de interpretaci\u00f3n<\/strong><\/em><span lang=\"es-ES\">. \u00c1rea. Barcelona, 1988.&nbsp;<\/span>(18 sesiones).<br><em style=\"font-weight: var( --e-global-typography-text-font-weight );\"><strong>La Comedia Barroca. Pr\u00e1cticas de interpretaci\u00f3n<\/strong><\/em><span lang=\"es-ES\" style=\"font-weight: var( --e-global-typography-text-font-weight );\">. Col.legi del Teatre. Barcelona, 1988<\/span>. (20 sesiones).<\/li>\n<li><em><strong>Fundamentos de la direcci\u00f3n esc\u00e9nica<\/strong><\/em><span lang=\"es-ES\">. Instituto de la Juventud. Oviedo, 1988<\/span>. (Taller de 12 sesiones).<\/li>\n<li><em><strong>Un espect\u00e1culo para Euskadi: \u00ab El reh\u00e9n \u00bb de BrendanBehan<\/strong><\/em><span lang=\"es-ES\">. Grupo de Teatro Ur. Renter\u00eda, 1988<\/span>. (Taller de 6 sesiones).<\/li>\n<li><em><strong>Pr\u00e1cticas de interpretaci\u00f3n sobre textos de Sartre<\/strong><\/em><span lang=\"es-ES\">. Grupo de Teatro Trebejo. Salamanca, 1989<\/span>. (Taller de 10 sesiones).<\/li>\n<li><em><strong><span lang=\"es-ES\">Dramaturgia y puesta en escena del Tenorio<\/span><\/strong><\/em><span lang=\"es-ES\">. Curso de reciclaje para monitores de la ONCE. Madrid, 1993<\/span>. (Taller de 6 sesiones).<\/li>\n<li><em><strong>Brecht dramaturgo<\/strong><\/em><span lang=\"es-ES\">. Real Escuela Superior de Arte Dram\u00e1tico. Madrid, 1993<\/span>. (Curso especializado de&nbsp;26 sesiones).<\/li>\n<li><em><strong>El teatro griego<\/strong><\/em>.<span lang=\"es-ES\"> Taller de Artes Imaginarias. Madrid, 1993. (12 sesiones).&nbsp;&nbsp;<\/span><\/li>\n<li><em><strong>Las comedias de Calder\u00f3n de la Barca<\/strong><\/em><span lang=\"es-ES\">.Real Escuela Superior de Arte Dram\u00e1tico. Madrid, 1993<\/span>. (Taller de 40 sesiones).<\/li>\n<li><em><strong>An\u00e1lisis de dramaturgia<\/strong><\/em>.<span lang=\"es-ES\"> Taller de Artes Imaginarias. Madrid, 1994.&nbsp;<\/span>(Taller de 15 sesiones)<\/li>\n<li><em><strong>Dramaturgia anal\u00edtica<\/strong><\/em><span lang=\"es-ES\">. Escuela de Direcci\u00f3n del Centro Andaluz de Teatro. Sevilla, 1994-95.&nbsp;<\/span>(Curso de 2 trimestres).<\/li>\n<li><em><strong>El teatro espa\u00f1ol del Siglo de Oro<\/strong><\/em><span lang=\"es-ES\">. Universidad Industrial de Santander. Bucaramanga, Colombia, 1995<\/span>. (Curso-taller de 40&nbsp;sesiones).<\/li>\n<li><em><strong>Princ\u00edpios de damaturgia<\/strong><\/em><span lang=\"es-ES\">. Universidad de Castilla \u2013 La Mancha.&nbsp;<\/span><span lang=\"es-ES\">Ci<\/span><span lang=\"es-ES\">udad Real, 1996. (Cursillo&nbsp;<\/span><span lang=\"ES\">de 12 sesiones).<\/span><\/li>\n<li><em><strong>Dramaturgia de intervenci\u00f3n<\/strong><\/em>.<span lang=\"es-ES\"> Universidad de Malaga. Malaga, 1997<\/span>. (Taller de 6 sesiones).<br><em style=\"font-weight: var( --e-global-typography-text-font-weight );\"><strong>D<span lang=\"es-ES\">ramaturgia y direcci\u00f3n esc\u00e9nica<\/span><\/strong><\/em><span lang=\"es-ES\" style=\"font-weight: var( --e-global-typography-text-font-weight );\">. Escuela de Teatro de Olivenza, 1998<\/span>. (20 sesiones).<\/li>\n<li><em><strong>Historia de la puesta en escena<\/strong><\/em><span lang=\"es-ES\">. Escuela Superior de Arte Dram\u00e1tico. Murcia, 1999-2000.&nbsp;<br><\/span>(1\u00ba Curso de ense\u00f1anza&nbsp;superior, rama de Direcci\u00f3n Esc\u00e9nica).&nbsp;<\/li>\n<li><em><strong>Taller de Teatro Cl\u00e1sico<\/strong><\/em>.&nbsp;<span lang=\"es-ES\">Escuela Superior de Arte Dram\u00e1tico. Murcia, 1999-2000<\/span><span lang=\"ES\" style=\"text-align: justify; text-indent: -18pt; font-weight: var( --e-global-typography-text-font-weight );\">. <br>(2\u00ba Curso&nbsp;<\/span><span lang=\"ES\" style=\"text-align: justify; font-weight: var( --e-global-typography-text-font-weight );\">de ense\u00f1anza superior, rama de Direcci\u00f3n&nbsp;Esc\u00e9nica).<\/span><\/li>\n<li><em><strong>Pr\u00e1cticas de Direcci\u00f3n Esc\u00e9nica<\/strong><\/em>.&nbsp;<span lang=\"es-ES\">Escuelas Superior de Arte Dram\u00e1tico. Murcia, 1999-2000<\/span>. <br>(3\u00ba Curso de ense\u00f1anza uperior, rama de&nbsp;Direcci\u00f3n Esc\u00e9nica)<br><em style=\"font-weight: var( --e-global-typography-text-font-weight );\"><strong>Taller de Teatro Contempor\u00e1neo<\/strong><\/em><span style=\"font-weight: var( --e-global-typography-text-font-weight );\">.<\/span><span lang=\"es-ES\" style=\"font-weight: var( --e-global-typography-text-font-weight );\"> Escuela Superior de Arte Dram\u00e1tico. Murcia, 1999-2000.&nbsp;<br><\/span>(4\u00ba Curso de ense\u00f1anza&nbsp;superior, rama de Direcci\u00f3n Esc\u00e9nica)<\/li>\n<li><em><strong>En torno a Fuente Ovejuna<\/strong><\/em><span lang=\"es-ES\">. Escuela Superior de Arte Dram\u00e1tico. Murcia, 2001.<\/span>&nbsp;<br>(Taller te\u00f3rico-pr\u00e1ctico&nbsp;de nivel post-grado de 40 sesiones)<\/li>\n<li><em><strong>Cursi\u00f1o acelerado para defenderse do director<\/strong><\/em><span lang=\"es-ES\">. Mostra Internacional de Teatro. Ribadavia, 2001<\/span>.&nbsp;<\/li>\n<li>(Taller de interpretaci\u00f3n&nbsp;de 10 sesiones).<\/li>\n<li><em><strong>Dramaturgia Esc\u00e9nica<\/strong><\/em><span lang=\"es-ES\">. Uni\u00f3n de Actores de Castilla-Le\u00f3n. Valladolid, 2001<\/span>. (Taller de Dramaturgia&nbsp;de 6 sesiones).<\/li>\n<li><em><strong>Teor\u00eda y pr\u00e1ctica del esperpento<\/strong><\/em>.&nbsp;<span lang=\"es-ES\">Asociaci\u00f3n de actores, directores y t\u00e9cnicos de escena de Galicia. Santiago de Compostela, 2002&nbsp;<\/span>. (Taller de Interpretaci\u00f3n de 10&nbsp;sesiones).<br><em style=\"font-weight: var( --e-global-typography-text-font-weight );\"><strong>El an\u00e1lisis dramat\u00fargico de la Comedia Barroca<\/strong><\/em><span style=\"font-weight: var( --e-global-typography-text-font-weight );\">.&nbsp;<\/span><span lang=\"es-ES\" style=\"font-weight: var( --e-global-typography-text-font-weight );\">Escuela Superior de Arte Dram\u00e1tico. Murcia, 2003<\/span>. <br>(Seminario de Dramaturgia para los alumnos de 4\u00ba Curso, rama de Direcci\u00f3n Esc\u00e9nica. 10 sesiones).<\/li>\n<li><em><strong><span lang=\"es-ES\">No hay burlas con Calder\u00f3n<\/span><\/strong><\/em><span lang=\"es-ES\">. Escuela Superior de Arte Dram\u00e1tico de Murcia, 2003.&nbsp;<br><\/span>(Taller te\u00f3rico-pr\u00e1ctico&nbsp;de Dramaturgia y Direcci\u00f3n).<\/li>\n<li><em><strong>Teor\u00eda y pr\u00e1ctica del esperpento<\/strong><\/em>.&nbsp;<span lang=\"es-ES\">Secretariado de Actividades Culturales de la Universidad de Zaragoza. Zaragoza, 2003.&nbsp;<br><\/span>(Taller de Dramaturgia e&nbsp;Interpretaci\u00f3n de 10 sesiones).&nbsp;<\/li>\n<\/ul>\n<\/div>\n<div data-id=\"1bca3aa3\" data-element_type=\"widget\" data-widget_type=\"text-editor.default\">&nbsp;<\/div>\t\t\t\t\t\t\t\t<\/div>\n\t\t\t\t<\/div>\n\t\t\t\t\t<\/div>\n\t\t<\/div>\n\t\t\t\t\t<\/div>\n\t\t<\/section>\n\t\t\t\t<section class=\"elementor-section elementor-top-section elementor-element elementor-element-04d2a4c elementor-section-boxed elementor-section-height-default elementor-section-height-default\" data-id=\"04d2a4c\" data-element_type=\"section\" data-e-type=\"section\">\n\t\t\t\t\t\t<div class=\"elementor-container elementor-column-gap-default\">\n\t\t\t\t\t<div class=\"elementor-column elementor-col-100 elementor-top-column elementor-element elementor-element-70b6d51\" data-id=\"70b6d51\" data-element_type=\"column\" data-e-type=\"column\">\n\t\t\t<div class=\"elementor-widget-wrap elementor-element-populated\">\n\t\t\t\t\t\t<div class=\"elementor-element elementor-element-2edc18b elementor-widget elementor-widget-spacer\" data-id=\"2edc18b\" data-element_type=\"widget\" data-e-type=\"widget\" data-widget_type=\"spacer.default\">\n\t\t\t\t<div class=\"elementor-widget-container\">\n\t\t\t\t\t\t\t<div class=\"elementor-spacer\">\n\t\t\t<div class=\"elementor-spacer-inner\"><\/div>\n\t\t<\/div>\n\t\t\t\t\t\t<\/div>\n\t\t\t\t<\/div>\n\t\t\t\t\t<\/div>\n\t\t<\/div>\n\t\t\t\t\t<\/div>\n\t\t<\/section>\n\t\t\t\t<\/div>\n\t\t","protected":false},"excerpt":{"rendered":"<p>Cursos \/ Talleres En Archivos Fundaci\u00f3n Los Goliardos puedes solicitar el contenido de estos cursos y talleres. Lope de Rueda y su mundo. Los Goliardos. Madrid, 1968.&nbsp;(20 sesiones). Iniciaci\u00f3n a la teor\u00eda y t\u00e9cnica teatrales. C.M.U. Juan Luis Vives. Madrid, 1970.&nbsp;(10 sesiones). La obra de Bertold Brecht. Los Goliardos. Madrid, 1970.&nbsp;(30 sesiones). Estudio dramat\u00fargico de [&hellip;]<\/p>\n","protected":false},"author":1,"featured_media":0,"parent":0,"menu_order":0,"comment_status":"closed","ping_status":"closed","template":"elementor_canvas","meta":{"footnotes":""},"class_list":["post-37","page","type-page","status-publish","hentry"],"yoast_head":"<!-- This site is optimized with the Yoast SEO plugin v25.6 - https:\/\/yoast.com\/wordpress\/plugins\/seo\/ -->\n<title>Cursos\/Talleres - \u00c1ngel Facio<\/title>\n<meta name=\"robots\" content=\"index, follow, max-snippet:-1, max-image-preview:large, max-video-preview:-1\" \/>\n<link rel=\"canonical\" href=\"https:\/\/angelfacio.com\/index.php\/cursos-talleres\/\" \/>\n<meta property=\"og:locale\" content=\"es_ES\" \/>\n<meta property=\"og:type\" content=\"article\" \/>\n<meta property=\"og:title\" content=\"Cursos\/Talleres - \u00c1ngel Facio\" \/>\n<meta property=\"og:description\" content=\"Cursos \/ Talleres En Archivos Fundaci\u00f3n Los Goliardos puedes solicitar el contenido de estos cursos y talleres. Lope de Rueda y su mundo. Los Goliardos. Madrid, 1968.&nbsp;(20 sesiones). Iniciaci\u00f3n a la teor\u00eda y t\u00e9cnica teatrales. C.M.U. Juan Luis Vives. Madrid, 1970.&nbsp;(10 sesiones). La obra de Bertold Brecht. Los Goliardos. Madrid, 1970.&nbsp;(30 sesiones). Estudio dramat\u00fargico de [&hellip;]\" \/>\n<meta property=\"og:url\" content=\"https:\/\/angelfacio.com\/index.php\/cursos-talleres\/\" \/>\n<meta property=\"og:site_name\" content=\"\u00c1ngel Facio\" \/>\n<meta property=\"article:modified_time\" content=\"2020-12-14T23:30:56+00:00\" \/>\n<meta name=\"twitter:card\" content=\"summary_large_image\" \/>\n<meta name=\"twitter:label1\" content=\"Tiempo de lectura\" \/>\n\t<meta name=\"twitter:data1\" content=\"5 minutos\" \/>\n<script type=\"application\/ld+json\" class=\"yoast-schema-graph\">{\"@context\":\"https:\/\/schema.org\",\"@graph\":[{\"@type\":\"WebPage\",\"@id\":\"https:\/\/angelfacio.com\/index.php\/cursos-talleres\/\",\"url\":\"https:\/\/angelfacio.com\/index.php\/cursos-talleres\/\",\"name\":\"Cursos\/Talleres - \u00c1ngel Facio\",\"isPartOf\":{\"@id\":\"https:\/\/angelfacio.com\/#website\"},\"datePublished\":\"2020-06-13T15:41:52+00:00\",\"dateModified\":\"2020-12-14T23:30:56+00:00\",\"breadcrumb\":{\"@id\":\"https:\/\/angelfacio.com\/index.php\/cursos-talleres\/#breadcrumb\"},\"inLanguage\":\"es\",\"potentialAction\":[{\"@type\":\"ReadAction\",\"target\":[\"https:\/\/angelfacio.com\/index.php\/cursos-talleres\/\"]}]},{\"@type\":\"BreadcrumbList\",\"@id\":\"https:\/\/angelfacio.com\/index.php\/cursos-talleres\/#breadcrumb\",\"itemListElement\":[{\"@type\":\"ListItem\",\"position\":1,\"name\":\"Portada\",\"item\":\"https:\/\/angelfacio.com\/\"},{\"@type\":\"ListItem\",\"position\":2,\"name\":\"Cursos\/Talleres\"}]},{\"@type\":\"WebSite\",\"@id\":\"https:\/\/angelfacio.com\/#website\",\"url\":\"https:\/\/angelfacio.com\/\",\"name\":\"\u00c1ngel Facio\",\"description\":\"Dramaturgo y Director Esc\u00e9nico\",\"potentialAction\":[{\"@type\":\"SearchAction\",\"target\":{\"@type\":\"EntryPoint\",\"urlTemplate\":\"https:\/\/angelfacio.com\/?s={search_term_string}\"},\"query-input\":{\"@type\":\"PropertyValueSpecification\",\"valueRequired\":true,\"valueName\":\"search_term_string\"}}],\"inLanguage\":\"es\"}]}<\/script>\n<!-- \/ Yoast SEO plugin. -->","yoast_head_json":{"title":"Cursos\/Talleres - \u00c1ngel Facio","robots":{"index":"index","follow":"follow","max-snippet":"max-snippet:-1","max-image-preview":"max-image-preview:large","max-video-preview":"max-video-preview:-1"},"canonical":"https:\/\/angelfacio.com\/index.php\/cursos-talleres\/","og_locale":"es_ES","og_type":"article","og_title":"Cursos\/Talleres - \u00c1ngel Facio","og_description":"Cursos \/ Talleres En Archivos Fundaci\u00f3n Los Goliardos puedes solicitar el contenido de estos cursos y talleres. Lope de Rueda y su mundo. Los Goliardos. Madrid, 1968.&nbsp;(20 sesiones). Iniciaci\u00f3n a la teor\u00eda y t\u00e9cnica teatrales. C.M.U. Juan Luis Vives. Madrid, 1970.&nbsp;(10 sesiones). La obra de Bertold Brecht. Los Goliardos. Madrid, 1970.&nbsp;(30 sesiones). Estudio dramat\u00fargico de [&hellip;]","og_url":"https:\/\/angelfacio.com\/index.php\/cursos-talleres\/","og_site_name":"\u00c1ngel Facio","article_modified_time":"2020-12-14T23:30:56+00:00","twitter_card":"summary_large_image","twitter_misc":{"Tiempo de lectura":"5 minutos"},"schema":{"@context":"https:\/\/schema.org","@graph":[{"@type":"WebPage","@id":"https:\/\/angelfacio.com\/index.php\/cursos-talleres\/","url":"https:\/\/angelfacio.com\/index.php\/cursos-talleres\/","name":"Cursos\/Talleres - \u00c1ngel Facio","isPartOf":{"@id":"https:\/\/angelfacio.com\/#website"},"datePublished":"2020-06-13T15:41:52+00:00","dateModified":"2020-12-14T23:30:56+00:00","breadcrumb":{"@id":"https:\/\/angelfacio.com\/index.php\/cursos-talleres\/#breadcrumb"},"inLanguage":"es","potentialAction":[{"@type":"ReadAction","target":["https:\/\/angelfacio.com\/index.php\/cursos-talleres\/"]}]},{"@type":"BreadcrumbList","@id":"https:\/\/angelfacio.com\/index.php\/cursos-talleres\/#breadcrumb","itemListElement":[{"@type":"ListItem","position":1,"name":"Portada","item":"https:\/\/angelfacio.com\/"},{"@type":"ListItem","position":2,"name":"Cursos\/Talleres"}]},{"@type":"WebSite","@id":"https:\/\/angelfacio.com\/#website","url":"https:\/\/angelfacio.com\/","name":"\u00c1ngel Facio","description":"Dramaturgo y Director Esc\u00e9nico","potentialAction":[{"@type":"SearchAction","target":{"@type":"EntryPoint","urlTemplate":"https:\/\/angelfacio.com\/?s={search_term_string}"},"query-input":{"@type":"PropertyValueSpecification","valueRequired":true,"valueName":"search_term_string"}}],"inLanguage":"es"}]}},"_links":{"self":[{"href":"https:\/\/angelfacio.com\/index.php\/wp-json\/wp\/v2\/pages\/37"}],"collection":[{"href":"https:\/\/angelfacio.com\/index.php\/wp-json\/wp\/v2\/pages"}],"about":[{"href":"https:\/\/angelfacio.com\/index.php\/wp-json\/wp\/v2\/types\/page"}],"author":[{"embeddable":true,"href":"https:\/\/angelfacio.com\/index.php\/wp-json\/wp\/v2\/users\/1"}],"replies":[{"embeddable":true,"href":"https:\/\/angelfacio.com\/index.php\/wp-json\/wp\/v2\/comments?post=37"}],"version-history":[{"count":88,"href":"https:\/\/angelfacio.com\/index.php\/wp-json\/wp\/v2\/pages\/37\/revisions"}],"predecessor-version":[{"id":7485,"href":"https:\/\/angelfacio.com\/index.php\/wp-json\/wp\/v2\/pages\/37\/revisions\/7485"}],"wp:attachment":[{"href":"https:\/\/angelfacio.com\/index.php\/wp-json\/wp\/v2\/media?parent=37"}],"curies":[{"name":"wp","href":"https:\/\/api.w.org\/{rel}","templated":true}]}}