{"id":4013,"date":"2020-10-25T02:56:14","date_gmt":"2020-10-25T01:56:14","guid":{"rendered":"https:\/\/angelfacio.com\/?page_id=4013"},"modified":"2020-11-24T21:53:59","modified_gmt":"2020-11-24T20:53:59","slug":"otros-2","status":"publish","type":"page","link":"https:\/\/angelfacio.com\/index.php\/otros-2\/","title":{"rendered":"Otros"},"content":{"rendered":"\t\t<div data-elementor-type=\"wp-page\" data-elementor-id=\"4013\" class=\"elementor elementor-4013\">\n\t\t\t\t\t\t<section class=\"elementor-section elementor-top-section elementor-element elementor-element-7a6e2d1b elementor-section-boxed elementor-section-height-default elementor-section-height-default\" data-id=\"7a6e2d1b\" data-element_type=\"section\" data-e-type=\"section\">\n\t\t\t\t\t\t<div class=\"elementor-container elementor-column-gap-default\">\n\t\t\t\t\t<div class=\"elementor-column elementor-col-100 elementor-top-column elementor-element elementor-element-75ee52b0\" data-id=\"75ee52b0\" data-element_type=\"column\" data-e-type=\"column\">\n\t\t\t<div class=\"elementor-widget-wrap elementor-element-populated\">\n\t\t\t\t\t\t<div class=\"elementor-element elementor-element-6e030c9d elementor-widget elementor-widget-heading\" data-id=\"6e030c9d\" data-element_type=\"widget\" data-e-type=\"widget\" data-widget_type=\"heading.default\">\n\t\t\t\t<div class=\"elementor-widget-container\">\n\t\t\t\t\t<h2 class=\"elementor-heading-title elementor-size-default\">Otros<\/h2>\t\t\t\t<\/div>\n\t\t\t\t<\/div>\n\t\t\t\t\t<\/div>\n\t\t<\/div>\n\t\t\t\t\t<\/div>\n\t\t<\/section>\n\t\t\t\t<section class=\"elementor-section elementor-top-section elementor-element elementor-element-2bfc9474 elementor-section-boxed elementor-section-height-default elementor-section-height-default\" data-id=\"2bfc9474\" data-element_type=\"section\" data-e-type=\"section\">\n\t\t\t\t\t\t<div class=\"elementor-container elementor-column-gap-default\">\n\t\t\t\t\t<div class=\"elementor-column elementor-col-50 elementor-top-column elementor-element elementor-element-2a3aca3\" data-id=\"2a3aca3\" data-element_type=\"column\" data-e-type=\"column\">\n\t\t\t<div class=\"elementor-widget-wrap elementor-element-populated\">\n\t\t\t\t\t\t<div class=\"elementor-element elementor-element-75a6e37c elementor-widget elementor-widget-text-editor\" data-id=\"75a6e37c\" data-element_type=\"widget\" data-e-type=\"widget\" data-widget_type=\"text-editor.default\">\n\t\t\t\t<div class=\"elementor-widget-container\">\n\t\t\t\t\t\t\t\t\t<ul><li><a href=\"https:\/\/www.iberlibro.com\/servlet\/BookDetailsPL?bi=22765811096&amp;searchurl=sortby%3D20%26an%3DRotaeta%252C%2BF%25E9lix\" target=\"_blank\" rel=\"noopener\"><i style=\"font-weight: bold;\"><span style=\"text-decoration: underline;\">Las Pistolas<\/span>, <\/i>Felix Rotaeta, 1986<\/a><\/li><li><a href=\"https:\/\/www.premiosmax.com\/estreno\/235\/angel-facio-aborda-los-cuernos-de-don-friolera-en-el-teatro-espanol\/\" target=\"_blank\" rel=\"noopener\"><span style=\"text-decoration: underline;\"><em><strong>Nominaci\u00f3n Premios Max<\/strong><\/em><\/span><\/a>, Fundaci\u00f3n Sgae, 2020<\/li><\/ul>\t\t\t\t\t\t\t\t<\/div>\n\t\t\t\t<\/div>\n\t\t\t\t\t<\/div>\n\t\t<\/div>\n\t\t\t\t<div class=\"elementor-column elementor-col-50 elementor-top-column elementor-element elementor-element-728f8db\" data-id=\"728f8db\" data-element_type=\"column\" data-e-type=\"column\">\n\t\t\t<div class=\"elementor-widget-wrap elementor-element-populated\">\n\t\t\t\t\t\t<div class=\"elementor-element elementor-element-20444ec elementor-widget elementor-widget-gallery\" data-id=\"20444ec\" data-element_type=\"widget\" data-e-type=\"widget\" data-widget_type=\"gallery.default\">\n\t\t\t\t<div class=\"elementor-widget-container\">\n\t\t\t\t\t \t\t\t\t<\/div>\n\t\t\t\t<\/div>\n\t\t\t\t\t<\/div>\n\t\t<\/div>\n\t\t\t\t\t<\/div>\n\t\t<\/section>\n\t\t\t\t<\/div>\n\t\t","protected":false},"excerpt":{"rendered":"<p>Otros Las Pistolas, Felix Rotaeta, 1986 Nominaci\u00f3n Premios Max, Fundaci\u00f3n Sgae, 2020<\/p>\n","protected":false},"author":1,"featured_media":0,"parent":0,"menu_order":0,"comment_status":"closed","ping_status":"closed","template":"elementor_canvas","meta":{"footnotes":""},"class_list":["post-4013","page","type-page","status-publish","hentry"],"yoast_head":"<!-- This site is optimized with the Yoast SEO plugin v25.6 - https:\/\/yoast.com\/wordpress\/plugins\/seo\/ -->\n<title>Otros - \u00c1ngel Facio<\/title>\n<meta name=\"robots\" content=\"index, follow, max-snippet:-1, max-image-preview:large, max-video-preview:-1\" \/>\n<link rel=\"canonical\" href=\"https:\/\/angelfacio.com\/index.php\/otros-2\/\" \/>\n<meta property=\"og:locale\" content=\"es_ES\" \/>\n<meta property=\"og:type\" content=\"article\" \/>\n<meta property=\"og:title\" content=\"Otros - \u00c1ngel Facio\" \/>\n<meta property=\"og:description\" content=\"Otros Las Pistolas, Felix Rotaeta, 1986 Nominaci\u00f3n Premios Max, Fundaci\u00f3n Sgae, 2020\" \/>\n<meta property=\"og:url\" content=\"https:\/\/angelfacio.com\/index.php\/otros-2\/\" \/>\n<meta property=\"og:site_name\" content=\"\u00c1ngel Facio\" \/>\n<meta property=\"article:modified_time\" content=\"2020-11-24T20:53:59+00:00\" \/>\n<meta name=\"twitter:card\" content=\"summary_large_image\" \/>\n<script type=\"application\/ld+json\" class=\"yoast-schema-graph\">{\"@context\":\"https:\/\/schema.org\",\"@graph\":[{\"@type\":\"WebPage\",\"@id\":\"https:\/\/angelfacio.com\/index.php\/otros-2\/\",\"url\":\"https:\/\/angelfacio.com\/index.php\/otros-2\/\",\"name\":\"Otros - \u00c1ngel Facio\",\"isPartOf\":{\"@id\":\"https:\/\/angelfacio.com\/#website\"},\"datePublished\":\"2020-10-25T01:56:14+00:00\",\"dateModified\":\"2020-11-24T20:53:59+00:00\",\"breadcrumb\":{\"@id\":\"https:\/\/angelfacio.com\/index.php\/otros-2\/#breadcrumb\"},\"inLanguage\":\"es\",\"potentialAction\":[{\"@type\":\"ReadAction\",\"target\":[\"https:\/\/angelfacio.com\/index.php\/otros-2\/\"]}]},{\"@type\":\"BreadcrumbList\",\"@id\":\"https:\/\/angelfacio.com\/index.php\/otros-2\/#breadcrumb\",\"itemListElement\":[{\"@type\":\"ListItem\",\"position\":1,\"name\":\"Portada\",\"item\":\"https:\/\/angelfacio.com\/\"},{\"@type\":\"ListItem\",\"position\":2,\"name\":\"Otros\"}]},{\"@type\":\"WebSite\",\"@id\":\"https:\/\/angelfacio.com\/#website\",\"url\":\"https:\/\/angelfacio.com\/\",\"name\":\"\u00c1ngel Facio\",\"description\":\"Dramaturgo y Director Esc\u00e9nico\",\"potentialAction\":[{\"@type\":\"SearchAction\",\"target\":{\"@type\":\"EntryPoint\",\"urlTemplate\":\"https:\/\/angelfacio.com\/?s={search_term_string}\"},\"query-input\":{\"@type\":\"PropertyValueSpecification\",\"valueRequired\":true,\"valueName\":\"search_term_string\"}}],\"inLanguage\":\"es\"}]}<\/script>\n<!-- \/ Yoast SEO plugin. -->","yoast_head_json":{"title":"Otros - \u00c1ngel Facio","robots":{"index":"index","follow":"follow","max-snippet":"max-snippet:-1","max-image-preview":"max-image-preview:large","max-video-preview":"max-video-preview:-1"},"canonical":"https:\/\/angelfacio.com\/index.php\/otros-2\/","og_locale":"es_ES","og_type":"article","og_title":"Otros - \u00c1ngel Facio","og_description":"Otros Las Pistolas, Felix Rotaeta, 1986 Nominaci\u00f3n Premios Max, Fundaci\u00f3n Sgae, 2020","og_url":"https:\/\/angelfacio.com\/index.php\/otros-2\/","og_site_name":"\u00c1ngel Facio","article_modified_time":"2020-11-24T20:53:59+00:00","twitter_card":"summary_large_image","schema":{"@context":"https:\/\/schema.org","@graph":[{"@type":"WebPage","@id":"https:\/\/angelfacio.com\/index.php\/otros-2\/","url":"https:\/\/angelfacio.com\/index.php\/otros-2\/","name":"Otros - \u00c1ngel Facio","isPartOf":{"@id":"https:\/\/angelfacio.com\/#website"},"datePublished":"2020-10-25T01:56:14+00:00","dateModified":"2020-11-24T20:53:59+00:00","breadcrumb":{"@id":"https:\/\/angelfacio.com\/index.php\/otros-2\/#breadcrumb"},"inLanguage":"es","potentialAction":[{"@type":"ReadAction","target":["https:\/\/angelfacio.com\/index.php\/otros-2\/"]}]},{"@type":"BreadcrumbList","@id":"https:\/\/angelfacio.com\/index.php\/otros-2\/#breadcrumb","itemListElement":[{"@type":"ListItem","position":1,"name":"Portada","item":"https:\/\/angelfacio.com\/"},{"@type":"ListItem","position":2,"name":"Otros"}]},{"@type":"WebSite","@id":"https:\/\/angelfacio.com\/#website","url":"https:\/\/angelfacio.com\/","name":"\u00c1ngel Facio","description":"Dramaturgo y Director Esc\u00e9nico","potentialAction":[{"@type":"SearchAction","target":{"@type":"EntryPoint","urlTemplate":"https:\/\/angelfacio.com\/?s={search_term_string}"},"query-input":{"@type":"PropertyValueSpecification","valueRequired":true,"valueName":"search_term_string"}}],"inLanguage":"es"}]}},"_links":{"self":[{"href":"https:\/\/angelfacio.com\/index.php\/wp-json\/wp\/v2\/pages\/4013"}],"collection":[{"href":"https:\/\/angelfacio.com\/index.php\/wp-json\/wp\/v2\/pages"}],"about":[{"href":"https:\/\/angelfacio.com\/index.php\/wp-json\/wp\/v2\/types\/page"}],"author":[{"embeddable":true,"href":"https:\/\/angelfacio.com\/index.php\/wp-json\/wp\/v2\/users\/1"}],"replies":[{"embeddable":true,"href":"https:\/\/angelfacio.com\/index.php\/wp-json\/wp\/v2\/comments?post=4013"}],"version-history":[{"count":18,"href":"https:\/\/angelfacio.com\/index.php\/wp-json\/wp\/v2\/pages\/4013\/revisions"}],"predecessor-version":[{"id":6338,"href":"https:\/\/angelfacio.com\/index.php\/wp-json\/wp\/v2\/pages\/4013\/revisions\/6338"}],"wp:attachment":[{"href":"https:\/\/angelfacio.com\/index.php\/wp-json\/wp\/v2\/media?parent=4013"}],"curies":[{"name":"wp","href":"https:\/\/api.w.org\/{rel}","templated":true}]}}