{"id":5526,"date":"2020-11-17T02:31:17","date_gmt":"2020-11-17T01:31:17","guid":{"rendered":"https:\/\/angelfacio.com\/?page_id=5526"},"modified":"2020-11-18T02:44:02","modified_gmt":"2020-11-18T01:44:02","slug":"la-goliarderia","status":"publish","type":"page","link":"https:\/\/angelfacio.com\/index.php\/la-goliarderia\/","title":{"rendered":"La goliarder\u00eda"},"content":{"rendered":"\t\t<div data-elementor-type=\"wp-page\" data-elementor-id=\"5526\" class=\"elementor elementor-5526\">\n\t\t\t\t\t\t<section class=\"elementor-section elementor-top-section elementor-element elementor-element-be765d5 elementor-section-boxed elementor-section-height-default elementor-section-height-default\" data-id=\"be765d5\" data-element_type=\"section\" data-e-type=\"section\">\n\t\t\t\t\t\t<div class=\"elementor-container elementor-column-gap-default\">\n\t\t\t\t\t<div class=\"elementor-column elementor-col-100 elementor-top-column elementor-element elementor-element-096a410\" data-id=\"096a410\" data-element_type=\"column\" data-e-type=\"column\">\n\t\t\t<div class=\"elementor-widget-wrap\">\n\t\t\t\t\t\t\t<\/div>\n\t\t<\/div>\n\t\t\t\t\t<\/div>\n\t\t<\/section>\n\t\t\t\t<section class=\"elementor-section elementor-top-section elementor-element elementor-element-7a82834 elementor-section-boxed elementor-section-height-default elementor-section-height-default\" data-id=\"7a82834\" data-element_type=\"section\" data-e-type=\"section\">\n\t\t\t\t\t\t<div class=\"elementor-container elementor-column-gap-default\">\n\t\t\t\t\t<div class=\"elementor-column elementor-col-100 elementor-top-column elementor-element elementor-element-ba40e42\" data-id=\"ba40e42\" data-element_type=\"column\" data-e-type=\"column\">\n\t\t\t<div class=\"elementor-widget-wrap elementor-element-populated\">\n\t\t\t\t\t\t<div class=\"elementor-element elementor-element-532a0d2 elementor-widget elementor-widget-heading\" data-id=\"532a0d2\" data-element_type=\"widget\" data-e-type=\"widget\" data-widget_type=\"heading.default\">\n\t\t\t\t<div class=\"elementor-widget-container\">\n\t\t\t\t\t<h2 class=\"elementor-heading-title elementor-size-default\">La goliarder\u00eda<\/h2>\t\t\t\t<\/div>\n\t\t\t\t<\/div>\n\t\t\t\t\t<\/div>\n\t\t<\/div>\n\t\t\t\t\t<\/div>\n\t\t<\/section>\n\t\t\t\t<section class=\"elementor-section elementor-top-section elementor-element elementor-element-eb1fe7d elementor-section-boxed elementor-section-height-default elementor-section-height-default\" data-id=\"eb1fe7d\" data-element_type=\"section\" data-e-type=\"section\">\n\t\t\t\t\t\t<div class=\"elementor-container elementor-column-gap-default\">\n\t\t\t\t\t<div class=\"elementor-column elementor-col-100 elementor-top-column elementor-element elementor-element-c384671\" data-id=\"c384671\" data-element_type=\"column\" data-e-type=\"column\">\n\t\t\t<div class=\"elementor-widget-wrap elementor-element-populated\">\n\t\t\t\t\t\t<div class=\"elementor-element elementor-element-ca32c31 elementor-widget elementor-widget-text-editor\" data-id=\"ca32c31\" data-element_type=\"widget\" data-e-type=\"widget\" data-widget_type=\"text-editor.default\">\n\t\t\t\t<div class=\"elementor-widget-container\">\n\t\t\t\t\t\t\t\t\t<p style=\"text-align: left;\"><b>\u00c1NGEL<\/b><strong> FACIO. Director y dramaturgo. Cabez\u00f3n de la sal.<\/strong><br \/><em>Presidente Fundaci\u00f3n Los Goliardos<br \/><\/em><strong>ALBERTO CORAZ\u00d3N.\u00a0 Dise\u00f1ador gr\u00e1fico. \u201cDe mel\u00f3n, mel\u00f3n, mel\u00f3n\u2026 coraz\u00f3n\u201d<\/strong><br \/><strong>LUIS GONZ\u00c1LEZ P\u00c1RAMO. Actor. El hombre de las tres Ges.<\/strong><br \/><strong>SERGIO DE FRUTOS. Actor. Reinona longeva del Barrio de las Letras.<\/strong><br \/><strong>JOS\u00c9 MANUEL GOROSPE. Gestor teatral. El supergal\u00e1n que nunca quiso serlo.<\/strong><br \/><strong>ANTONIO FRAGUAS, FORGES. Humorista gr\u00e1fico. Esborcioantig\u00fcrt\u00e9liko y firulillo.<br \/><\/strong><b>LUIS FRANCISCO L\u00d3PEZ ELIZONDO. Escen\u00f3grafo y dise\u00f1ador gr\u00e1fico.<br \/>MIGUEL AYALA. Figurinista.<\/b><br \/><strong>AGAPITO \u00c1LVAREZ. Maestro. Desatascador oficial de la <\/strong><em><strong>Compa\u00f1\u00eda\u2026<\/strong><br \/><\/em><strong>CRISTIAN CASARES. Actor. Un d\u00eda sali\u00f3 del armario.<\/strong><br \/><strong>SANTIAGO RAMOS. Actor. C\u00f3mico superlativo, jotero vocacional y <em>chauffeur<\/em> incipiente.<br \/><\/strong><b>LUIS PARRA. Escen\u00f3grafo. Honor nos obliga.<\/b><br \/><strong>JOS\u00c9 MAR\u00cdA LACOMA. Artesano. Y artificiero frustrado.<\/strong><br \/><strong>CONCHA GR\u00c9GORI. Actriz, sufrida madre y ag\u00fcela. No despachan menor cantidad de actriz.<\/strong><br \/><strong>MONTSE GUILLAM\u00d3N. Bibliotecaria. La gran desconocida de las chicas Almod\u00f3var.<\/strong><br \/><strong>GLORIA MU\u00d1OZ. Actriz. Quiz\u00e1 la m\u00e1s poderosa.<\/strong><br \/><strong>MARIO GAS. Actor y director. Sublime (como su propio nombre indica), \u00e1grafo y uruguayo.<\/strong><br \/><strong>MERCEDES GUILLAM\u00d3N. Gestora teatral. Eva Siwa, otra chica del mont\u00f3n.<\/strong><br \/><strong>FERM\u00cdN CABAL. Autor. El m\u00e1s cabal de todos los Fermines.<\/strong><br \/><strong>JES\u00daS CRACIO. Actor y director. Flaco, flaco por prescindir totalmente del pan.<\/strong><br \/><strong>\u00c1NGEL MART\u00cdNEZ. Profesor de Secundaria. \u00a0Tambi\u00e9n es mala pata, co\u00f1o.<\/strong><br \/><strong>CARLOS IGLESIAS. Actor y director de cine. \u00bf1 franco, cuarenta pesetas? \u00a1Optimista!<\/strong><br \/><strong>ZIWYLA PIETRZAK. Actriz. Baronesa austro-h\u00fangara en el exilio.<br \/><\/strong><span style=\"font-weight: bold;\">MANUEL \u00c1LVAREZ JUNCO.<\/span><span style=\"font-weight: var( --e-global-typography-text-font-weight );\">\u00a0<\/span><span style=\"font-weight: bold;\">Dise\u00f1ador gr\u00e1fico. Mucho m\u00e1s Junco que \u00c1lvarez.<br \/><\/span><em>Patrono\u00a0<\/em><em>Fundaci\u00f3n Los Goliardos<\/em><b><br \/><\/b><strong>BEGO\u00d1A DEL VALLE-ITURRIAGA. Figurinista. La chica de las caderas ardientes.<\/strong><br \/><em>Patrona Fundaci\u00f3n Los Goliardos<br \/><\/em><strong>NANCHO NOVO. Actor y autor. De nuevo nada, Venancio.<\/strong><br \/><em>Patrono Fundaci\u00f3n Los Goliardos<br \/><\/em><strong>PEDRO CASABLANC. Actor. Como la copa de un pino vari\u00f3lico.<br \/><\/strong><strong>CARLOS \u00c1LVAREZ NOVOA. Actor y profesor. Naci\u00f3 ya ancianito y con barba.<\/strong><br \/><strong>JAIME LLERINS. Iluminador. \u00a0Y especialista en demoliciones.<\/strong><br \/><em>Patrono Fundaci\u00f3n Los Goliardos<br \/><\/em><strong>ERNESTO RUIZ. Director t\u00e9cnico. Tarz\u00e1n de la Mancha manchega.<\/strong><br \/><em>Patrono Fundaci\u00f3n Los Goliardos<br \/><\/em><strong>LOLA MANZANO. Actriz. La Lolita matacuras.<\/strong><br \/><strong>SERGIO MAC\u00cdAS. Actor y director. El divino paciente.<\/strong><br \/><em>Patrono Fundaci\u00f3n Los Goliardos<br \/><\/em><strong>GLORIA VILLALBA. Actriz y directora financiera. Como una pera madura.<\/strong><br \/><em>Patrona Fundaci\u00f3n Los Goliardos<br \/><\/em><strong>ALFONSO DELGADO MUNDEN. Actor. Gerolo exacto para un blasfemador.<\/strong><br \/><em>Patrono Fundaci\u00f3n Los Goliardos<br \/><\/em><strong>ALFREDO ANGARITA. Actor y t\u00e9cnico de sonido. La prudencia en la flaquez.<\/strong><br \/><em>Patrono Fundaci\u00f3n Los Goliardos<\/em><strong><em><br \/><\/em><\/strong><strong>RAFA N\u00da\u00d1EZ. Actor. El supercanijo: geta de beb\u00e9 con bigote.<\/strong><br \/><em>Ex-patrono Fundaci\u00f3n Los Goliardos<br \/><\/em><strong>JUDITH FACIO. Cantante y gu\u00eda tur\u00edstica. Hij\u00e9rrima recuperada y sabelotodo.<\/strong><br \/><em>Ex-patrona Fundaci\u00f3n Los Goliardos<\/em><strong><em><br \/><\/em><\/strong><strong>AURA ROJAS<\/strong><strong><em>. <\/em>Gestora Cultural. La gran musa y Reina Mora del jefe.<\/strong><br \/><em>Secretaria Fundaci\u00f3n Los Goliardos.<\/em><br \/><strong>MIGUEL ZAPATA<em>. <\/em>Pintor&#8230; de puertas gloriosas.<\/strong><br \/><strong>F.M. POIKA<em>. <\/em>Actor. Don Juan dentro y fuera de escena.<\/strong><br \/><strong>TERESA PARDO<em>. <\/em>Actriz. Ayudante de direcci\u00f3n malhumorada.<\/strong><br \/><strong>PEDRO ARJONA<em>.\u00a0<\/em><\/strong><span style=\"font-weight: bold;\">Dise\u00f1ador gr\u00e1fico y pintor<\/span><strong>. Vestuarista de Wojtyla.<\/strong><br \/><strong>JORGE RUEDA. Fot\u00f3grafo. Eternamente malhumorado.\u00a0<\/strong><br \/><strong>FELIX ROTAETA. Actor, escritor y director de cine. \u00abZosimo, queda usted despedido\u00bb<\/strong><br \/><b>PEDRO ALMODOVAR.\u00a0 Director de Cine. Cogi\u00f3\u00a0el tren en la \u00faltima estaci\u00f3n.<\/b><br \/><b>ANA-MAR\u00edA DRACK. Cantautora y exconyuge cantama\u00f1anas&#8230;<br \/>COSME CORTAZ\u00c1R. Actor. El mejor c\u00f3mico que he tenido la honra de dirigir.<\/b><br \/><b>ROBERTO SALAZAR. Productor y ligaglorias.\u00a0<\/b><br \/><b>ZOF\u00cdA DE IN\u00c9S LEWCZUK. Escen\u00f3grafa. La gran polonesa de Chopin.<\/b><br \/><b>CELIA NADAL. Actriz. Mi mejor ayudante de direcci\u00f3n.<br \/><\/b><strong>MANOLO MILL\u00c1N. Actor. Esp\u00eda de la corona.<br \/>VICKY LAGOS. Actriz. Otra do\u00f1a\u00a0<\/strong><b>Br\u00edgida.<\/b><br \/><b>JOS\u00c9 CARIDE. Actor. Padre agraviado.<\/b><br \/><b>LUIS BROX. Fot\u00f3grafo. Riojano.<\/b><br \/><b>PAULA PAZ. Relaciones p\u00fablicas. Vendedora frustrada.\u00a0<\/b><br \/><b>PACO LAGARES. Escen\u00f3grafo. Medio granaino.<\/b><br \/><b>AMPARO VEGA. Actriz. La Madre Abadesa del jefe.<\/b><br \/><b>ENRIQUE CAZORLA. Actor. \u00bfLogr\u00f3 salir del armario?.<\/b><br \/><b>LUIS L\u00c1ZARO. Actor. Traidor, inconfeso y m\u00e1rtir.<\/b><br \/><b>ANTONIO HIRANZO. Actor. C\u00f3mico antiguo.<\/b><br \/><b>CESAREO EST\u00c9BANEZ. Actor. Una voz de Farmacia de Guardia.<\/b><br \/><b>PACO MEN\u00c9NDEZ. T\u00e9cnico. El granos.<\/b><br \/><b>CHUS BARBERO. Actriz. Guapa hasta hartarse.<br \/>MARIO VEDOYA. Actor. De profesi\u00f3n argentino.<br \/>CARLOS RIVAS. Actor. Camarero eminente.<br \/>COVADONGA CADENAS. Actriz. Nunca deber\u00eda haber aprobado.<br \/>MAITE BRIK. Actriz. Una voz de bajo profundo.<br \/>JULIO ALVAREZ. Jefe de producci\u00f3n. Traidor final.<br \/><\/b><span style=\"font-weight: bold;\">SILVIA GOBBI.<\/span><br style=\"font-weight: bold;\" \/><span style=\"font-weight: bold;\">ALVARO BELANDO.<\/span><br style=\"font-weight: bold;\" \/><span style=\"font-weight: bold;\">TERESA MORALES.<\/span><br style=\"font-weight: bold;\" \/><span style=\"font-weight: bold;\">JOS\u00c9 LUIS GAMBOA.<\/span><br style=\"font-weight: bold;\" \/><span style=\"font-weight: bold;\">PABLO RIVAS.<\/span><br style=\"font-weight: bold;\" \/><span style=\"font-weight: bold;\">LORETO BRIALES.<\/span><br style=\"font-weight: bold;\" \/><span style=\"font-weight: bold;\">CHICHO DIAZ.<\/span><b><br \/>MANUEL PEINADO.<br \/>PACO MALDONADO.<br \/><\/b><b>CHETE GUZM\u00c1N<\/b><br \/><b>TRIST\u00c1N ULLOA.<\/b><br \/><b>ADOLFO SIM\u00d3N.<\/b><br \/><b>GLORIA L\u00d3PEZ.<\/b><br \/><b>VENE HERRERO.<br \/>AMALIA S\u00c1NCHEZ.<br \/><\/b><b>JOS\u00c9 ANTONIO PEREGRINA.<br \/><\/b><b>JAVI ALONSO.<br \/>EMILIO MARCO.<br \/><\/b><b>FELIPE RAMOS.<br \/>CRISTINA MOIX.\u00a0<br \/>EMILIA YAG\u00dcE.<br \/>EDUARDO ROMERO.<br \/>OMAR AGUILERA.<br \/>MANOLO G\u00d3MEZ, <\/b><em>Kaki.<br \/><\/em><strong>M\u00d3NICA DEL PALACIO<br \/>NAYA GONZ\u00c1LEZ.<br \/><\/strong><b>PEDRO CASABLANC.<\/b><br \/><b>JAVIER ROM\u00c1N.<\/b><br \/><b>LUIS RODR\u00cdGUEZ.<\/b><br \/><b>MARISOL COBOS.<\/b><br \/><b>ROSA PE\u00d1A.<\/b><br \/><b>MARISOL ROLANDI.<\/b><br \/><b>EDUARDO S\u00c1NCHEZ BLANCO.<\/b><br \/><b>CAROLINA CUBR\u00cdA.<\/b><br \/><b>\u00c1NGEL S\u00c1NCHEZ RU\u00cdZ.<br \/>MONICA GUFFANTI.<br \/>MAR\u00cdA ELENA DIARDE.<br \/>DAIDEE VELOZ.<br \/>RENATA MEZENOV.<br \/>EDUARDO BAZO.<br \/>RODRIGO GARC\u00cdA.<br \/>IVAN TENORIO.<br \/>BEVERLY CLARKE.<br \/>MIRTA GUTIERREZ.<br \/>ESPERANZA NAVARRO.<br \/>ALFREDO CRESPO.<br \/>DEMETRIO ENRIQUE.<br \/>PILAR CANO.<br \/>MANOLO COLLADO.<br \/>PILAR TEIJEIRO.<\/b><\/p>\t\t\t\t\t\t\t\t<\/div>\n\t\t\t\t<\/div>\n\t\t\t\t\t<\/div>\n\t\t<\/div>\n\t\t\t\t\t<\/div>\n\t\t<\/section>\n\t\t\t\t<section class=\"elementor-section elementor-top-section elementor-element elementor-element-d25e8cd elementor-section-boxed elementor-section-height-default elementor-section-height-default\" data-id=\"d25e8cd\" data-element_type=\"section\" data-e-type=\"section\">\n\t\t\t\t\t\t<div class=\"elementor-container elementor-column-gap-default\">\n\t\t\t\t\t<div class=\"elementor-column elementor-col-100 elementor-top-column elementor-element elementor-element-bd2d398\" data-id=\"bd2d398\" data-element_type=\"column\" data-e-type=\"column\">\n\t\t\t<div class=\"elementor-widget-wrap elementor-element-populated\">\n\t\t\t\t\t\t<div class=\"elementor-element elementor-element-8d29ca0 elementor-align-right elementor-widget elementor-widget-button\" data-id=\"8d29ca0\" data-element_type=\"widget\" data-e-type=\"widget\" data-widget_type=\"button.default\">\n\t\t\t\t<div class=\"elementor-widget-container\">\n\t\t\t\t\t\t\t\t\t<div class=\"elementor-button-wrapper\">\n\t\t\t\t\t<a class=\"elementor-button elementor-button-link elementor-size-xs\" href=\"https:\/\/angelfacio.com\/index.php\/fundacion\/\">\n\t\t\t\t\t\t<span class=\"elementor-button-content-wrapper\">\n\t\t\t\t\t\t<span class=\"elementor-button-icon\">\n\t\t\t\t<i aria-hidden=\"true\" class=\"fas fa-reply\"><\/i>\t\t\t<\/span>\n\t\t\t\t\t\t\t\t\t<span class=\"elementor-button-text\">Volver<\/span>\n\t\t\t\t\t<\/span>\n\t\t\t\t\t<\/a>\n\t\t\t\t<\/div>\n\t\t\t\t\t\t\t\t<\/div>\n\t\t\t\t<\/div>\n\t\t\t\t<div class=\"elementor-element elementor-element-fd43ad2 elementor-widget elementor-widget-spacer\" data-id=\"fd43ad2\" data-element_type=\"widget\" data-e-type=\"widget\" data-widget_type=\"spacer.default\">\n\t\t\t\t<div class=\"elementor-widget-container\">\n\t\t\t\t\t\t\t<div class=\"elementor-spacer\">\n\t\t\t<div class=\"elementor-spacer-inner\"><\/div>\n\t\t<\/div>\n\t\t\t\t\t\t<\/div>\n\t\t\t\t<\/div>\n\t\t\t\t\t<\/div>\n\t\t<\/div>\n\t\t\t\t\t<\/div>\n\t\t<\/section>\n\t\t\t\t<\/div>\n\t\t","protected":false},"excerpt":{"rendered":"<p>La goliarder\u00eda \u00c1NGEL FACIO. Director y dramaturgo. Cabez\u00f3n de la sal.Presidente Fundaci\u00f3n Los GoliardosALBERTO CORAZ\u00d3N.\u00a0 Dise\u00f1ador gr\u00e1fico. \u201cDe mel\u00f3n, mel\u00f3n, mel\u00f3n\u2026 coraz\u00f3n\u201dLUIS GONZ\u00c1LEZ P\u00c1RAMO. Actor. El hombre de las tres Ges.SERGIO DE FRUTOS. Actor. Reinona longeva del Barrio de las Letras.JOS\u00c9 MANUEL GOROSPE. Gestor teatral. El supergal\u00e1n que nunca quiso serlo.ANTONIO FRAGUAS, FORGES. Humorista gr\u00e1fico. [&hellip;]<\/p>\n","protected":false},"author":1,"featured_media":0,"parent":0,"menu_order":0,"comment_status":"closed","ping_status":"closed","template":"elementor_canvas","meta":{"footnotes":""},"class_list":["post-5526","page","type-page","status-publish","hentry"],"yoast_head":"<!-- This site is optimized with the Yoast SEO plugin v25.6 - https:\/\/yoast.com\/wordpress\/plugins\/seo\/ -->\n<title>La goliarder\u00eda - \u00c1ngel Facio<\/title>\n<meta name=\"robots\" content=\"index, follow, max-snippet:-1, max-image-preview:large, max-video-preview:-1\" \/>\n<link rel=\"canonical\" href=\"https:\/\/angelfacio.com\/index.php\/la-goliarderia\/\" \/>\n<meta property=\"og:locale\" content=\"es_ES\" \/>\n<meta property=\"og:type\" content=\"article\" \/>\n<meta property=\"og:title\" content=\"La goliarder\u00eda - \u00c1ngel Facio\" \/>\n<meta property=\"og:description\" content=\"La goliarder\u00eda \u00c1NGEL FACIO. Director y dramaturgo. Cabez\u00f3n de la sal.Presidente Fundaci\u00f3n Los GoliardosALBERTO CORAZ\u00d3N.\u00a0 Dise\u00f1ador gr\u00e1fico. \u201cDe mel\u00f3n, mel\u00f3n, mel\u00f3n\u2026 coraz\u00f3n\u201dLUIS GONZ\u00c1LEZ P\u00c1RAMO. Actor. El hombre de las tres Ges.SERGIO DE FRUTOS. Actor. Reinona longeva del Barrio de las Letras.JOS\u00c9 MANUEL GOROSPE. Gestor teatral. El supergal\u00e1n que nunca quiso serlo.ANTONIO FRAGUAS, FORGES. Humorista gr\u00e1fico. [&hellip;]\" \/>\n<meta property=\"og:url\" content=\"https:\/\/angelfacio.com\/index.php\/la-goliarderia\/\" \/>\n<meta property=\"og:site_name\" content=\"\u00c1ngel Facio\" \/>\n<meta property=\"article:modified_time\" content=\"2020-11-18T01:44:02+00:00\" \/>\n<meta name=\"twitter:card\" content=\"summary_large_image\" \/>\n<meta name=\"twitter:label1\" content=\"Tiempo de lectura\" \/>\n\t<meta name=\"twitter:data1\" content=\"4 minutos\" \/>\n<script type=\"application\/ld+json\" class=\"yoast-schema-graph\">{\"@context\":\"https:\/\/schema.org\",\"@graph\":[{\"@type\":\"WebPage\",\"@id\":\"https:\/\/angelfacio.com\/index.php\/la-goliarderia\/\",\"url\":\"https:\/\/angelfacio.com\/index.php\/la-goliarderia\/\",\"name\":\"La goliarder\u00eda - \u00c1ngel Facio\",\"isPartOf\":{\"@id\":\"https:\/\/angelfacio.com\/#website\"},\"datePublished\":\"2020-11-17T01:31:17+00:00\",\"dateModified\":\"2020-11-18T01:44:02+00:00\",\"breadcrumb\":{\"@id\":\"https:\/\/angelfacio.com\/index.php\/la-goliarderia\/#breadcrumb\"},\"inLanguage\":\"es\",\"potentialAction\":[{\"@type\":\"ReadAction\",\"target\":[\"https:\/\/angelfacio.com\/index.php\/la-goliarderia\/\"]}]},{\"@type\":\"BreadcrumbList\",\"@id\":\"https:\/\/angelfacio.com\/index.php\/la-goliarderia\/#breadcrumb\",\"itemListElement\":[{\"@type\":\"ListItem\",\"position\":1,\"name\":\"Portada\",\"item\":\"https:\/\/angelfacio.com\/\"},{\"@type\":\"ListItem\",\"position\":2,\"name\":\"La goliarder\u00eda\"}]},{\"@type\":\"WebSite\",\"@id\":\"https:\/\/angelfacio.com\/#website\",\"url\":\"https:\/\/angelfacio.com\/\",\"name\":\"\u00c1ngel Facio\",\"description\":\"Dramaturgo y Director Esc\u00e9nico\",\"potentialAction\":[{\"@type\":\"SearchAction\",\"target\":{\"@type\":\"EntryPoint\",\"urlTemplate\":\"https:\/\/angelfacio.com\/?s={search_term_string}\"},\"query-input\":{\"@type\":\"PropertyValueSpecification\",\"valueRequired\":true,\"valueName\":\"search_term_string\"}}],\"inLanguage\":\"es\"}]}<\/script>\n<!-- \/ Yoast SEO plugin. -->","yoast_head_json":{"title":"La goliarder\u00eda - \u00c1ngel Facio","robots":{"index":"index","follow":"follow","max-snippet":"max-snippet:-1","max-image-preview":"max-image-preview:large","max-video-preview":"max-video-preview:-1"},"canonical":"https:\/\/angelfacio.com\/index.php\/la-goliarderia\/","og_locale":"es_ES","og_type":"article","og_title":"La goliarder\u00eda - \u00c1ngel Facio","og_description":"La goliarder\u00eda \u00c1NGEL FACIO. Director y dramaturgo. Cabez\u00f3n de la sal.Presidente Fundaci\u00f3n Los GoliardosALBERTO CORAZ\u00d3N.\u00a0 Dise\u00f1ador gr\u00e1fico. \u201cDe mel\u00f3n, mel\u00f3n, mel\u00f3n\u2026 coraz\u00f3n\u201dLUIS GONZ\u00c1LEZ P\u00c1RAMO. Actor. El hombre de las tres Ges.SERGIO DE FRUTOS. Actor. Reinona longeva del Barrio de las Letras.JOS\u00c9 MANUEL GOROSPE. Gestor teatral. El supergal\u00e1n que nunca quiso serlo.ANTONIO FRAGUAS, FORGES. Humorista gr\u00e1fico. [&hellip;]","og_url":"https:\/\/angelfacio.com\/index.php\/la-goliarderia\/","og_site_name":"\u00c1ngel Facio","article_modified_time":"2020-11-18T01:44:02+00:00","twitter_card":"summary_large_image","twitter_misc":{"Tiempo de lectura":"4 minutos"},"schema":{"@context":"https:\/\/schema.org","@graph":[{"@type":"WebPage","@id":"https:\/\/angelfacio.com\/index.php\/la-goliarderia\/","url":"https:\/\/angelfacio.com\/index.php\/la-goliarderia\/","name":"La goliarder\u00eda - \u00c1ngel Facio","isPartOf":{"@id":"https:\/\/angelfacio.com\/#website"},"datePublished":"2020-11-17T01:31:17+00:00","dateModified":"2020-11-18T01:44:02+00:00","breadcrumb":{"@id":"https:\/\/angelfacio.com\/index.php\/la-goliarderia\/#breadcrumb"},"inLanguage":"es","potentialAction":[{"@type":"ReadAction","target":["https:\/\/angelfacio.com\/index.php\/la-goliarderia\/"]}]},{"@type":"BreadcrumbList","@id":"https:\/\/angelfacio.com\/index.php\/la-goliarderia\/#breadcrumb","itemListElement":[{"@type":"ListItem","position":1,"name":"Portada","item":"https:\/\/angelfacio.com\/"},{"@type":"ListItem","position":2,"name":"La goliarder\u00eda"}]},{"@type":"WebSite","@id":"https:\/\/angelfacio.com\/#website","url":"https:\/\/angelfacio.com\/","name":"\u00c1ngel Facio","description":"Dramaturgo y Director Esc\u00e9nico","potentialAction":[{"@type":"SearchAction","target":{"@type":"EntryPoint","urlTemplate":"https:\/\/angelfacio.com\/?s={search_term_string}"},"query-input":{"@type":"PropertyValueSpecification","valueRequired":true,"valueName":"search_term_string"}}],"inLanguage":"es"}]}},"_links":{"self":[{"href":"https:\/\/angelfacio.com\/index.php\/wp-json\/wp\/v2\/pages\/5526"}],"collection":[{"href":"https:\/\/angelfacio.com\/index.php\/wp-json\/wp\/v2\/pages"}],"about":[{"href":"https:\/\/angelfacio.com\/index.php\/wp-json\/wp\/v2\/types\/page"}],"author":[{"embeddable":true,"href":"https:\/\/angelfacio.com\/index.php\/wp-json\/wp\/v2\/users\/1"}],"replies":[{"embeddable":true,"href":"https:\/\/angelfacio.com\/index.php\/wp-json\/wp\/v2\/comments?post=5526"}],"version-history":[{"count":239,"href":"https:\/\/angelfacio.com\/index.php\/wp-json\/wp\/v2\/pages\/5526\/revisions"}],"predecessor-version":[{"id":7353,"href":"https:\/\/angelfacio.com\/index.php\/wp-json\/wp\/v2\/pages\/5526\/revisions\/7353"}],"wp:attachment":[{"href":"https:\/\/angelfacio.com\/index.php\/wp-json\/wp\/v2\/media?parent=5526"}],"curies":[{"name":"wp","href":"https:\/\/api.w.org\/{rel}","templated":true}]}}