{"id":6186,"date":"2020-11-24T00:38:32","date_gmt":"2020-11-23T23:38:32","guid":{"rendered":"https:\/\/angelfacio.com\/?page_id=6186"},"modified":"2020-11-24T00:40:50","modified_gmt":"2020-11-23T23:40:50","slug":"desde-la-academia","status":"publish","type":"page","link":"https:\/\/angelfacio.com\/index.php\/desde-la-academia\/","title":{"rendered":"Desde la academia"},"content":{"rendered":"\t\t<div data-elementor-type=\"wp-page\" data-elementor-id=\"6186\" class=\"elementor elementor-6186\">\n\t\t\t\t\t\t<section class=\"elementor-section elementor-top-section elementor-element elementor-element-f49e128 elementor-section-boxed elementor-section-height-default elementor-section-height-default\" data-id=\"f49e128\" data-element_type=\"section\" data-e-type=\"section\">\n\t\t\t\t\t\t<div class=\"elementor-container elementor-column-gap-default\">\n\t\t\t\t\t<div class=\"elementor-column elementor-col-100 elementor-top-column elementor-element elementor-element-332d243\" data-id=\"332d243\" data-element_type=\"column\" data-e-type=\"column\">\n\t\t\t<div class=\"elementor-widget-wrap elementor-element-populated\">\n\t\t\t\t\t\t<div class=\"elementor-element elementor-element-1a5e71b elementor-widget elementor-widget-heading\" data-id=\"1a5e71b\" data-element_type=\"widget\" data-e-type=\"widget\" data-widget_type=\"heading.default\">\n\t\t\t\t<div class=\"elementor-widget-container\">\n\t\t\t\t\t<h2 class=\"elementor-heading-title elementor-size-default\">Desde la academia<\/h2>\t\t\t\t<\/div>\n\t\t\t\t<\/div>\n\t\t\t\t\t<\/div>\n\t\t<\/div>\n\t\t\t\t\t<\/div>\n\t\t<\/section>\n\t\t\t\t<section class=\"elementor-section elementor-top-section elementor-element elementor-element-09cd696 elementor-section-boxed elementor-section-height-default elementor-section-height-default\" data-id=\"09cd696\" data-element_type=\"section\" data-e-type=\"section\">\n\t\t\t\t\t\t<div class=\"elementor-container elementor-column-gap-default\">\n\t\t\t\t\t<div class=\"elementor-column elementor-col-100 elementor-top-column elementor-element elementor-element-33e9cd3\" data-id=\"33e9cd3\" data-element_type=\"column\" data-e-type=\"column\">\n\t\t\t<div class=\"elementor-widget-wrap elementor-element-populated\">\n\t\t\t\t\t\t<div class=\"elementor-element elementor-element-e63b552 elementor-widget elementor-widget-text-editor\" data-id=\"e63b552\" data-element_type=\"widget\" data-e-type=\"widget\" data-widget_type=\"text-editor.default\">\n\t\t\t\t<div class=\"elementor-widget-container\">\n\t\t\t\t\t\t\t\t\t<ul><li style=\"list-style-type: none;\"><ul><li><a href=\"https:\/\/elpais.com\/diario\/1976\/09\/18\/cultura\/211845604_850215.html\" target=\"_blank\" rel=\"noopener\"><span style=\"text-decoration: underline;\"><em><strong>\u00abLa clave del montaje es aplicar Reich al texto de Federico\u00bb<\/strong><\/em><\/span><\/a>, El Pa\u00eds, 1976<\/li><li><em><a href=\"https:\/\/elpais.com\/diario\/1984\/10\/23\/ultima\/467334003_850215.html\" target=\"_blank\" rel=\"noopener\"><span style=\"text-decoration: underline;\"><strong>\u00c1ngel<\/strong><strong> Facio<\/strong><\/span><\/a><\/em>, Anunciata Bremon. El pa\u00eds. 1984<\/li><li><a href=\"https:\/\/www.lainformacion.com\/arte-cultura-y-espectaculos\/la-mitica-compania-de-teatro-independiente-los-goliardos-cumple-50-anos_kPSMoZ8NEAk87jPgcgXCT1\/\" target=\"_blank\" rel=\"noopener\"><em><strong><span style=\"text-decoration: underline;\">La m\u00edtica compa\u00f1\u00eda de teatro independiente \u00abLos goliardos\u00bb cumple 50 a\u00f1os<\/span><\/strong><\/em><\/a>. La Informaci\u00f3n. 2013<span style=\"text-decoration: underline;\"><em><br \/><\/em><\/span><\/li><li><a style=\"color: #000000; outline: 0px;\" href=\"http:\/\/www.madridteatro.eu\/teatr\/informacion\/informacion090.htm\" target=\"_blank\" rel=\"noopener\"><span style=\"text-decoration-line: underline;\"><em><span style=\"font-weight: bold;\">Romance de lobos<\/span><\/em><\/span><em>.<\/em>Valle-Incl\u00e1n<\/a><\/li><li><span style=\"text-decoration: underline;\"><em><strong><a href=\"https:\/\/www.abc.es\/cultura\/teatros\/abci-papa-noel-mierda-espiritu-navideno-diferente-201512231433_noticia.html\" target=\"_blank\" rel=\"noopener\">\u00abPap\u00e1 Noel es una mierda\u00bb: un esp\u00edritu navide\u00f1o diferente<\/a><\/strong><\/em><\/span>. Julio Bravo. ABC Cultura. 2015<\/li><li><a href=\"https:\/\/www.noticiasvigo.es\/la-clasica-compania-de-teatro-los-goliardos-estrena-en-vigo-el-buscon-en-coproduccion-con-butacazero\/\" target=\"_blank\" rel=\"noopener\"><span style=\"text-decoration: underline;\"><em><strong>La cl\u00e1sica compa\u00f1\u00eda de teatro Los Goliardos estrena en Vigo \u201cEl Busc\u00f3n\u201d en coproducci\u00f3n con ButacaZero<\/strong><\/em><\/span><\/a><span style=\"text-decoration: underline;\"><em><strong>.<\/strong><\/em><\/span> 2015<\/li><\/ul><\/li><\/ul>\t\t\t\t\t\t\t\t<\/div>\n\t\t\t\t<\/div>\n\t\t\t\t<div class=\"elementor-element elementor-element-cb501cd elementor-widget elementor-widget-spacer\" data-id=\"cb501cd\" data-element_type=\"widget\" data-e-type=\"widget\" data-widget_type=\"spacer.default\">\n\t\t\t\t<div class=\"elementor-widget-container\">\n\t\t\t\t\t\t\t<div class=\"elementor-spacer\">\n\t\t\t<div class=\"elementor-spacer-inner\"><\/div>\n\t\t<\/div>\n\t\t\t\t\t\t<\/div>\n\t\t\t\t<\/div>\n\t\t\t\t\t<\/div>\n\t\t<\/div>\n\t\t\t\t\t<\/div>\n\t\t<\/section>\n\t\t\t\t<\/div>\n\t\t","protected":false},"excerpt":{"rendered":"<p>Desde la academia \u00abLa clave del montaje es aplicar Reich al texto de Federico\u00bb, El Pa\u00eds, 1976 \u00c1ngel Facio, Anunciata Bremon. El pa\u00eds. 1984 La m\u00edtica compa\u00f1\u00eda de teatro independiente \u00abLos goliardos\u00bb cumple 50 a\u00f1os. La Informaci\u00f3n. 2013 Romance de lobos.Valle-Incl\u00e1n \u00abPap\u00e1 Noel es una mierda\u00bb: un esp\u00edritu navide\u00f1o diferente. Julio Bravo. ABC Cultura. 2015 [&hellip;]<\/p>\n","protected":false},"author":1,"featured_media":0,"parent":0,"menu_order":0,"comment_status":"closed","ping_status":"closed","template":"elementor_canvas","meta":{"footnotes":""},"class_list":["post-6186","page","type-page","status-publish","hentry"],"yoast_head":"<!-- This site is optimized with the Yoast SEO plugin v25.6 - https:\/\/yoast.com\/wordpress\/plugins\/seo\/ -->\n<title>Desde la academia - \u00c1ngel Facio<\/title>\n<meta name=\"robots\" content=\"index, follow, max-snippet:-1, max-image-preview:large, max-video-preview:-1\" \/>\n<link rel=\"canonical\" href=\"https:\/\/angelfacio.com\/index.php\/desde-la-academia\/\" \/>\n<meta property=\"og:locale\" content=\"es_ES\" \/>\n<meta property=\"og:type\" content=\"article\" \/>\n<meta property=\"og:title\" content=\"Desde la academia - \u00c1ngel Facio\" \/>\n<meta property=\"og:description\" content=\"Desde la academia \u00abLa clave del montaje es aplicar Reich al texto de Federico\u00bb, El Pa\u00eds, 1976 \u00c1ngel Facio, Anunciata Bremon. El pa\u00eds. 1984 La m\u00edtica compa\u00f1\u00eda de teatro independiente \u00abLos goliardos\u00bb cumple 50 a\u00f1os. La Informaci\u00f3n. 2013 Romance de lobos.Valle-Incl\u00e1n \u00abPap\u00e1 Noel es una mierda\u00bb: un esp\u00edritu navide\u00f1o diferente. Julio Bravo. ABC Cultura. 2015 [&hellip;]\" \/>\n<meta property=\"og:url\" content=\"https:\/\/angelfacio.com\/index.php\/desde-la-academia\/\" \/>\n<meta property=\"og:site_name\" content=\"\u00c1ngel Facio\" \/>\n<meta property=\"article:modified_time\" content=\"2020-11-23T23:40:50+00:00\" \/>\n<meta name=\"twitter:card\" content=\"summary_large_image\" \/>\n<script type=\"application\/ld+json\" class=\"yoast-schema-graph\">{\"@context\":\"https:\/\/schema.org\",\"@graph\":[{\"@type\":\"WebPage\",\"@id\":\"https:\/\/angelfacio.com\/index.php\/desde-la-academia\/\",\"url\":\"https:\/\/angelfacio.com\/index.php\/desde-la-academia\/\",\"name\":\"Desde la academia - \u00c1ngel Facio\",\"isPartOf\":{\"@id\":\"https:\/\/angelfacio.com\/#website\"},\"datePublished\":\"2020-11-23T23:38:32+00:00\",\"dateModified\":\"2020-11-23T23:40:50+00:00\",\"breadcrumb\":{\"@id\":\"https:\/\/angelfacio.com\/index.php\/desde-la-academia\/#breadcrumb\"},\"inLanguage\":\"es\",\"potentialAction\":[{\"@type\":\"ReadAction\",\"target\":[\"https:\/\/angelfacio.com\/index.php\/desde-la-academia\/\"]}]},{\"@type\":\"BreadcrumbList\",\"@id\":\"https:\/\/angelfacio.com\/index.php\/desde-la-academia\/#breadcrumb\",\"itemListElement\":[{\"@type\":\"ListItem\",\"position\":1,\"name\":\"Portada\",\"item\":\"https:\/\/angelfacio.com\/\"},{\"@type\":\"ListItem\",\"position\":2,\"name\":\"Desde la academia\"}]},{\"@type\":\"WebSite\",\"@id\":\"https:\/\/angelfacio.com\/#website\",\"url\":\"https:\/\/angelfacio.com\/\",\"name\":\"\u00c1ngel Facio\",\"description\":\"Dramaturgo y Director Esc\u00e9nico\",\"potentialAction\":[{\"@type\":\"SearchAction\",\"target\":{\"@type\":\"EntryPoint\",\"urlTemplate\":\"https:\/\/angelfacio.com\/?s={search_term_string}\"},\"query-input\":{\"@type\":\"PropertyValueSpecification\",\"valueRequired\":true,\"valueName\":\"search_term_string\"}}],\"inLanguage\":\"es\"}]}<\/script>\n<!-- \/ Yoast SEO plugin. -->","yoast_head_json":{"title":"Desde la academia - \u00c1ngel Facio","robots":{"index":"index","follow":"follow","max-snippet":"max-snippet:-1","max-image-preview":"max-image-preview:large","max-video-preview":"max-video-preview:-1"},"canonical":"https:\/\/angelfacio.com\/index.php\/desde-la-academia\/","og_locale":"es_ES","og_type":"article","og_title":"Desde la academia - \u00c1ngel Facio","og_description":"Desde la academia \u00abLa clave del montaje es aplicar Reich al texto de Federico\u00bb, El Pa\u00eds, 1976 \u00c1ngel Facio, Anunciata Bremon. El pa\u00eds. 1984 La m\u00edtica compa\u00f1\u00eda de teatro independiente \u00abLos goliardos\u00bb cumple 50 a\u00f1os. La Informaci\u00f3n. 2013 Romance de lobos.Valle-Incl\u00e1n \u00abPap\u00e1 Noel es una mierda\u00bb: un esp\u00edritu navide\u00f1o diferente. Julio Bravo. ABC Cultura. 2015 [&hellip;]","og_url":"https:\/\/angelfacio.com\/index.php\/desde-la-academia\/","og_site_name":"\u00c1ngel Facio","article_modified_time":"2020-11-23T23:40:50+00:00","twitter_card":"summary_large_image","schema":{"@context":"https:\/\/schema.org","@graph":[{"@type":"WebPage","@id":"https:\/\/angelfacio.com\/index.php\/desde-la-academia\/","url":"https:\/\/angelfacio.com\/index.php\/desde-la-academia\/","name":"Desde la academia - \u00c1ngel Facio","isPartOf":{"@id":"https:\/\/angelfacio.com\/#website"},"datePublished":"2020-11-23T23:38:32+00:00","dateModified":"2020-11-23T23:40:50+00:00","breadcrumb":{"@id":"https:\/\/angelfacio.com\/index.php\/desde-la-academia\/#breadcrumb"},"inLanguage":"es","potentialAction":[{"@type":"ReadAction","target":["https:\/\/angelfacio.com\/index.php\/desde-la-academia\/"]}]},{"@type":"BreadcrumbList","@id":"https:\/\/angelfacio.com\/index.php\/desde-la-academia\/#breadcrumb","itemListElement":[{"@type":"ListItem","position":1,"name":"Portada","item":"https:\/\/angelfacio.com\/"},{"@type":"ListItem","position":2,"name":"Desde la academia"}]},{"@type":"WebSite","@id":"https:\/\/angelfacio.com\/#website","url":"https:\/\/angelfacio.com\/","name":"\u00c1ngel Facio","description":"Dramaturgo y Director Esc\u00e9nico","potentialAction":[{"@type":"SearchAction","target":{"@type":"EntryPoint","urlTemplate":"https:\/\/angelfacio.com\/?s={search_term_string}"},"query-input":{"@type":"PropertyValueSpecification","valueRequired":true,"valueName":"search_term_string"}}],"inLanguage":"es"}]}},"_links":{"self":[{"href":"https:\/\/angelfacio.com\/index.php\/wp-json\/wp\/v2\/pages\/6186"}],"collection":[{"href":"https:\/\/angelfacio.com\/index.php\/wp-json\/wp\/v2\/pages"}],"about":[{"href":"https:\/\/angelfacio.com\/index.php\/wp-json\/wp\/v2\/types\/page"}],"author":[{"embeddable":true,"href":"https:\/\/angelfacio.com\/index.php\/wp-json\/wp\/v2\/users\/1"}],"replies":[{"embeddable":true,"href":"https:\/\/angelfacio.com\/index.php\/wp-json\/wp\/v2\/comments?post=6186"}],"version-history":[{"count":4,"href":"https:\/\/angelfacio.com\/index.php\/wp-json\/wp\/v2\/pages\/6186\/revisions"}],"predecessor-version":[{"id":6191,"href":"https:\/\/angelfacio.com\/index.php\/wp-json\/wp\/v2\/pages\/6186\/revisions\/6191"}],"wp:attachment":[{"href":"https:\/\/angelfacio.com\/index.php\/wp-json\/wp\/v2\/media?parent=6186"}],"curies":[{"name":"wp","href":"https:\/\/api.w.org\/{rel}","templated":true}]}}